

{"id":1118,"date":"2020-11-04T04:09:43","date_gmt":"2020-11-04T04:09:43","guid":{"rendered":"https:\/\/megawin.be\/?page_id=1118"},"modified":"2020-11-05T05:51:03","modified_gmt":"2020-11-05T05:51:03","slug":"module-liaison-bancaire","status":"publish","type":"page","link":"https:\/\/megawin.be\/nl\/module-liaison-bancaire\/","title":{"rendered":"Module de Liaison bancaire"},"content":{"rendered":"<p>[vc_row][vc_column][vc_column_text]<\/p>\n<h1>Module voor koppeling met de bank<\/h1>\n<p>[\/vc_column_text][\/vc_column][\/vc_row][vc_row][vc_column][vc_column_text]<strong>Si vous achetez ce module, alors vous aurez 2 nouvelles options:<\/strong><\/p>\n<ol>\n<li>Cr\u00e9er des virements bancaires dans Megawin<\/li>\n<li>Cr\u00e9er un lien entre MEGA-WIN et le compte bancaire de votre soci\u00e9t\u00e9, afin d\u2019importer dans MEGA-WIN les op\u00e9rations bancaires.<\/li>\n<\/ol>\n<p>[\/vc_column_text][\/vc_column][\/vc_row][vc_row][vc_column width=\u00a0\u00bb1\/2&Prime;][vc_column_text]<strong>Cr\u00e9er des virements bancaires dans Megawin en s\u00e9lectionnant<\/strong><br \/>\ndes factures \u00e0 payer \u00e0 vos fournisseurs: cochez les factures \u00e0 payer<br \/>\net modifier les montants \u00e0 payer et date d&rsquo;\u00e9xecution \u00e9ventuellement.<br \/>\nil faut d&rsquo;abord introduire le compte IBAN dans la fiche du fournisseur.<\/p>\n<p>Ensuite vous pourrez exporter les virements s\u00e9lectionn\u00e9s dans Megawin<br \/>\nen passant par votre compte ISABEL ou par MyPonto.com (qui appartient \u00e0 Isabel).<\/p>\n<p>Derni\u00e8re \u00e9tape: ouvrir le site pour importer le fichier de virements cr\u00e9\u00e9s<br \/>\net la valider avec votre lecteur de carte bancaire. Le grand avantage de ce module:<br \/>\nvous ne devrez plus saisir des virements manuellement sur votre PC Banking ![\/vc_column_text][\/vc_column][vc_column width=\u00a0\u00bb1\/2&Prime;][vc_single_image image=\u00a0\u00bb1124&Prime; img_size=\u00a0\u00bbfull\u00a0\u00bb alignment=\u00a0\u00bbcenter\u00a0\u00bb][\/vc_column][\/vc_row][vc_row css=\u00a0\u00bb.vc_custom_1604555357883{margin-top: 40px !important;}\u00a0\u00bb][vc_column width=\u00a0\u00bb1\/2&Prime;][vc_single_image image=\u00a0\u00bb1126&Prime; img_size=\u00a0\u00bbfull\u00a0\u00bb alignment=\u00a0\u00bbcenter\u00a0\u00bb css=\u00a0\u00bb.vc_custom_1604555298485{margin-top: 0px !important;}\u00a0\u00bb][\/vc_column][vc_column width=\u00a0\u00bb1\/2&Prime;][vc_column_text]<strong>Vous pourrez cr\u00e9er un lien entre MEGA-WIN et le compte bancaire de votre soci\u00e9t\u00e9,<br \/>\nafin d\u2019importer dans MEGA-WIN les op\u00e9rations bancaires.<\/strong><br \/>\nCeci est une option que beaucoup d&rsquo;utilisateurs de MEGA-WIN nous ont demand\u00e9e !!<\/p>\n<p>En 2 cliques, Les virements bancaires entrant sur votre compte seront affich\u00e9s<br \/>\n(des cr\u00e9dits uniquement) dans une nouvelle fen\u00eatre, accessible via le menu :<br \/>\n\u00ab\u00a0Comptes\u00a0\u00bb et \u00ab\u00a0Liaison bancaire\u00a0\u00bb. Le bouton \u00ab rechercher les factures correspondantes \u00bb<br \/>\n\u00e9tablira automatiquement le lien entre le virement re\u00e7u et la facture de ventes<br \/>\ngr\u00e2ce \u00e0 la communication structur\u00e9e ou la communication au format libre.<\/p>\n<p>Exemple: +++000\/0201\/23497+++ ou Facture No 20\/1234.<\/p>\n<p>Il est possible d\u2019imprimer une communication structur\u00e9e \u00e0 partir d&rsquo;aujourd&rsquo;hui<br \/>\nen bas de chaque facture \u00e9tablie \u00e0 des clients en Belgique.[\/vc_column_text][\/vc_column][\/vc_row][vc_row][vc_column][vc_column_text]Pour \u00e9tablir cette liaison, nous travaillons avec notre fournisseur de services bancaires MyPONTO qui est agr\u00e9e par la plupart des banques belges.<br \/>\nVous devez d\u2019abord cr\u00e9er un compte sur www.myponto.com qui vous communiquera les logins et mot de passe \u00e0 introduire vous-m\u00eames dans les param\u00e8tres de Mega-win,<br \/>\nen toute confidentialit\u00e9.<\/p>\n<p class=\"MsoNormal\" style=\"margin: 0cm; font-size: 11pt; font-family: Calibri, sans-serif; color: #000000; font-style: normal; font-variant-ligatures: normal; font-variant-caps: normal; font-weight: 400; letter-spacing: normal; orphans: 2; text-align: start; text-indent: 0px; text-transform: none; white-space: normal; widows: 2; word-spacing: 0px; -webkit-text-stroke-width: 0px; background-color: #ffffff; text-decoration-style: initial; text-decoration-color: initial;\"><strong><span style=\"font-family: Arial, sans-serif;\">Notre liaison bancaire vous fera gagner beaucoup de temps.<\/span><\/strong><\/p>\n<p class=\"MsoNormal\" style=\"margin: 0cm; font-size: 11pt; font-family: Calibri, sans-serif; color: #000000; font-style: normal; font-variant-ligatures: normal; font-variant-caps: normal; font-weight: 400; letter-spacing: normal; orphans: 2; text-align: start; text-indent: 0px; text-transform: none; white-space: normal; widows: 2; word-spacing: 0px; -webkit-text-stroke-width: 0px; background-color: #ffffff; text-decoration-style: initial; text-decoration-color: initial;\"><span style=\"font-family: Arial, sans-serif;\">N\u2019h\u00e9sitez pas \u00e0 <a href=\"https:\/\/megawin.be\/nl\/contact\/\">nous contacter<\/a> pour avoir plus de renseignements\u2026<\/span><\/p>\n<p>[\/vc_column_text][\/vc_column][\/vc_row]<\/p>","protected":false},"excerpt":{"rendered":"<p>[vc_row][vc_column][vc_column_text] Module de liaison bancaire [\/vc_column_text][\/vc_column][\/vc_row][vc_row][vc_column][vc_column_text]Si vous achetez ce module, alors vous aurez 2 nouvelles options: Cr\u00e9er des virements bancaires dans Megawin Cr\u00e9er un lien entre<span class=\"excerpt-hellip\"> [\u2026]<\/span><\/p>","protected":false},"author":1,"featured_media":0,"parent":0,"menu_order":0,"comment_status":"closed","ping_status":"closed","template":"","meta":{"footnotes":""},"class_list":["post-1118","page","type-page","status-publish","hentry"],"_links":{"self":[{"href":"https:\/\/megawin.be\/nl\/wp-json\/wp\/v2\/pages\/1118","targetHints":{"allow":["GET"]}}],"collection":[{"href":"https:\/\/megawin.be\/nl\/wp-json\/wp\/v2\/pages"}],"about":[{"href":"https:\/\/megawin.be\/nl\/wp-json\/wp\/v2\/types\/page"}],"author":[{"embeddable":true,"href":"https:\/\/megawin.be\/nl\/wp-json\/wp\/v2\/users\/1"}],"replies":[{"embeddable":true,"href":"https:\/\/megawin.be\/nl\/wp-json\/wp\/v2\/comments?post=1118"}],"version-history":[{"count":3,"href":"https:\/\/megawin.be\/nl\/wp-json\/wp\/v2\/pages\/1118\/revisions"}],"predecessor-version":[{"id":1127,"href":"https:\/\/megawin.be\/nl\/wp-json\/wp\/v2\/pages\/1118\/revisions\/1127"}],"wp:attachment":[{"href":"https:\/\/megawin.be\/nl\/wp-json\/wp\/v2\/media?parent=1118"}],"curies":[{"name":"wp","href":"https:\/\/api.w.org\/{rel}","templated":true}]}}