

{"id":1198,"date":"2021-03-08T13:17:27","date_gmt":"2021-03-08T13:17:27","guid":{"rendered":"https:\/\/megawin.be\/?page_id=1198"},"modified":"2021-03-17T10:53:32","modified_gmt":"2021-03-17T10:53:32","slug":"module-wms","status":"publish","type":"page","link":"https:\/\/megawin.be\/nl\/module-wms\/","title":{"rendered":"Module wms"},"content":{"rendered":"<p>[vc_row][vc_column width=\u00a0\u00bb1\/2&Prime; css=\u00a0\u00bb.vc_custom_1615321625512{margin-top: -40px !important;}\u00a0\u00bb][vc_column_text css=\u00a0\u00bb.vc_custom_1615799271003{margin-top: 10px !important;}\u00a0\u00bb]<strong>MEGA-W.M.S<\/strong>. \u00a0est un syst\u00e8me de gestion de d\u00e9p\u00f4ts pour les grossistes<br \/>\n(<strong>W<\/strong>arehouse <strong>M<\/strong>anagement <strong>S<\/strong>ystem) qui veulent contr\u00f4ler les stocks,<br \/>\nbien pr\u00e9parer les commandes et conna\u00eetre l&#8217;emplacement exact des produits.<\/p>\n<p class=\" translation-block\"><span>Stockage en aanvulling: nauwkeurige controle en opvolging van de goederen zodra ze in het magazijn aankomen.<br>\nOnze WMS software zal de \"BINS\" of vrije locaties voorstellen.<\/span><\/p>\n<p class=\" translation-block\"><span>Zodra u een pallet op een locatie plaatst, zal u het lotnummer en de vervaldatum moeten invoeren. Er dient ook voor elke pallet een etiket met deze informatie te worden geprint.<\/span><\/p>\n<p>Notre logiciel W.M.S. peut guider vos magasiniers \u00e0 trouver facilement<br \/>\nles produits \u00e0 prendre (picking), afin de pr\u00e9parer correctement chaque commande.[\/vc_column_text][\/vc_column][vc_column width=\u00a0\u00bb1\/2&Prime; css=\u00a0\u00bb.vc_custom_1615321634804{margin-top: -40px !important;}\u00a0\u00bb][vc_single_image image=\u00a0\u00bb1229&Prime; img_size=\u00a0\u00bblarge\u00a0\u00bb alignment=\u00a0\u00bbcenter\u00a0\u00bb css=\u00a0\u00bb.vc_custom_1615978402763{margin-top: -80px !important;}\u00a0\u00bb][\/vc_column][\/vc_row][vc_row][vc_column css=\u00a0\u00bb.vc_custom_1615492076593{margin-bottom: 30px !important;}\u00a0\u00bb][vc_column_text]<\/p>\n<h4 style=\"text-align: center;\" class=\" translation-block\"><span><stong>MEGA-WMS zorgt voor een beter magazijn- en partijbeheer conform de traceerbaarheidsregels.<\/strong><\/span><\/h4>\n<p>[\/vc_column_text][\/vc_column][\/vc_row][vc_row][vc_column width=\u00a0\u00bb1\/2&Prime;][vc_single_image image=\u00a0\u00bb1204&Prime; img_size=\u00a0\u00bblarge\u00a0\u00bb css=\u00a0\u00bb.vc_custom_1615902853121{margin-top: 5px !important;padding-bottom: 0px !important;}\u00a0\u00bb][\/vc_column][vc_column width=\u00a0\u00bb1\/2&Prime;][vc_column_text]Pour cela, vous devez avoir des ordinateurs de poche (P.D.A.) sur lesquels,<br \/>\nnous installerons notre logiciel MEGA-Collecteur. Les P.D.A. doit \u00eatre connect\u00e9s<br \/>\nau serveur par des antennes de relais de Wi-Fi \u00e0 placer dans l\u2019entrep\u00f4t.<br \/>\nils pourront acc\u00e9der \u00e0 la base de donn\u00e9es de Mega-win situ\u00e9e sur votre serveur.<\/p>\n<p class=\" translation-block\"><span><b>MEGA-Collector<\/b> is een onmisbare tool voor het organiseren van de picking van de bestelde goederen in de kortst mogelijke tijd.<\/span><\/p>\n<p class=\" translation-block\"><span>Elke magazijnmedewerker selecteert op de PDA een voor te bereiden order en ziet dan de lijst van de producten en de locatie ervan verschijnen.<\/span><\/p>\n<p>MEGA-Collecteur indiquera le lot le plus ancien (dont la date de pr\u00e9emption<br \/>\nD.L.C est la plus proche. C\u2019est le syst\u00e8me F.I.F.O. (1er ent\u00e9e \u00e0 1er sortie) ![\/vc_column_text][\/vc_column][\/vc_row][vc_row][vc_column css=\u00a0\u00bb.vc_custom_1615492066550{margin-top: 20px !important;margin-bottom: 10px !important;}\u00a0\u00bb][vc_column_text]<\/p>\n<h4 style=\"text-align: center;\" class=\" translation-block\"><span><strong>Met MEGA-WIN WMS weet u precies waar de producten zich bevinden.<br>\nIn welk rek, welke kolom en op welke verdieping.\n<\/strong><\/span><\/h4>\n<p>[\/vc_column_text][\/vc_column][\/vc_row][vc_row][vc_column width=\u00a0\u00bb1\/2&Prime;][vc_column_text css=\u00a0\u00bb.vc_custom_1615492030266{margin-top: 30px !important;}\u00a0\u00bb]Il commence alors le picking dans l&rsquo;ordre des rayons du plus petit vers le plus grand.<br \/>\nIl doit scanner les codebarres de colis pour v\u00e9rifier si le codebarres appartient<br \/>\nbien au produit command\u00e9, alors le magasinier doit introduire le nombre de cartons<br \/>\nqu&rsquo;il a pris r\u00e9ellement, puis passer \u00e0 l&rsquo;article suivant.<\/p>\n<p><span>Als er correcties moeten worden aangebracht, dan dient de magazijnmedewerker deze in MEGA-Collector in te voeren.<\/span><\/p>\n<p class=\" translation-block\"><span>Wanneer de bestelling klaar is, dient hij ze te valideren op de PDA.\nVervolgens dient de magazijnverantwoordelijke de pallets te controleren voor ze in de vrachtwagen worden geladen. Daarna wordt de bestelling op de verzendnota geplaatst.<\/span><\/p>\n<p><strong><span><b>Met MEGA-WMS vermijdt u fouten in de voorbereiding en de verzending!<\/b><\/span><\/strong><\/p>\n<p>&nbsp;[\/vc_column_text][\/vc_column][vc_column width=\u00a0\u00bb1\/2&Prime;][vc_single_image image=\u00a0\u00bb1212&Prime; img_size=\u00a0\u00bblarge\u00a0\u00bb alignment=\u00a0\u00bbcenter\u00a0\u00bb][\/vc_column][\/vc_row]<\/p>","protected":false},"excerpt":{"rendered":"<p>[vc_row][vc_column width=\u00a0\u00bb1\/2&Prime; css=\u00a0\u00bb.vc_custom_1615321625512{margin-top: -40px !important;}\u00a0\u00bb][vc_column_text css=\u00a0\u00bb.vc_custom_1615799271003{margin-top: 10px !important;}\u00a0\u00bb]MEGA-W.M.S. \u00a0est un syst\u00e8me de gestion de d\u00e9p\u00f4ts pour les grossistes (Warehouse Management System) qui veulent contr\u00f4ler les stocks,<span class=\"excerpt-hellip\"> [\u2026]<\/span><\/p>","protected":false},"author":1,"featured_media":0,"parent":0,"menu_order":0,"comment_status":"closed","ping_status":"closed","template":"","meta":{"footnotes":""},"class_list":["post-1198","page","type-page","status-publish","hentry"],"_links":{"self":[{"href":"https:\/\/megawin.be\/nl\/wp-json\/wp\/v2\/pages\/1198","targetHints":{"allow":["GET"]}}],"collection":[{"href":"https:\/\/megawin.be\/nl\/wp-json\/wp\/v2\/pages"}],"about":[{"href":"https:\/\/megawin.be\/nl\/wp-json\/wp\/v2\/types\/page"}],"author":[{"embeddable":true,"href":"https:\/\/megawin.be\/nl\/wp-json\/wp\/v2\/users\/1"}],"replies":[{"embeddable":true,"href":"https:\/\/megawin.be\/nl\/wp-json\/wp\/v2\/comments?post=1198"}],"version-history":[{"count":10,"href":"https:\/\/megawin.be\/nl\/wp-json\/wp\/v2\/pages\/1198\/revisions"}],"predecessor-version":[{"id":1235,"href":"https:\/\/megawin.be\/nl\/wp-json\/wp\/v2\/pages\/1198\/revisions\/1235"}],"wp:attachment":[{"href":"https:\/\/megawin.be\/nl\/wp-json\/wp\/v2\/media?parent=1198"}],"curies":[{"name":"wp","href":"https:\/\/api.w.org\/{rel}","templated":true}]}}