

{"id":1200,"date":"2021-03-08T13:25:39","date_gmt":"2021-03-08T13:25:39","guid":{"rendered":"https:\/\/megawin.be\/?page_id=1200"},"modified":"2021-03-17T10:48:35","modified_gmt":"2021-03-17T10:48:35","slug":"version-enterprise","status":"publish","type":"page","link":"https:\/\/megawin.be\/nl\/version-enterprise\/","title":{"rendered":"Version Enterprise"},"content":{"rendered":"<p>[vc_row][vc_column][vc_column_text]<\/p>\n<p style=\"text-align: center;\"><strong>La Version ENTERPRISE de MEGA-WIN permet de g\u00e9rer des moyennes et grandes soci\u00e9t\u00e9s qui ont entre 10 et 50 salari\u00e9s.<\/strong><br \/>\nCette version est compos\u00e9e de la version Premium + plus une de ces options\u00a0\u00e0 choisir\u00a0:<\/p>\n<p>[\/vc_column_text][\/vc_column][\/vc_row][vc_row][vc_column width=\u00a0\u00bb1\/3&Prime;][\/vc_column][vc_column width=\u00a0\u00bb2\/3&Prime; css=\u00a0\u00bb.vc_custom_1615536637961{margin-top: -15px !important;}\u00a0\u00bb][vc_column_text]<\/p>\n<ol>\n<li style=\"color: #000000;\">Version r\u00e9seau pour 10 utilisateurs dans un r\u00e9seau local<\/li>\n<li style=\"color: #000000;\">Version r\u00e9seau pour \u00a0\u00a05 utilisateurs dans un r\u00e9seau local<br \/>\net 2 Logiciels <a href=\"https:\/\/megawin.be\/nl\/module-mega-win-mobile\/\">MEGA-WIN Mobile<\/a> pour vos vendeurs afin de<br \/>\nprendre des commandes \u00a0avec une tablette \u00a0chez vos clients<\/li>\n<\/ol>\n<p>[\/vc_column_text][\/vc_column][\/vc_row][vc_row][vc_column][vc_single_image image=\u00a0\u00bb1221&Prime; img_size=\u00a0\u00bblarge\u00a0\u00bb alignment=\u00a0\u00bbcenter\u00a0\u00bb][\/vc_column][\/vc_row][vc_row][vc_column][vc_btn title=\u00a0\u00bbRevenir \u00e0 la page des tarifs\u00a0\u00bb style=\u00a0\u00bbflat\u00a0\u00bb color=\u00a0\u00bbgreen\u00a0\u00bb align=\u00a0\u00bbcenter\u00a0\u00bb link=\u00a0\u00bburl:https%3A%2F%2Fmegawin.be%2Flicence-mega-win%2F|||\u00a0\u00bb][\/vc_column][\/vc_row]<\/p>","protected":false},"excerpt":{"rendered":"<p>[vc_row][vc_column][vc_column_text] La Version ENTERPRISE de MEGA-WIN permet de g\u00e9rer des moyennes et grandes soci\u00e9t\u00e9s qui ont entre 10 et 50 salari\u00e9s. Cette version est compos\u00e9e de<span class=\"excerpt-hellip\"> [\u2026]<\/span><\/p>","protected":false},"author":1,"featured_media":0,"parent":0,"menu_order":0,"comment_status":"closed","ping_status":"closed","template":"","meta":{"footnotes":""},"class_list":["post-1200","page","type-page","status-publish","hentry"],"_links":{"self":[{"href":"https:\/\/megawin.be\/nl\/wp-json\/wp\/v2\/pages\/1200","targetHints":{"allow":["GET"]}}],"collection":[{"href":"https:\/\/megawin.be\/nl\/wp-json\/wp\/v2\/pages"}],"about":[{"href":"https:\/\/megawin.be\/nl\/wp-json\/wp\/v2\/types\/page"}],"author":[{"embeddable":true,"href":"https:\/\/megawin.be\/nl\/wp-json\/wp\/v2\/users\/1"}],"replies":[{"embeddable":true,"href":"https:\/\/megawin.be\/nl\/wp-json\/wp\/v2\/comments?post=1200"}],"version-history":[{"count":6,"href":"https:\/\/megawin.be\/nl\/wp-json\/wp\/v2\/pages\/1200\/revisions"}],"predecessor-version":[{"id":1233,"href":"https:\/\/megawin.be\/nl\/wp-json\/wp\/v2\/pages\/1200\/revisions\/1233"}],"wp:attachment":[{"href":"https:\/\/megawin.be\/nl\/wp-json\/wp\/v2\/media?parent=1200"}],"curies":[{"name":"wp","href":"https:\/\/api.w.org\/{rel}","templated":true}]}}