

{"id":1248,"date":"2021-10-11T12:33:10","date_gmt":"2021-10-11T12:33:10","guid":{"rendered":"https:\/\/megawin.be\/?page_id=1248"},"modified":"2024-03-05T19:22:12","modified_gmt":"2024-03-05T19:22:12","slug":"megawinapp","status":"publish","type":"page","link":"https:\/\/megawin.be\/nl\/megawinapp\/","title":{"rendered":"Mega Win APP"},"content":{"rendered":"<p>[vc_row][vc_column][vc_column_text]<\/p>\n<h1><strong><span style=\"display: inline-flex; align-items: center;\">MEGAWIN APP <img decoding=\"async\" style=\"vertical-align: middle; margin-left: 35px; border-radius: 15px;\" src=\"https:\/\/megawin.be\/wp-content\/uploads\/2023\/10\/app-icon2-512-60x60.png\" \/><br \/>\n<\/span><\/strong><\/h1>\n<p>[\/vc_column_text][\/vc_column][\/vc_row][vc_row][vc_column width=\u00a0\u00bb2\/3&Prime; css=\u00a0\u00bb.vc_custom_1699000296931{margin-bottom: 25px !important;}\u00a0\u00bb][vc_column_text]Nous avons d\u00e9velopp\u00e9 pour vous une Application \u201cMEGA-WIN APP\u201d<\/p>\n<p>Velen van u vragen om een smartphone-applicatie<\/p>\n<p><strong>EINDELIJK is het zover. MEGA-WIN APP is een onmisbaar en zeer praktisch hulpmiddel.<\/strong><\/p>\n<p>Uw klanten kunnen uw producten bestellen met hun mobiele telefoon, overal...<\/p>\n<p>Onze software is ontworpen voor B2B, dat wil zeggen voor handelaren<br \/>\ndie al klanten van u zijn. MEGA-WIN APP is zeer eenvoudig te gebruiken<\/p>\n<p>Met onze applicatie kunt u :<\/p>\n<ul style=\"color: #000000; \">\n<li style=\"margin-bottom: 2px;\">Overal verbinding maken met een smartphone<\/li>\n<li style=\"margin-bottom: 2px;\">Downloaden uit de Play Store of App Store<\/li>\n<li style=\"margin-bottom: 2px;\">Gebruik als uw productcatalogus met foto's<\/li>\n<li style=\"margin-bottom: 2px;\">Zoek met de naam van het artikel of de referentie ervan<\/li>\n<li style=\"margin-bottom: 2px;\">Filter artikelen op familie en subfamilie<\/li>\n<li style=\"margin-bottom: 2px;\">Honderden producten aan een bestelling toevoegen<\/li>\n<li style=\"margin-bottom: 2px;\">Zodra hij zijn winkelmandje heeft bevestigd,<br> wordt de bestelling verzonden naar Mega-win<br \/>\ndie ze zal weergeven in de klantenorders<\/li>\n<\/ul>\n<p>Uw klant die onze applicatie heeft gedownload, moet bij de eerste start,<br \/>\nde naam van zijn bedrijf, een login en zijn wachtwoord invoeren.<\/p>\n<p>Dan moeten ze een familie en subfamilie kiezen of onderzoek doen...<br \/>\nmet de productnaam. Daarna voert hij de hoeveelheden in die hij nodig heeft.<br \/>\nHij kan de verkoopprijzen zien afhankelijk van zijn prijsgroep.<\/p>\n<p>U bent minder tijd kwijt aan het opnemen van bestellingen via de telefoon,<\/p>\n<p><strong>Met onze app verhoogt u gemakkelijk uw verkoop zonder commissie te betalen.\u00a0<\/strong><\/p>\n<p><strong>Dus het is een echte TIJDSBESPARING en geldbesparing...\u00a0<\/strong>[\/vc_column_text][\/vc_column][vc_column width=\u00a0\u00bb1\/3&Prime;][vc_column_text css_animation=\u00a0\u00bbfadeInUp\u00a0\u00bb]<\/p>\n<p style=\"text-align: center;\"><span style=\"text-align: center; color: #23282d; font-size: 18px;\">Onbeperkt gebruikers<\/span><br \/>\n<span style=\"text-align: center; color: #23282d; font-size: 18px;\">Onbeperkt installaties<\/span><br \/>\n<span style=\"text-align: center; color: #23282d; font-size: 18px;\">Geen commissie op transacties<\/span><\/p>\n<p>[\/vc_column_text][vc_column_text css_animation=\u00a0\u00bbbounceIn\u00a0\u00bb]<div id=\"photoCarousel\" class=\"carousel\">\n  <div class=\"carousel-images\">\n    <img decoding=\"async\" src=\"https:\/\/megawin.be\/wp-content\/uploads\/2024\/03\/megawinapp_1.jpg\" alt=\"Photo 1\">\n    <img decoding=\"async\" src=\"https:\/\/megawin.be\/wp-content\/uploads\/2024\/03\/megawinapp_2.jpg\" alt=\"Photo 2\">\n    <img decoding=\"async\" src=\"https:\/\/megawin.be\/wp-content\/uploads\/2024\/03\/megawinapp_3.jpg\" alt=\"Photo 3\">\n    <img decoding=\"async\" src=\"https:\/\/megawin.be\/wp-content\/uploads\/2024\/03\/megawinapp_4.jpg\" alt=\"Photo 4\">\n\t<img decoding=\"async\" src=\"https:\/\/megawin.be\/wp-content\/uploads\/2024\/03\/megawinapp_5.jpg\" alt=\"Photo 5\">\n  <\/div>\n  <button class=\"prev\" onclick=\"changePhoto(-1)\">&#10094;<\/button>\n  <button class=\"next\" onclick=\"changePhoto(1)\">&#10095;<\/button>\n<\/div>\n\n\n<style>\n.carousel {\n  position: relative;\n  max-width: 300px; \/* Ajustez \u00e0 la taille d\u00e9sir\u00e9e *\/\n  margin: auto;\n  overflow: visible;\n  border-color:#23282d; \n  border-style:solid;\n  border-width:8px; \n  border-radius:12px;\n}\n\n.carousel-images img {\n\n  height: 100%;\n  display: none;\n\n}\n\n.carousel .prev,\n.carousel .next {\n  cursor: pointer;\n  position: absolute;\n  top: 50%;\n \n  transform: translate(-50%, -50%); \/* Centrer le div parfaitement *\/\n  width: 50px; \/* D\u00e9finir une largeur *\/\n  height: 50px; \/* Assurer que la hauteur soit \u00e9gale \u00e0 la largeur pour un cercle parfait *\/\n  color: white;\n  font-weight: bold;\n  font-size: 18px;\n  transition: 0.6s ease;\n  user-select: none;\n  z-index: 100;\n  background-color: #7f7f7f !important;\n  border-radius: 50%; \/* Rendre le div circulaire *\/\n  display: flex;\n  justify-content: center;\n  align-items: center;\n  padding: 0; \/* Ajuster ou supprimer le padding pour que le texte soit bien centr\u00e9 *\/\n}\n\n\n.carousel .next {\n  right: -100px; \/* D\u00e9placez \u00e0 l'ext\u00e9rieur du cadre *\/\n  border-radius: 40px\n \n}\n\n.carousel .prev {\n  left: -45px; \/* D\u00e9placez \u00e0 l'ext\u00e9rieur du cadre *\/\n  border-radius: 40px\n  \n}\n\n.carousel .prev:hover, .carousel .next:hover {\n  background-color: rgba(0,0,0,0.8);\n}\n\n\n<\/style>\n\n<script>\nlet index = 0;\nlet autoScrollTimer;\n\nfunction showPhoto(newIndex) {\n  const photos = document.querySelectorAll(\".carousel-images img\");\n  \n  if (newIndex >= photos.length || newIndex < 0) {\n    clearInterval(autoScrollTimer); \/\/ Arr\u00eate le d\u00e9filement automatique\n    index = 0; \/\/ Revenir \u00e0 la premi\u00e8re photo\n    photos.forEach(photo => photo.style.display = \"none\"); \/\/ Cacher toutes les photos\n    photos[index].style.display = \"block\"; \/\/ Afficher la premi\u00e8re photo\n    return;\n  }\n\n  index = newIndex; \/\/ Mise \u00e0 jour de l'index global avec la nouvelle valeur\n\n  \/\/ Cache toutes les photos et affiche seulement la photo courante\n  photos.forEach((photo, i) => {\n    photo.style.display = i === index ? \"block\" : \"none\";\n  });\n}\n\nfunction handleClick(step) {\n  showPhoto(index + step);\n  clearInterval(autoScrollTimer); \/\/ Arr\u00eate le d\u00e9filement automatique apr\u00e8s un clic utilisateur\n  autoScrollTimer = setInterval(function() { showPhoto(++index); }, 2000); \/\/ Red\u00e9marre le d\u00e9filement automatique\n}\n\n\/\/ Ajout des \u00e9couteurs d'\u00e9v\u00e9nements pour les boutons\ndocument.querySelector('.prev').addEventListener('click', function() {\n  handleClick(-1);\n});\n\ndocument.querySelector('.next').addEventListener('click', function() {\n  handleClick(1);\n});\n\n\/\/ D\u00e9filement automatique\nautoScrollTimer = setInterval(function() { showPhoto(++index); }, 3500);\n\n\/\/ Initialisation du carrousel pour afficher la premi\u00e8re photo\nshowPhoto(index);\n\n\n\n\n\n\n<\/script>[\/vc_column_text][\/vc_column][\/vc_row][vc_row][vc_column width=\u00a0\u00bb1\/3&Prime;][vc_btn title=\u00a0\u00bbDemander une offre de prix\u00a0\u00bb style=\u00a0\u00bbflat\u00a0\u00bb color=\u00a0\u00bbpurple\u00a0\u00bb size=\u00a0\u00bblg\u00a0\u00bb align=\u00a0\u00bbleft\u00a0\u00bb link=\u00a0\u00bburl:https%3A%2F%2Fmegawin.be%2Fcontact%2F|||\u00a0\u00bb el_class=\u00a0\u00bbbouton_action_megawin_app\u00a0\u00bb][\/vc_column][vc_column width=\u00a0\u00bb1\/3&Prime;][\/vc_column][vc_column width=\u00a0\u00bb1\/3&Prime;][vc_btn title=\u00a0\u00bbVoir la vid\u00e9o de pr\u00e9sentation\u00a0\u00bb style=\u00a0\u00bbflat\u00a0\u00bb color=\u00a0\u00bbpurple\u00a0\u00bb size=\u00a0\u00bblg\u00a0\u00bb align=\u00a0\u00bbleft\u00a0\u00bb link=\u00a0\u00bburl:https%3A%2F%2Fmegawin.be%2Fmegawinapp-simulation%2F|||\u00a0\u00bb el_class=\u00a0\u00bbbouton_action_megawin_app\u00a0\u00bb][\/vc_column][\/vc_row][vc_row][vc_column width=\u00a0\u00bb1\/3&Prime; css=\u00a0\u00bb.vc_custom_1676019976138{margin-top: 0px !important;}\u00a0\u00bb][vc_column_text]<\/p>\n<h4 class=\"titre_megawinMobile\">Catalogus<\/h4>\n<p>Deze functie wordt gebruikt om al onze producten te bekijken<br \/>\nmet foto's en voeg ze toe aan het mandje<br \/>\ndoor de hoeveelheid aan te geven, en ze dan te bestellen.<\/p>\n<h4 class=\"titre_megawinMobile\">Promoties<\/h4>\n<p>Hiermee kunt u producten op promotie tonen.<br \/>\nDe klant kan het prijsverschil in percentages zien.<br \/>\nHij kan ook bestellen vanaf deze pagina...<\/p>\n<h4 class=\"titre_megawinMobile\">Nieuws<\/h4>\n<p>Uw klanten worden ge\u00efnformeerd over nieuwe producten via<br \/>\naan deze eigenschap. Artikelen die worden beschouwd als<br \/>\nHet \"nieuwe\" tabblad blijft in dit tabblad zolang<br \/>\nzoals de verkoper wenst.<\/p>\n<p class=\"titre_megawinMobile\">[\/vc_column_text][\/vc_column][vc_column width=\u00a0\u00bb1\/3&Prime;][vc_column_text]<a href=\"https:\/\/play.google.com\/store\/apps\/details?id=com.megawinapp\" target=\"_blank\" rel=\"noopener\"><img loading=\"lazy\" decoding=\"async\" class=\"aligncenter wp-image-1440\" src=\"https:\/\/megawin.be\/wp-content\/uploads\/2023\/12\/android_en.png\" alt=\"\" width=\"178\" height=\"55\" srcset=\"https:\/\/megawin.be\/wp-content\/uploads\/2023\/12\/android_en.png 172w, https:\/\/megawin.be\/wp-content\/uploads\/2023\/12\/android_en-50x15.png 50w, https:\/\/megawin.be\/wp-content\/uploads\/2023\/12\/android_en-150x46.png 150w\" sizes=\"auto, (max-width: 178px) 100vw, 178px\" \/><\/a><\/p>\n<p><a href=\"https:\/\/apps.apple.com\/app\/megawin-app\/id6472794839\" target=\"_blank\" rel=\"noopener\"><img loading=\"lazy\" decoding=\"async\" class=\"aligncenter wp-image-1441\" src=\"https:\/\/megawin.be\/wp-content\/uploads\/2023\/12\/ios_en.png\" alt=\"\" width=\"178\" height=\"64\" srcset=\"https:\/\/megawin.be\/wp-content\/uploads\/2023\/12\/ios_en.png 154w, https:\/\/megawin.be\/wp-content\/uploads\/2023\/12\/ios_en-150x52.png 150w, https:\/\/megawin.be\/wp-content\/uploads\/2023\/12\/ios_en-50x17.png 50w\" sizes=\"auto, (max-width: 178px) 100vw, 178px\" \/><\/a>[\/vc_column_text][\/vc_column][vc_column width=\u00a0\u00bb1\/3&Prime;][vc_column_text]<\/p>\n<h4 class=\"titre_megawinMobile\">Favorieten<\/h4>\n<p>Een tijdsbesparing... de applicatie herkent de producten<br \/>\ndie uw klanten het vaakst bestellen. Zij hebben<br \/>\ndan is de mogelijkheid om favoriete producten toe te voegen aan een<br \/>\nlijst in \u00e9\u00e9n klik.<\/p>\n<h4 class=\"titre_megawinMobile\">Historie<\/h4>\n<p>Alle bestelinformatie<br \/>\ndoorgegeven in \u00e9\u00e9n klik. Ook kunt u de<br \/>\ndezelfde bestelling zonder een nieuwe te moeten maken.<br \/>\nlijst met dezelfde producten.<br \/>\n<!--\n\n\n<h4 class=\"titre_megawinMobile\">Factures<\/h4>\n\n\nVos clients peuvent consulter la liste de leurs factures\nde l\u2019ann\u00e9e en cours comme avec la possibilit\u00e9\nde t\u00e9l\u00e9charger des factures quand ils veulent.\n--><\/p>\n<h4 class=\"titre_megawinMobile\">Contact<\/h4>\n<p>Met deze optie kunt u een bericht sturen<br \/>\nper e-mail of SMS. Klanten kunnen ook<br \/>\neen contactformulier in te vullen om te corrigeren<br \/>\nleur coordonn\u00e9es ou leur mot de passe.[\/vc_column_text][\/vc_column][\/vc_row]<\/p>","protected":false},"excerpt":{"rendered":"<p>[vc_row][vc_column][vc_column_text] MEGAWIN APP [\/vc_column_text][\/vc_column][\/vc_row][vc_row][vc_column width=\u00a0\u00bb2\/3&Prime; css=\u00a0\u00bb.vc_custom_1699000296931{margin-bottom: 25px !important;}\u00a0\u00bb][vc_column_text]Nous avons d\u00e9velopp\u00e9 pour vous une Application \u201cMEGA-WIN APP\u201d Vous \u00eates nombreux \u00e0 nous demander une application pour Smartphone.<span class=\"excerpt-hellip\"> [\u2026]<\/span><\/p>","protected":false},"author":1,"featured_media":0,"parent":0,"menu_order":0,"comment_status":"closed","ping_status":"closed","template":"","meta":{"footnotes":""},"class_list":["post-1248","page","type-page","status-publish","hentry"],"_links":{"self":[{"href":"https:\/\/megawin.be\/nl\/wp-json\/wp\/v2\/pages\/1248","targetHints":{"allow":["GET"]}}],"collection":[{"href":"https:\/\/megawin.be\/nl\/wp-json\/wp\/v2\/pages"}],"about":[{"href":"https:\/\/megawin.be\/nl\/wp-json\/wp\/v2\/types\/page"}],"author":[{"embeddable":true,"href":"https:\/\/megawin.be\/nl\/wp-json\/wp\/v2\/users\/1"}],"replies":[{"embeddable":true,"href":"https:\/\/megawin.be\/nl\/wp-json\/wp\/v2\/comments?post=1248"}],"version-history":[{"count":48,"href":"https:\/\/megawin.be\/nl\/wp-json\/wp\/v2\/pages\/1248\/revisions"}],"predecessor-version":[{"id":1490,"href":"https:\/\/megawin.be\/nl\/wp-json\/wp\/v2\/pages\/1248\/revisions\/1490"}],"wp:attachment":[{"href":"https:\/\/megawin.be\/nl\/wp-json\/wp\/v2\/media?parent=1248"}],"curies":[{"name":"wp","href":"https:\/\/api.w.org\/{rel}","templated":true}]}}