

{"id":13,"date":"2017-02-03T08:25:45","date_gmt":"2017-02-03T08:25:45","guid":{"rendered":"http:\/\/themes.muffingroup.com\/betheme\/?page_id=13"},"modified":"2025-02-04T05:28:12","modified_gmt":"2025-02-04T05:28:12","slug":"about","status":"publish","type":"page","link":"https:\/\/megawin.be\/nl\/about\/","title":{"rendered":"About"},"content":{"rendered":"<p>[vc_row][vc_column][vc_column_text css=\u00a0\u00bb.vc_custom_1522079944506{margin-top: 10px !important;}\u00a0\u00bb]<\/p>\n<table style=\"background: transparent; border-style: none;\" cellspacing=\"0\" cellpadding=\"0\">\n<tbody>\n<tr>\n<td style=\"background: transparent; border-style: none;\">\n<h1>MEGA-TECH, 25 jaar ervaring tot uw dienst<\/h1>\n<\/td>\n<td style=\"background: transparent; border-style: none;\"><img loading=\"lazy\" decoding=\"async\" class=\"aligncenter\" src=\"https:\/\/megawin.be\/wp-content\/uploads\/2018\/03\/logo_25.png\" width=\"108\" height=\"101\" \/><\/td>\n<\/tr>\n<\/tbody>\n<\/table>\n<p>[\/vc_column_text][\/vc_column][\/vc_row][vc_row][vc_column width=\u00a0\u00bb1\/2&Prime;][vc_column_text]<\/p>\n<div style=\"line-height: 18px; margin-top: -20px;\">\n<p>MEGATECH informatique SRL est une soci\u00e9t\u00e9 sp\u00e9cialis\u00e9e dans le d\u00e9veloppement de syst\u00e8mes informatiques. Nous proposons des logiciels de gestion commerciale qui r\u00e9pondent aux besoins de tout genre de commerce.<\/p>\n<p><strong>Wij zijn de verdeler van MEGA-WIN, MEGA-Kassa voor verkooppunten en MEGA-Resto voor de Horeca.<\/strong><\/p>\n<p>Onze missie: bijdragen aan de ontwikkeling van uw bedrijf dankzij krachtige software.<\/p>\n<p>U kan bij ons terecht voor kwaliteitsvolle en hoogtechnologische oplossingen. Wij leveren desktopcomputers, servers en andere hardware aan bedrijven.<\/p>\n<p>Onze leverings- en interventietermijnen zijn zeer kort (binnen de 24 u).  Wij bieden trainingen, installaties en een after-sales service op locatie.<\/p>\n<p>Met ons onderhoudscontract bieden wij ook telefonische ondersteuning en een snelle \u201conline\u201d interventie.<\/p>\n<p>Wij kunnen software op maat van uw bedrijf ontwikkelen of een van onze bestaande programma\u2019s aanpassen aan uw specifieke behoeften.<\/p>\n<\/div>\n<p><strong><span style=\"font-size: 13px;\">Si vous voulez r\u00e9aliser des ventes en lignes, essayez notre solution e-commerce MEGA-SHOP. <\/span><\/strong><strong>Surf naar <u><a style=\"text-decoration: none;\" href=\"https:\/\/mega-shop.be\/nl\/\" target=\"_blank\" rel=\"noopener\">www.mega-shop.be<\/a> <\/u><\/strong><\/p>\n<p><strong>Bezoek ook onze website<\/strong> : <a style=\"text-decoration: none;\" href=\"http:\/\/www.mega-tech.eu\" target=\"_blank\" rel=\"noopener\"><strong>www.mega-tech.eu<\/strong><\/a>[\/vc_column_text][\/vc_column][vc_column width=\u00a0\u00bb1\/2&Prime;][vc_column_text]<img decoding=\"async\" src=\"https:\/\/megawin.be\/wp-content\/uploads\/2018\/03\/Erkin_Business_Partner-1.jpg\">[\/vc_column_text][vc_column_text css=\u00a0\u00bb.vc_custom_1738646890939{margin-top: -10px !important;}\u00a0\u00bb]<\/p>\n<div style=\"line-height: 18px;\">\n<p>Erkin PEKER is de zaakvoerder van MEGA-TECH Informatique. Hij is een ervaren programmeur-analist, die weet wat de behoeften van de handel zijn omdat hij aan het begin van zijn loopbaan zelf een groothandel uitbaatte alvorens hij overstapte naar de informatica.<\/p>\n<p>Il a commenc\u00e9 d&rsquo;abord \u00e0 d\u00e9velopper MEGA-Stock (sous DOS) pour ses propres besoins, ensuite il a r\u00e9alis\u00e9 le d\u00e9veloppement de MEGA-WIN de 2005 \u00e0 2010. Apr\u00e8s 2.000 heures de programmations, il a commercialis\u00e9 MEGA-WIN 1.5 qui a beaucoup \u00e9volu\u00e9 depuis lors.<\/p>\n<p>Er worden voortdurend verbeteringen aangebracht aan het programma op basis van zijn idee\u00ebn en die van onze gebruikers. U kunt erop rekenen dat u elk kwartaal een MEGA-WIN-update zal ontvangen.<\/p>\n<p>Wij kunnen ook vrij snel toevoegingen en correcties (bug fixes) aanbrengen in MEGA-WIN.<\/p>\n<p>Aarzel niet om ons te contacteren voor meer informatie.<\/p>\n<\/div>\n<p>[\/vc_column_text][\/vc_column][\/vc_row]<\/p>","protected":false},"excerpt":{"rendered":"<p>[vc_row][vc_column][vc_column_text css=\u00a0\u00bb.vc_custom_1522079944506{margin-top: 10px !important;}\u00a0\u00bb] MEGA-TECH, 25 ans d&rsquo;exp\u00e9rience \u00e0 votre service [\/vc_column_text][\/vc_column][\/vc_row][vc_row][vc_column width=\u00a0\u00bb1\/2&Prime;][vc_column_text] MEGATECH informatique SRL est une soci\u00e9t\u00e9 sp\u00e9cialis\u00e9e dans le d\u00e9veloppement de syst\u00e8mes informatiques.<span class=\"excerpt-hellip\"> [\u2026]<\/span><\/p>","protected":false},"author":1,"featured_media":0,"parent":0,"menu_order":0,"comment_status":"closed","ping_status":"closed","template":"","meta":{"footnotes":""},"class_list":["post-13","page","type-page","status-publish","hentry"],"_links":{"self":[{"href":"https:\/\/megawin.be\/nl\/wp-json\/wp\/v2\/pages\/13","targetHints":{"allow":["GET"]}}],"collection":[{"href":"https:\/\/megawin.be\/nl\/wp-json\/wp\/v2\/pages"}],"about":[{"href":"https:\/\/megawin.be\/nl\/wp-json\/wp\/v2\/types\/page"}],"author":[{"embeddable":true,"href":"https:\/\/megawin.be\/nl\/wp-json\/wp\/v2\/users\/1"}],"replies":[{"embeddable":true,"href":"https:\/\/megawin.be\/nl\/wp-json\/wp\/v2\/comments?post=13"}],"version-history":[{"count":25,"href":"https:\/\/megawin.be\/nl\/wp-json\/wp\/v2\/pages\/13\/revisions"}],"predecessor-version":[{"id":1559,"href":"https:\/\/megawin.be\/nl\/wp-json\/wp\/v2\/pages\/13\/revisions\/1559"}],"wp:attachment":[{"href":"https:\/\/megawin.be\/nl\/wp-json\/wp\/v2\/media?parent=13"}],"curies":[{"name":"wp","href":"https:\/\/api.w.org\/{rel}","templated":true}]}}