

{"id":1370,"date":"2022-12-15T09:17:49","date_gmt":"2022-12-15T09:17:49","guid":{"rendered":"https:\/\/megawin.be\/?page_id=1370"},"modified":"2023-01-30T20:17:38","modified_gmt":"2023-01-30T20:17:38","slug":"description-technique","status":"publish","type":"page","link":"https:\/\/megawin.be\/nl\/description-technique\/","title":{"rendered":"Description Technique"},"content":{"rendered":"<p><!-- \n[vc_row][vc_column css=\".vc_custom_1674763366064{margin-top: -5px !important;margin-bottom: -20px !important;}\"][vc_column_text]\n\n\n<h2><strong>ANALYSE ET DESCRIPTION TECHNIQUE<\/strong><\/h2>\n\n\nNotre logiciel MEGA-WIN a \u00e9t\u00e9 d\u00e9velopp\u00e9 avec WinDev et il utilise une \u00ab Base de donn\u00e9es \u00bb de type \"HyperFile\" qui a \u00e9t\u00e9 cr\u00e9\u00e9 par PCsoft S.A.\nComme dans tous les logiciels, chaque fichier (table) poss\u00e8de une Cl\u00e9 unique (on appelle aussi identifiant ou ID) que le moteur attribue automatiquement.\nMega-win enregistre bien TOUTES les lignes de produits (productlijnen) achet\u00e9s et vendus dans un fichier unique : LINE.fic\n\n<strong>Voici la liste des tables qui utilisent ce fichier LINE.fic (lignes de produits) :<\/strong>[\/vc_column_text][\/vc_column][\/vc_row][vc_row][vc_column width=\"1\/3\"][vc_column_text]<u>VENTES :<\/u>\n- Factures de ventes \/ verkoopfacturen <i class=\"icon-right-bold\"><\/i> VTE.fic\n- Notes d'envoi \/ Leveringsbonnen <i class=\"icon-right-bold\"><\/i> VTE.fic\n- Notes de cr\u00e9dit \/ Creditnota's <i class=\"icon-right-bold\"><\/i> VTE.fic\n- Tickets de Caisse \/ kassabonnen <i class=\"icon-right-bold\"><\/i> TC.fic[\/vc_column_text][\/vc_column][vc_column width=\"1\/3\"][vc_column_text]<u>ACHATS :<\/u>\n- Factures ACHAT \/ AANKOOP Facturen <i class=\"icon-right-bold\"><\/i> ACH.fic\n- Bons de livraison \/ Leveringsbonnen <i class=\"icon-right-bold\"><\/i> ACH.fic\n- Notes de cr\u00e9dit \/ Creditnota's <i class=\"icon-right-bold\"><\/i> ACH.fic[\/vc_column_text][\/vc_column][vc_column width=\"1\/3\"][vc_column_text]<u>DIVERS :<\/u>\n- Transferts de stock \/ voorraad overdracht <i class=\"icon-right-bold\"><\/i> COR.fic\n- Corrections de stock \/ voorraad correcties <i class=\"icon-right-bold\"><\/i> COR.fic\n- Fiches de productions \/ producties <i class=\"icon-right-bold\"><\/i> PROD.fic\n- Fiches d'emballages \/ verpakkingen <i class=\"icon-right-bold\"><\/i> EMBAL.fic[\/vc_column_text][\/vc_column][\/vc_row][vc_row][vc_column][vc_column_text]Les fichiers de commandes de ventes et d'achats poss\u00e8dent un fichier de lignes s\u00e9par\u00e9: BC_Line.\nLes fichiers de Devis, Offres de Prix et Pro forma poss\u00e8dent un fichier de lignes s\u00e9par\u00e9: OP_Ligne\n\nLe moteur de la Bases de donn\u00e9es \"HyperFile\" g\u00e8re automatiquement les donn\u00e9es que l\u2019utilisateur cr\u00eat dans les diff\u00e9rents fichiers.\n\nChaque fichier contient une cl\u00e9 unique qu\u2019on ne peut PAS modifier.\n\nNous conseillons nos utilisateurs de ne PAS effectuer souvent des suppressions dans les tables tels que les ventes et les lignes, car cela entraine des trous dans les identifiants des tables.\nCes enregistrements supprim\u00e9s ne sont PAS r\u00e9cup\u00e9rables d\u2019aucune mani\u00e8re possible.\n\nNous d\u00e9conseillons aux utilisateurs de Mega-win d\u2019abuser du bouton de suppression afin d\u2019\u00e9viter d\u2019avoir trop d\u2019enregistrements manquants.\n\nNous d\u00e9clarons que MEGA-WIN ne tient AUCUN JOURNAL des ajoutes et des modifications et des suppressions des enregistrements.\n\n<b>Voici les diff\u00e9rents cas de figures o\u00f9 les utilisateurs de MEGA-WIN pourrait modifier des documents en supprimant des lignes d\u00e9j\u00e0 introduites dans ces cas :<\/b>\n\n\n<ol>\n \t\n\n<li style=\"color: black;\">Si les produits command\u00e9s ne sont pas de stock.<\/li>\n\n\n \t\n\n<li style=\"color: black;\">Si les produits command\u00e9s sont en stock mais ils sont p\u00e9rim\u00e9s ou abim\u00e9s.<\/li>\n\n\n \t\n\n<li style=\"color: black;\">Dans les Cash-and-carry, SI l\u2019acheteur passe une commande sur place,\nle vendeur introduit les articles dans une vente. Quand il a termin\u00e9 la saisie\ndes articles, alors il clique sur le bouton \u00ab Paiements \u00bb afin d\u2019introduire\nle paiement du client. D\u00e8s lors le document est d\u00e9j\u00e0 enregistr\u00e9 dans le fichier\nVentes dans LINE.fic. Mais si ce dernier n\u2019a pas assez d\u2019argent Cash,\nalors le vendeur sera contraint de retirer des lignes pour diminuer le Total TTC\n\u00e0 payer pour qu\u2019il correspond au montant d\u2019argent que le client a sur lui.<\/li>\n\n\n \t\n\n<li style=\"color: black;\">Si l\u2019utilisateur qui a saisi la commande, s\u2019est tromp\u00e9 de produit (mauvaise r\u00e9f\u00e9rence)\nAlors il doit effacer la ligne erron\u00e9e et d\u2019ajouter une ligne avec la bonne r\u00e9f\u00e9rence\ncar il n\u2019est pas possible de changer la r\u00e9f\u00e9rence (code article) dans une ligne<\/li>\n\n\n \t\n\n<li style=\"color: black;\">Si l\u2019acheteur change d\u2019avis pour certains produits, alors il demande \u00e0 son fournisseur de retirer cet article trop cher ou de le remplacer par un autre article moins cher.<\/li>\n\n\n<\/ol>\n\n\nDu fait qu\u2019on ne peut pas changer de la r\u00e9f\u00e9rence du produit dans une ligne d\u00e9j\u00e0 enregistr\u00e9e,\nL\u2019utilisateur supprime la ligne erron\u00e9e et ajoute une nouvelle ligne pour un autre produit.\n\nExemples : S\u2019il faut corriger un document de ventes ou d'achat,\nou on supprime une facture d'achat ou un bon de livraison de 50 lignes,\nou on supprime une correction de stock qui contient 350 lignes de produits\nalors ces lignes effac\u00e9es laisseront des trous dans les identifiants de LINE.fic.\n\nL\u2019utilisateur pourrait aussi supprimer une note d\u2019envoi dans le cas d\u2019une commande refus\u00e9e par l\u2019acheteur qui a chang\u00e9 d\u2019avis ou qui n\u2019a pas d\u2019argent pour payer au moment de la livraison.\nDans ce cas, il ne peut pas faire une note de cr\u00e9dit pour une note d\u2019envoi car \u00e7a n\u2019existe pas ! Alors il pourrait supprimer la note d\u2019envoi ou la laisser \u00e0 ZERO en supprimant toutes les lignes.\n\nSuivant le r\u00e8glement R.G. P.D. et pour la protection de vos donn\u00e9es contre les pirates, les donn\u00e9es de toutes les tables sont encrypt\u00e9es avec un mot de passe qui n\u2019est connu que par une seule personne. Mais il existe la possibilit\u00e9 d\u2019exporter toutes les donn\u00e9es contenues dans les tables vers Excel (fichiers *.CSV).[\/vc_column_text][\/vc_column][\/vc_row]\n--><\/p>","protected":false},"excerpt":{"rendered":"","protected":false},"author":1,"featured_media":0,"parent":0,"menu_order":0,"comment_status":"closed","ping_status":"closed","template":"","meta":{"footnotes":""},"class_list":["post-1370","page","type-page","status-publish","hentry"],"_links":{"self":[{"href":"https:\/\/megawin.be\/nl\/wp-json\/wp\/v2\/pages\/1370","targetHints":{"allow":["GET"]}}],"collection":[{"href":"https:\/\/megawin.be\/nl\/wp-json\/wp\/v2\/pages"}],"about":[{"href":"https:\/\/megawin.be\/nl\/wp-json\/wp\/v2\/types\/page"}],"author":[{"embeddable":true,"href":"https:\/\/megawin.be\/nl\/wp-json\/wp\/v2\/users\/1"}],"replies":[{"embeddable":true,"href":"https:\/\/megawin.be\/nl\/wp-json\/wp\/v2\/comments?post=1370"}],"version-history":[{"count":6,"href":"https:\/\/megawin.be\/nl\/wp-json\/wp\/v2\/pages\/1370\/revisions"}],"predecessor-version":[{"id":1520,"href":"https:\/\/megawin.be\/nl\/wp-json\/wp\/v2\/pages\/1370\/revisions\/1520"}],"wp:attachment":[{"href":"https:\/\/megawin.be\/nl\/wp-json\/wp\/v2\/media?parent=1370"}],"curies":[{"name":"wp","href":"https:\/\/api.w.org\/{rel}","templated":true}]}}