

{"id":1521,"date":"2024-07-01T09:32:33","date_gmt":"2024-07-01T09:32:33","guid":{"rendered":"https:\/\/megawin.be\/?page_id=1521"},"modified":"2024-07-01T11:45:16","modified_gmt":"2024-07-01T11:45:16","slug":"api","status":"publish","type":"page","link":"https:\/\/megawin.be\/nl\/api\/","title":{"rendered":"API"},"content":{"rendered":"<p>[vc_row][vc_column width=\u00a0\u00bb2\/3&Prime;][vc_column_text]<\/p>\n<h1><strong>MEGAWIN<\/strong><\/h1>\n<h2>pour les d\u00e9veloppeurs<\/h2>\n<p>Vous pouvez aussi travailler avec MEGAWIN en tant que d\u00e9veloppeur externe.<\/p>\n<p>Si vous voulez cr\u00e9er une int\u00e9gration entre votre application et MEGAWIN , vous pouvez commencer par consulter notre documentation, notre biblioth\u00e8que et notre exemple de code.[\/vc_column_text][\/vc_column][vc_column width=\u00a0\u00bb1\/3&Prime;][vc_single_image image=\u00a0\u00bb1529&Prime; img_size=\u00a0\u00bb250&#215;250&Prime;][\/vc_column][\/vc_row]<\/p>","protected":false},"excerpt":{"rendered":"<p>[vc_row][vc_column width=\u00a0\u00bb2\/3&Prime;][vc_column_text] MEGAWIN pour les d\u00e9veloppeurs Vous pouvez aussi travailler avec MEGAWIN en tant que d\u00e9veloppeur externe. Si vous voulez cr\u00e9er une int\u00e9gration entre votre application<span class=\"excerpt-hellip\"> [\u2026]<\/span><\/p>","protected":false},"author":1,"featured_media":0,"parent":0,"menu_order":0,"comment_status":"closed","ping_status":"closed","template":"","meta":{"footnotes":""},"class_list":["post-1521","page","type-page","status-publish","hentry"],"_links":{"self":[{"href":"https:\/\/megawin.be\/nl\/wp-json\/wp\/v2\/pages\/1521","targetHints":{"allow":["GET"]}}],"collection":[{"href":"https:\/\/megawin.be\/nl\/wp-json\/wp\/v2\/pages"}],"about":[{"href":"https:\/\/megawin.be\/nl\/wp-json\/wp\/v2\/types\/page"}],"author":[{"embeddable":true,"href":"https:\/\/megawin.be\/nl\/wp-json\/wp\/v2\/users\/1"}],"replies":[{"embeddable":true,"href":"https:\/\/megawin.be\/nl\/wp-json\/wp\/v2\/comments?post=1521"}],"version-history":[{"count":4,"href":"https:\/\/megawin.be\/nl\/wp-json\/wp\/v2\/pages\/1521\/revisions"}],"predecessor-version":[{"id":1539,"href":"https:\/\/megawin.be\/nl\/wp-json\/wp\/v2\/pages\/1521\/revisions\/1539"}],"wp:attachment":[{"href":"https:\/\/megawin.be\/nl\/wp-json\/wp\/v2\/media?parent=1521"}],"curies":[{"name":"wp","href":"https:\/\/api.w.org\/{rel}","templated":true}]}}