

{"id":1525,"date":"2024-07-01T09:41:33","date_gmt":"2024-07-01T09:41:33","guid":{"rendered":"https:\/\/megawin.be\/?page_id=1525"},"modified":"2025-11-05T17:55:00","modified_gmt":"2025-11-05T17:55:00","slug":"peppol","status":"publish","type":"page","link":"https:\/\/megawin.be\/nl\/peppol\/","title":{"rendered":"Facturation \u00e9lectronique &#8211; Peppol \/ UBL \/ XML"},"content":{"rendered":"<p>[vc_row][vc_column][vc_column_text]<\/p>\n<h1><strong>Module voor elektronische facturatie<\/strong><\/h1>\n<p>[\/vc_column_text][\/vc_column][\/vc_row][vc_row][vc_column width=\u00a0\u00bb4\/6&Prime; css=\u00a0\u00bb.vc_custom_1741940551307{margin-bottom: -40px !important;}\u00a0\u00bb][vc_column_text css=\u00a0\u00bb.vc_custom_1762365179193{margin-top: -5px !important;}\u00a0\u00bb]<\/p>\n<div style=\"font-size: calc(1em + 2px); line-height: 1.6;\">\n<h4>Stap eenvoudig over op e-facturatie.<\/h4>\n<p style=\"color:#ff003b!important;; margin: 6px 0 12px;\">E-facturatie wordt verplicht vanaf januari 2026.<\/p>\n<p class=\" translation-block\">Wij zijn verheugd te kunnen aankondigen dat deze nieuwe module al klaar is<br> om u te helpen eenvoudig over te stappen op <strong>e-facturatie<\/strong>!<\/p>\n<p class=\" translation-block\">Dit systeem \u2018<strong>e-facturatie<\/strong>\u2019 maakt het mogelijk uw facturen naar <strong>PEPPOL<\/strong> te verzenden<br> via het door Peppol gecertificeerde Access Point <CODA BOX>.<\/p>\n<p class=\" translation-block\">Zodra u een factuur op papier afdrukt of per e-mail naar uw klant stuurt, maakt MEGAWIN automatisch een digitaal bestand in UBL-formaat en stuurt het naar het PEPPOL-platform. Uw klant ontvangt een e-mail met zowel een PDF- als XML-bestand.<\/p>\n<p class=\" translation-block\">Het is mogelijk dit te importeren in boekhoud- of facturatiesoftware.<br>\nAlle producten die op de factuur staan, worden overgenomen in een aankoopfactuur,<br>\nwaardoor u niet langer alle artikelen handmatig hoeft in te voeren.<\/p>\n<p>Tegen het einde van dit jaar moeten alle Europese bedrijven zich bij PEPPOL.<\/p>\n<p style=\"color: #295519; font-weight: bold; margin-top: 12px;\">MEGAWIN begeleidt u bij deze overgang naar digitalisering\u2026<\/p>\n<\/div>\n<p>[\/vc_column_text][\/vc_column][vc_column width=\u00a0\u00bb2\/6&Prime;][vc_single_image image=\u00a0\u00bb1676&Prime; img_size=\u00a0\u00bbmedium\u00a0\u00bb alignment=\u00a0\u00bbcenter\u00a0\u00bb css=\u00a0\u00bb.vc_custom_1762365228040{margin-top: -20px !important;}\u00a0\u00bb][vc_single_image image=\u00a0\u00bb1686&Prime; img_size=\u00a0\u00bbmedium\u00a0\u00bb alignment=\u00a0\u00bbcenter\u00a0\u00bb css=\u00a0\u00bb.vc_custom_1762365296164{margin-top: -40px !important;}\u00a0\u00bb][\/vc_column][\/vc_row][vc_row][vc_column css=\u00a0\u00bb.vc_custom_1760689972818{margin-top: -20px !important;}\u00a0\u00bb][vc_single_image image=\u00a0\u00bb1705&Prime; img_size=\u00a0\u00bbfull\u00a0\u00bb alignment=\u00a0\u00bbcenter\u00a0\u00bb css=\u00a0\u00bb.vc_custom_1762286951345{border-radius: 10px !important;}\u00a0\u00bb][\/vc_column][\/vc_row][vc_row][vc_column width=\u00a0\u00bb1\/6&Prime;][\/vc_column][vc_column width=\u00a0\u00bb2\/3&Prime;][vc_column_text]<\/p>\n<h3><strong>Qu&rsquo;est-ce que Peppol ?<\/strong><\/h3>\n<p>Peppol, qui signifie Pan-European Public Procurement Online, est un r\u00e9seau s\u00e9curis\u00e9 con\u00e7u pour la transmission de documents commerciaux num\u00e9riques comme les factures. Co-financ\u00e9 par la Commission europ\u00e9enne et 18 organismes publics, Peppol vise \u00e0 simplifier le processus d&rsquo;achat et de paiement entre les entit\u00e9s publiques et les fournisseurs. Bien que d\u00e9velopp\u00e9 en collaboration avec la Commission europ\u00e9enne, le r\u00e9seau Peppol a une port\u00e9e internationale et est de plus en plus adopt\u00e9 en dehors de l&rsquo;Europe, \u00e9tablissant une nouvelle norme pour l&rsquo;envoi de factures.[\/vc_column_text][\/vc_column][vc_column width=\u00a0\u00bb1\/6&Prime;][\/vc_column][\/vc_row][vc_row][vc_column width=\u00a0\u00bb1\/6&Prime;][\/vc_column][vc_column width=\u00a0\u00bb2\/3&Prime;][vc_column_text]<\/p>\n<h3><strong>Comment fonctionne Peppol ?<\/strong><\/h3>\n<p>Peppol est un r\u00e9seau s\u00e9curis\u00e9 o\u00f9 des Points d&rsquo;acc\u00e8s agr\u00e9\u00e9s \u00e9changent des documents num\u00e9riques comme des factures. Vous pouvez vous connecter \u00e0 ces Points d&rsquo;acc\u00e8s en utilisant le logiciel d&rsquo;un fournisseur de services ou en reliant votre propre logiciel. Pour vous inscrire, il vous faut un identifiant unique. En Belgique, cet identifiant est votre num\u00e9ro d&rsquo;entreprise ou votre num\u00e9ro GLN.<br \/>\n[\/vc_column_text][\/vc_column][vc_column width=\u00a0\u00bb1\/6&Prime;][\/vc_column][\/vc_row][vc_row][vc_column width=\u00a0\u00bb1\/6&Prime;][\/vc_column][vc_column width=\u00a0\u00bb2\/3&Prime;][vc_column_text]<\/p>\n<h3><strong>Qu&rsquo;est-ce qu&rsquo;une facture num\u00e9rique ?<\/strong><\/h3>\n<p>Le r\u00e9seau Peppol permet d&rsquo;envoyer uniquement des factures \u00e9lectroniques, qui sont des fichiers XML enti\u00e8rement num\u00e9riques, contrairement aux factures au format PDF. Ces factures \u00e9lectroniques sont con\u00e7ues selon la norme internationale UBL (Universal Business Language) pour les documents commerciaux. Cela garantit que les fichiers peuvent \u00eatre lus et trait\u00e9s automatiquement par des logiciels de facturation dans le monde entier.[\/vc_column_text][\/vc_column][vc_column width=\u00a0\u00bb1\/6&Prime;][\/vc_column][\/vc_row][vc_row][vc_column width=\u00a0\u00bb1\/6&Prime;][\/vc_column][vc_column width=\u00a0\u00bb2\/3&Prime;][vc_column_text]<\/p>\n<h3><strong>Quels sont les avantages de la facturation \u00e9lectronique ?<\/strong><\/h3>\n<p>Peppol est un r\u00e9seau s\u00e9curis\u00e9 qui permet d&rsquo;\u00e9changer des donn\u00e9es financi\u00e8res sensibles en toute s\u00e9curit\u00e9. L&rsquo;identit\u00e9 de tous les utilisateurs est v\u00e9rifi\u00e9e, ce qui garantit l&rsquo;authenticit\u00e9 des factures et aide \u00e0 \u00e9viter la fraude.<\/p>\n<p>Peppol facilite \u00e9galement l&rsquo;automatisation de votre facturation. Les factures envoy\u00e9es via ce r\u00e9seau sont enti\u00e8rement num\u00e9riques, ce qui permet de les traiter automatiquement avec un logiciel de facturation. Les factures \u00e9lectroniques conformes \u00e0 la norme UBL sont lues sans erreur, \u00e9liminant la n\u00e9cessit\u00e9 de ressaisir les donn\u00e9es et r\u00e9duisant ainsi les erreurs humaines. En connectant votre compte bancaire, les paiements et les factures sont automatiquement rapproch\u00e9s, offrant une meilleure vue d&rsquo;ensemble de la situation financi\u00e8re de votre entreprise. De plus, Peppol est rapide : votre destinataire re\u00e7oit la facture dans les 10 minutes suivant l&rsquo;envoi, ce qui, combin\u00e9 au traitement automatique, vous fait gagner un temps pr\u00e9cieux.[\/vc_column_text][\/vc_column][vc_column width=\u00a0\u00bb1\/6&Prime;][\/vc_column][\/vc_row][vc_row][vc_column width=\u00a0\u00bb1\/6&Prime;][\/vc_column][vc_column width=\u00a0\u00bb2\/3&Prime;][vc_column_text]<\/p>\n<h3><strong>En quoi Peppol est-il si important ?<\/strong><\/h3>\n<p>Les autorit\u00e9s imposent de plus en plus l&rsquo;utilisation de Peppol pour envoyer des factures \u00e9lectroniques afin de lutter contre la fraude. En Belgique, par exemple, ceux qui facturent les autorit\u00e9s flamandes et f\u00e9d\u00e9rales doivent utiliser Peppol. Ce r\u00e9seau est \u00e9galement de plus en plus adopt\u00e9 dans d&rsquo;autres pays d&rsquo;Europe et dans le reste du monde, aussi bien pour les factures adress\u00e9es aux pouvoirs publics (B2G) que pour celles \u00e9chang\u00e9es entre entreprises (B2B).[\/vc_column_text][\/vc_column][vc_column width=\u00a0\u00bb1\/6&Prime;][\/vc_column][\/vc_row][vc_row][vc_column][vc_column_text]<\/p>\n<p style=\"text-align: center;\">Pour plus de renseignements, visitez cette page du minist\u00e8re :<\/p>\n<p style=\"text-align: center;\"><a href=\"https:\/\/efacture.belgium.be\/fr\/article\/tout-ce-quil-faut-savoir-sur-peppol\">https:\/\/efacture.belgium.be\/fr\/article\/tout-ce-quil-faut-savoir-sur-peppol<\/a><\/p>\n<p>[\/vc_column_text][\/vc_column][\/vc_row]<\/p>","protected":false},"excerpt":{"rendered":"<p>[vc_row][vc_column][vc_column_text] Module de Facturation \u00e9lectronique [\/vc_column_text][\/vc_column][\/vc_row][vc_row][vc_column width=\u00a0\u00bb4\/6&Prime; css=\u00a0\u00bb.vc_custom_1741940551307{margin-bottom: -40px !important;}\u00a0\u00bb][vc_column_text css=\u00a0\u00bb.vc_custom_1762365179193{margin-top: -5px !important;}\u00a0\u00bb] Passez \u00e0 l\u2019e-facturation en toute simplicit\u00e9 La facturation \u00e9lectronique sera obligatoire \u00e0 partir<span class=\"excerpt-hellip\"> [\u2026]<\/span><\/p>","protected":false},"author":1,"featured_media":0,"parent":0,"menu_order":0,"comment_status":"closed","ping_status":"closed","template":"","meta":{"footnotes":""},"class_list":["post-1525","page","type-page","status-publish","hentry"],"_links":{"self":[{"href":"https:\/\/megawin.be\/nl\/wp-json\/wp\/v2\/pages\/1525","targetHints":{"allow":["GET"]}}],"collection":[{"href":"https:\/\/megawin.be\/nl\/wp-json\/wp\/v2\/pages"}],"about":[{"href":"https:\/\/megawin.be\/nl\/wp-json\/wp\/v2\/types\/page"}],"author":[{"embeddable":true,"href":"https:\/\/megawin.be\/nl\/wp-json\/wp\/v2\/users\/1"}],"replies":[{"embeddable":true,"href":"https:\/\/megawin.be\/nl\/wp-json\/wp\/v2\/comments?post=1525"}],"version-history":[{"count":117,"href":"https:\/\/megawin.be\/nl\/wp-json\/wp\/v2\/pages\/1525\/revisions"}],"predecessor-version":[{"id":1747,"href":"https:\/\/megawin.be\/nl\/wp-json\/wp\/v2\/pages\/1525\/revisions\/1747"}],"wp:attachment":[{"href":"https:\/\/megawin.be\/nl\/wp-json\/wp\/v2\/media?parent=1525"}],"curies":[{"name":"wp","href":"https:\/\/api.w.org\/{rel}","templated":true}]}}