

{"id":203,"date":"2018-03-06T13:28:41","date_gmt":"2018-03-06T13:28:41","guid":{"rendered":"https:\/\/megawin.be\/?page_id=203"},"modified":"2022-05-02T13:44:27","modified_gmt":"2022-05-02T13:44:27","slug":"module-caisse-enregistreuse","status":"publish","type":"page","link":"https:\/\/megawin.be\/nl\/module-caisse-enregistreuse\/","title":{"rendered":"Module &#8211; caisse enregistreuse"},"content":{"rendered":"<p>[vc_row][vc_column][vc_column_text]<\/p>\n<h1>Kassaverkoop module<\/h1>\n<p>[\/vc_column_text][\/vc_column][\/vc_row][vc_row][vc_column width=\u00a0\u00bb2\/3&Prime;][vc_column_text]Le module de caisse* est tr\u00e8s utile pour les magasins de d\u00e9tails et les petits grossistes. Si vous avez un cash &#038; carry ou si vous faites des ventes aux particuliers alors ce module est pour vous !<\/p>\n<p>De MEGA-WIN-kassa werkt met het barcodesysteem, dat een snellere invoer van de artikelen in de kassa mogelijk maakt. U kunt gedetailleerde kassabonnen opmaken en deze afdrukken als ticket (70 mm) of in A4-formaat. Een klantendisplay, een ticketprinter, een erkende weegschaal van 15 kg en een kassalade die bij elke ticketafdruk wordt geopend, kunnen hierop worden aangesloten.<\/p>\n<p>Les tickets de caisse diminuent \u00e9galement les stocks. Transformer un ticket en facture quand vous voulez. Possibilit\u00e9 de regrouper plusieurs tickets en 1 seule facture.[\/vc_column_text][\/vc_column][vc_column width=\u00a0\u00bb1\/3&Prime;][vc_single_image image=\u00a0\u00bb548&Prime; img_size=\u00a0\u00bblarge\u00a0\u00bb alignment=\u00a0\u00bbcenter\u00a0\u00bb][\/vc_column][\/vc_row][vc_row][vc_column width=\u00a0\u00bb1\/4&Prime;][vc_single_image image=\u00a0\u00bb541&Prime; img_size=\u00a0\u00bblarge\u00a0\u00bb alignment=\u00a0\u00bbcenter\u00a0\u00bb][\/vc_column][vc_column width=\u00a0\u00bb3\/4&Prime;][vc_column_text]Si vous achetez ce module*, alors vous devrez mettre les chiffres des code-barres d\u2019une pi\u00e8ce et\/ou du carton dans la fiche de produit. Possibilit\u00e9 de cr\u00e9er des boutons avec ou sans photo pour les produits qui n\u2019ont pas de code-barres. Imprimer des \u00e9tiquettes avec vos propres code-barres pour les coller sur des produits ou placer sur les \u00e9tag\u00e8res\u2026<\/p>\n<p>Le module de Caisse vous permettra de mieux g\u00e9rer votre magasin et gagner du temps \u00e0 la caisse. Augmenter votre b\u00e9n\u00e9fice en r\u00e9duisant les erreurs \u00e0 la caisse. Vous pourrez consulter \u00e0 tout moment de la journ\u00e9e, votre chiffre d\u2019affaires et le montant exact des esp\u00e8ces qui doit se trouver dans chaque caisse.[\/vc_column_text][\/vc_column][\/vc_row][vc_row][vc_column width=\u00a0\u00bb2\/3&Prime;][vc_column_text]On peut relier l\u2019ordinateur de la caisse \u00e0 un terminal de paiement Banksys pour envoyer le montant \u00e0 payer directement \u00e0 l\u2019appareil Bancontact, m\u00eame pour les cartes de cr\u00e9dit et les cheque-repas<\/p>\n<p>Si vous avez un \u00e9cran tactile, Le vendeur peut s\u00e9lectionner aussi des produits sans code-barre. il choisit un groupe de produits (Exemples: fruits ou l\u00e9gumes ou pains) et il clique avec son doigt sur un bouton de produit. Puis on peut changer la quantit\u00e9 (exemple: X 5). Le prix de vente pour les particuliers s&rsquo;affiche TTC \u00e0 l&rsquo;\u00e9cran et sur l&rsquo;afficheur de client. Quand on a termin\u00e9 la vente, on fait un sous-total et on peut mettre 5 paiements diff\u00e9rents par ticket: Esp\u00e8ces, Bancontact, ch\u00e8que, cartes de cr\u00e9dit, ch\u00e8que-repas. Puis on appuie sur pour finaliser la vente<\/p>\n<p>Augmentez la rentabilit\u00e9 de votre commerce gr\u00e2ce \u00e0 la modernit\u00e9 d\u2019un syst\u00e8me caisse tactile \u00e0 la pointe de la technologie.[\/vc_column_text][\/vc_column][vc_column width=\u00a0\u00bb1\/3&Prime;][vc_single_image image=\u00a0\u00bb549&Prime; img_size=\u00a0\u00bblarge\u00a0\u00bb alignment=\u00a0\u00bbcenter\u00a0\u00bb][\/vc_column][\/vc_row][vc_row][vc_column css=\u00a0\u00bb.vc_custom_1522842760360{margin-top: -30px !important;}\u00a0\u00bb][vc_column_text]\u2022 Gestion des tailles diff\u00e9rentes par article<br \/>\n\u2022 Beheer klanten en kortingen<br \/>\n\u2022 Serienummerbeheer tijdens de verkoop<br \/>\n\u2022 Beheer kassamedewerkers en machtigingen per kassamedewerker<\/p>\n<p><strong>Verhoog de winstgevendheid van uw bedrijf dankzij een modern en hoogtechnologisch kassasysteem met touchscreen.<\/strong>[\/vc_column_text][\/vc_column][\/vc_row]<\/p>","protected":false},"excerpt":{"rendered":"<p>[vc_row][vc_column][vc_column_text] Module de caisse [\/vc_column_text][\/vc_column][\/vc_row][vc_row][vc_column width=\u00a0\u00bb2\/3&Prime;][vc_column_text]Le module de caisse* est tr\u00e8s utile pour les magasins de d\u00e9tails et les petits grossistes. Si vous avez un cash<span class=\"excerpt-hellip\"> [\u2026]<\/span><\/p>","protected":false},"author":1,"featured_media":0,"parent":0,"menu_order":0,"comment_status":"closed","ping_status":"closed","template":"","meta":{"footnotes":""},"class_list":["post-203","page","type-page","status-publish","hentry"],"_links":{"self":[{"href":"https:\/\/megawin.be\/nl\/wp-json\/wp\/v2\/pages\/203","targetHints":{"allow":["GET"]}}],"collection":[{"href":"https:\/\/megawin.be\/nl\/wp-json\/wp\/v2\/pages"}],"about":[{"href":"https:\/\/megawin.be\/nl\/wp-json\/wp\/v2\/types\/page"}],"author":[{"embeddable":true,"href":"https:\/\/megawin.be\/nl\/wp-json\/wp\/v2\/users\/1"}],"replies":[{"embeddable":true,"href":"https:\/\/megawin.be\/nl\/wp-json\/wp\/v2\/comments?post=203"}],"version-history":[{"count":12,"href":"https:\/\/megawin.be\/nl\/wp-json\/wp\/v2\/pages\/203\/revisions"}],"predecessor-version":[{"id":1340,"href":"https:\/\/megawin.be\/nl\/wp-json\/wp\/v2\/pages\/203\/revisions\/1340"}],"wp:attachment":[{"href":"https:\/\/megawin.be\/nl\/wp-json\/wp\/v2\/media?parent=203"}],"curies":[{"name":"wp","href":"https:\/\/api.w.org\/{rel}","templated":true}]}}