

{"id":205,"date":"2018-03-06T13:29:01","date_gmt":"2018-03-06T13:29:01","guid":{"rendered":"https:\/\/megawin.be\/?page_id=205"},"modified":"2018-04-11T10:32:00","modified_gmt":"2018-04-11T10:32:00","slug":"module-gestion-des-numeros-de-lots","status":"publish","type":"page","link":"https:\/\/megawin.be\/nl\/module-gestion-des-numeros-de-lots\/","title":{"rendered":"Module &#8211; gestion des num\u00e9ros de lots"},"content":{"rendered":"<p>[vc_row][vc_column width=\u00a0\u00bb2\/3&Prime; css=\u00a0\u00bb.vc_custom_1523440312556{padding-right: 40px !important;}\u00a0\u00bb][vc_column_text]<\/p>\n<h1>Lotnummers module<\/h1>\n<p><br \/>\nHet beheer van de partijnummers van uw voedingsproducten is eenvoudig met onze traceerbaarheidsmodule. Als u groothandelaar in levensmiddelen of fabrikant bent, dan is deze module onmisbaar voor u.<\/p>\n<p>Les aliments et boissons doivent avoir des lots imprim\u00e9s sur leur emballages. Les num\u00e9ros de lot sont attribu\u00e9s en fonction de la date de production et d\u2019entr\u00e9e dans le stock ou du num\u00e9ro d\u2019article. Pour chaque produit fini, il faut enregistrer les num\u00e9ros de lots de chacun des composants et cr\u00e9er un nouveau num\u00e9ro de lot pour le produit fini gr\u00e2ce \u00e0 Mega-win (Bouton Nouveau lot). Possibilit\u00e9 de mettre une date de p\u00e9remption (D.L.C.), le nom du fournisseur, la quantit\u00e9 achet\u00e9e, ce qui augmente le stock.[\/vc_column_text][\/vc_column][vc_column width=\u00a0\u00bb1\/3&Prime;][vc_single_image image=\u00a0\u00bb572&Prime; img_size=\u00a0\u00bblarge\u00a0\u00bb alignment=\u00a0\u00bbcenter\u00a0\u00bb css=\u00a0\u00bb.vc_custom_1523441834034{margin-top: 10px !important;padding-right: 40px !important;}\u00a0\u00bb][\/vc_column][\/vc_row][vc_row][vc_column width=\u00a0\u00bb2\/3&Prime; css=\u00a0\u00bb.vc_custom_1523442481230{margin-top: -20px !important;}\u00a0\u00bb][vc_column_text]MEGA-WIN vous permettra donc de faire une <strong>gestion de stock PAR LOT<\/strong>. Quand l\u2019AFSCA viendra faire un contr\u00f4le chez vous, vous ouvrez la liste des lots, recherchez le num\u00e9ro de lot ou la r\u00e9f\u00e9rence de l\u2019article et cliquez sur le bouton Historiques pour afficher tous les mouvements achats et ventes par lot, afin de voir tous les clients \u00e0 qui vous avez vendu ce produit.<\/p>\n<p>Bij de aankoop van goederen moet u het partijnummer van uw leverancier of fabrikant invoeren. Als er geen partijnummer staat afgedrukt, kan MEGA-WIN een nieuw partijnummer aanmaken. Bij de verkoop kunt u de partijen selecteren die bij de geselecteerde producten horen. MEGA-WIN werkt met het FIFO * -systeem, dus de oudste artikelen die op voorraad zijn, worden het eerst aangeboden.<\/p>\n<p>In de algemene lijst ziet u de vervallen partijen in het rood. De voorraden van elke partij worden weergegeven in de algemene lijst en er kunnen filters op worden toegepast.<\/p>\n<p>MEGA-WIN zorgt voor een oplopende traceerbaarheid (het stroomopwaartse parcours van het product wordt getraceerd) en een aflopende traceerbaarheid (het stroomafwaartse parcours van een product).<\/p>\n<p><b>U kunt ook een barcodescanner gebruiken bij de aankoop en de verkoop.<\/b>[\/vc_column_text][\/vc_column][vc_column width=\u00a0\u00bb1\/3&Prime;][vc_single_image image=\u00a0\u00bb579&Prime; img_size=\u00a0\u00bblarge\u00a0\u00bb alignment=\u00a0\u00bbcenter\u00a0\u00bb][\/vc_column][\/vc_row][vc_row][vc_column][vc_single_image image=\u00a0\u00bb562&Prime; img_size=\u00a0\u00bblarge\u00a0\u00bb alignment=\u00a0\u00bbcenter\u00a0\u00bb][\/vc_column][\/vc_row][vc_row][vc_column][\/vc_column][\/vc_row]<\/p>","protected":false},"excerpt":{"rendered":"<p>[vc_row][vc_column width=\u00a0\u00bb2\/3&Prime; css=\u00a0\u00bb.vc_custom_1523440312556{padding-right: 40px !important;}\u00a0\u00bb][vc_column_text] Gestion des num\u00e9ros de lots G\u00e9rez facilement les num\u00e9ros de lots de vos produits alimentaires gr\u00e2ce \u00e0 notre module de tra\u00e7abilit\u00e9.<span class=\"excerpt-hellip\"> [\u2026]<\/span><\/p>","protected":false},"author":1,"featured_media":0,"parent":0,"menu_order":0,"comment_status":"closed","ping_status":"closed","template":"","meta":{"footnotes":""},"class_list":["post-205","page","type-page","status-publish","hentry"],"_links":{"self":[{"href":"https:\/\/megawin.be\/nl\/wp-json\/wp\/v2\/pages\/205","targetHints":{"allow":["GET"]}}],"collection":[{"href":"https:\/\/megawin.be\/nl\/wp-json\/wp\/v2\/pages"}],"about":[{"href":"https:\/\/megawin.be\/nl\/wp-json\/wp\/v2\/types\/page"}],"author":[{"embeddable":true,"href":"https:\/\/megawin.be\/nl\/wp-json\/wp\/v2\/users\/1"}],"replies":[{"embeddable":true,"href":"https:\/\/megawin.be\/nl\/wp-json\/wp\/v2\/comments?post=205"}],"version-history":[{"count":16,"href":"https:\/\/megawin.be\/nl\/wp-json\/wp\/v2\/pages\/205\/revisions"}],"predecessor-version":[{"id":586,"href":"https:\/\/megawin.be\/nl\/wp-json\/wp\/v2\/pages\/205\/revisions\/586"}],"wp:attachment":[{"href":"https:\/\/megawin.be\/nl\/wp-json\/wp\/v2\/media?parent=205"}],"curies":[{"name":"wp","href":"https:\/\/api.w.org\/{rel}","templated":true}]}}