

{"id":207,"date":"2018-03-06T13:29:29","date_gmt":"2018-03-06T13:29:29","guid":{"rendered":"https:\/\/megawin.be\/?page_id=207"},"modified":"2018-04-11T10:20:44","modified_gmt":"2018-04-11T10:20:44","slug":"module-gestion-des-numeros-de-serie","status":"publish","type":"page","link":"https:\/\/megawin.be\/nl\/module-gestion-des-numeros-de-serie\/","title":{"rendered":"Module &#8211; gestion des num\u00e9ros de serie"},"content":{"rendered":"<p>[vc_row][vc_column][vc_column_text]<\/p>\n<h1>Serienummers module<\/h1>\n<p>Deze module wordt aanbevolen voor winkels en groothandels in huishoudelijke apparaten, computers, telefonie en elektronica.<br \/>\nHiermee kunt u de serienummers beheren die men op veel apparaten zoals GSM\u2019s, TV\u2019s, PC\u2019s, schermen, printers, enz. terugvindt.<\/p>\n<p>Les num\u00e9ros de s\u00e9rie vous aideront \u00e0 faire une tra\u00e7abilit\u00e9 de chaque appareil vendu afin de connaitre l&rsquo;origine du produit:<br \/>\nle nom du fournisseur, la date et le prix d&rsquo;achat, la date de fin de la garantie.<br \/>\nWanneer een klant u een defect apparaat terugbrengt, weet u aan de hand van het serienummer of hij dit apparaat bij u of ergens anders heeft gekocht en ook of het nog onder de garantie valt.<\/p>\n<p>Wanneer u aankoopfacturen ingeeft, moet u het serienummer van de ontvangen apparaten en het aantal maanden garantie invoeren.<br \/>\nBij de verkoop kunt u de serienummers selecteren die bij de te leveren producten horen. Ons programma stelt u de nummers voor die nog op voorraad zijn (niet verkocht).<\/p>\n<p>In de algemene lijst met serienummers ziet u de beschikbare nummers in het groen verschijnen. Maar als een nummer nog op voorraad is en de garantie is vervallen, dan verschijnt het nummer in het rood.<br \/>\nEr kan een filter worden toegepast op de algemene lijst en er kan worden gezocht op serienummer.<br \/>\nVous pouvez aussi utiliser un scanner de code-barres lors des achats et des ventes&#8230;[\/vc_column_text][vc_single_image image=\u00a0\u00bb559&Prime; img_size=\u00a0\u00bblarge\u00a0\u00bb alignment=\u00a0\u00bbcenter\u00a0\u00bb][\/vc_column][\/vc_row]<\/p>","protected":false},"excerpt":{"rendered":"<p>[vc_row][vc_column][vc_column_text] Module des num\u00e9ros de s\u00e9rie Ce module est conseill\u00e9 pour les magasins et grossiste d\u2019\u00e9lectrom\u00e9nagers, d\u2019informatique, de t\u00e9l\u00e9phonie, d&rsquo;\u00e9lectroniques. il permet de faire une gestion<span class=\"excerpt-hellip\"> [\u2026]<\/span><\/p>","protected":false},"author":1,"featured_media":0,"parent":0,"menu_order":0,"comment_status":"closed","ping_status":"closed","template":"","meta":{"footnotes":""},"class_list":["post-207","page","type-page","status-publish","hentry"],"_links":{"self":[{"href":"https:\/\/megawin.be\/nl\/wp-json\/wp\/v2\/pages\/207","targetHints":{"allow":["GET"]}}],"collection":[{"href":"https:\/\/megawin.be\/nl\/wp-json\/wp\/v2\/pages"}],"about":[{"href":"https:\/\/megawin.be\/nl\/wp-json\/wp\/v2\/types\/page"}],"author":[{"embeddable":true,"href":"https:\/\/megawin.be\/nl\/wp-json\/wp\/v2\/users\/1"}],"replies":[{"embeddable":true,"href":"https:\/\/megawin.be\/nl\/wp-json\/wp\/v2\/comments?post=207"}],"version-history":[{"count":3,"href":"https:\/\/megawin.be\/nl\/wp-json\/wp\/v2\/pages\/207\/revisions"}],"predecessor-version":[{"id":581,"href":"https:\/\/megawin.be\/nl\/wp-json\/wp\/v2\/pages\/207\/revisions\/581"}],"wp:attachment":[{"href":"https:\/\/megawin.be\/nl\/wp-json\/wp\/v2\/media?parent=207"}],"curies":[{"name":"wp","href":"https:\/\/api.w.org\/{rel}","templated":true}]}}