

{"id":209,"date":"2018-03-06T13:29:49","date_gmt":"2018-03-06T13:29:49","guid":{"rendered":"https:\/\/megawin.be\/?page_id=209"},"modified":"2018-04-23T10:38:52","modified_gmt":"2018-04-23T10:38:52","slug":"module-gestion-des-production","status":"publish","type":"page","link":"https:\/\/megawin.be\/nl\/module-gestion-des-production\/","title":{"rendered":"Module &#8211; gestion des production"},"content":{"rendered":"<p>[vc_row][vc_column][vc_column_text]<\/p>\n<h1>Productiebeheer<\/h1>\n<p>[\/vc_column_text][\/vc_column][\/vc_row][vc_row][vc_column width=\u00a0\u00bb1\/3&Prime;][vc_single_image image=\u00a0\u00bb605&Prime; img_size=\u00a0\u00bblarge\u00a0\u00bb alignment=\u00a0\u00bbcenter\u00a0\u00bb css_animation=\u00a0\u00bbbounceInLeft\u00a0\u00bb][\/vc_column][vc_column width=\u00a0\u00bb2\/3&Prime;][vc_column_text]Ce module est id\u00e9al pour les fabricants, producteurs, assembleurs, emballeurs. Vous pourrez g\u00e9rer facilement les stocks des produits finis et des mati\u00e8res premi\u00e8res (ingr\u00e9dients\/ composants).<\/p>\n<p>Gr\u00e2ce au module de production, vous pouvez choisir la nature de vos articles: normal, composant achet\u00e9, composant fabriqu\u00e9, article de production. Ce dernier ouvrira une nouvelle fen\u00eatre pour saisir la formule de production par unit\u00e9 (par pi\u00e8ce, par kilo, &#8230;) dans laquelle on peut s\u00e9lectionner des ingr\u00e9dients\/composants que vous utilisez dans la production. Cette formule (ou la recette) sert de base pour remplir automatiquement les documents de production. Elle permet aussi de calculez le prix de revient (co\u00fbt de production) d&rsquo;un produit fini. Le prix de revient est tr\u00e8s important pour calculer les prix de vente justes et aussi pour calculer votre b\u00e9n\u00e9fice pour chaque vente.[\/vc_column_text][\/vc_column][\/vc_row][vc_row][vc_column width=\u00a0\u00bb2\/3&Prime; css=\u00a0\u00bb.vc_custom_1523626093022{margin-top: -60px !important;}\u00a0\u00bb][vc_column_text]&nbsp;<\/p>\n<p>MEGA-WIN biedt 3 soorten productiedocumenten:<\/p>\n<p><strong>1) De vraag naar productie:<\/strong> de verantwoordelijke kan in dit document de te fabriceren (of te assembleren) producten ingeven, op basis van de bestellingen van de klanten en de beschikbare voorraden. Hij kan ook de hoeveelheden ingredi\u00ebnten\/bestanddelen controleren die nodig zijn voor de geplande productie. Als er grondstoffen ontbreken, kan hij orders opstellen om de ontbrekende ingredi\u00ebnten\/bestanddelen aan te kopen.<\/p>\n<p><strong>2) Het productieorder:<\/strong> dit document moet worden bezorgd aan de arbeiders die instaan voor de productie en aan de magazijnier die de nodige ingredi\u00ebnten\/bestanddelen in het magazijn moet ophalen.  Deze ingredi\u00ebnten\/bestanddelen worden op die manier uit de voorraad gehaald.<\/p>\n<p><strong>3) De productiefiche:<\/strong> zodra de eindproducten in productie gaan, verandert de bestelling in een productiefiche. Dit document zorgt automatisch voor voorraadbewegingen:  de voorraad eindproducten neemt toe en de voorraad van de gebruikte bestanddelen neemt af.<\/p>\n<p>Na de be\u00ebindiging van de productie moet de gebruiker de werkelijk geproduceerde hoeveelheden controleren. Hij kan ze vervolgens corrigeren en de productiefiche valideren.<\/p>\n<p>Deze bevestiging na afloop van de productie is nodig om de voorraadhoeveelheden te laten toenemen.<\/p>\n<p>Elk van deze stappen wordt beheerd door MEGA-WIN, maar geen enkele is verplicht. U kunt zelf de productiecyclus bepalen en MEGA-WIN zal zich aanpassen aan uw manier van werken.<\/p>\n<p>Belangrijk: als u de productiefiches correct ingeeft, berekent MEGA-WIN ook de kostprijs van elk eindproduct.<\/p>\n<p>Als u ook de traceerbaarheidsmodule aankoopt, zal MEGA-WIN automatisch partijnummers toekennen aan de eindproducten.<\/p>\n<p>MEGA-WIN biedt de mogelijkheid om de gebruikte partijen van ingredi\u00ebnten te selecteren met het oog op een correcte traceerbaarheid!<\/p>\n<p>Als u een verpakker bent, kunt u verpakkingsfiches opstellen op basis van de ingredi\u00ebnten in bulk die u in plastic zakken verpakt. Er kunnen mengsels worden gemaakt van verschillende ingredi\u00ebnten.<\/p>\n<p>Nous pouvons cr\u00e9er pour vous des \u00e9tiquettes \u00e0 coller sur chaque pi\u00e8ce et\/ou sur les cartons. Chaque \u00e9tiquette aura votre logo, le codebarres, la date de productions, D.L.C, le num\u00e9ro de lots et \u00e9ventuellement les ingr\u00e9dients utilis\u00e9s.[\/vc_column_text][\/vc_column][vc_column width=\u00a0\u00bb1\/3&Prime;][vc_single_image image=\u00a0\u00bb602&Prime; img_size=\u00a0\u00bblarge\u00a0\u00bb css_animation=\u00a0\u00bbbounceInRight\u00a0\u00bb css=\u00a0\u00bb.vc_custom_1523631989554{margin-top: -10px !important;}\u00a0\u00bb][vc_single_image image=\u00a0\u00bb679&Prime; img_size=\u00a0\u00bblarge\u00a0\u00bb onclick=\u00a0\u00bblink_image\u00a0\u00bb][\/vc_column][\/vc_row][vc_row][vc_column][vc_single_image image=\u00a0\u00bb600&Prime; img_size=\u00a0\u00bblarge\u00a0\u00bb alignment=\u00a0\u00bbcenter\u00a0\u00bb css_animation=\u00a0\u00bbfadeInRightBig\u00a0\u00bb][\/vc_column][\/vc_row]<\/p>","protected":false},"excerpt":{"rendered":"<p>[vc_row][vc_column][vc_column_text] Gestion des Productions [\/vc_column_text][\/vc_column][\/vc_row][vc_row][vc_column width=\u00a0\u00bb1\/3&Prime;][vc_single_image image=\u00a0\u00bb605&Prime; img_size=\u00a0\u00bblarge\u00a0\u00bb alignment=\u00a0\u00bbcenter\u00a0\u00bb css_animation=\u00a0\u00bbbounceInLeft\u00a0\u00bb][\/vc_column][vc_column width=\u00a0\u00bb2\/3&Prime;][vc_column_text]Ce module est id\u00e9al pour les fabricants, producteurs, assembleurs, emballeurs. Vous pourrez g\u00e9rer facilement les stocks<span class=\"excerpt-hellip\"> [\u2026]<\/span><\/p>","protected":false},"author":1,"featured_media":0,"parent":0,"menu_order":0,"comment_status":"closed","ping_status":"closed","template":"","meta":{"footnotes":""},"class_list":["post-209","page","type-page","status-publish","hentry"],"_links":{"self":[{"href":"https:\/\/megawin.be\/nl\/wp-json\/wp\/v2\/pages\/209","targetHints":{"allow":["GET"]}}],"collection":[{"href":"https:\/\/megawin.be\/nl\/wp-json\/wp\/v2\/pages"}],"about":[{"href":"https:\/\/megawin.be\/nl\/wp-json\/wp\/v2\/types\/page"}],"author":[{"embeddable":true,"href":"https:\/\/megawin.be\/nl\/wp-json\/wp\/v2\/users\/1"}],"replies":[{"embeddable":true,"href":"https:\/\/megawin.be\/nl\/wp-json\/wp\/v2\/comments?post=209"}],"version-history":[{"count":15,"href":"https:\/\/megawin.be\/nl\/wp-json\/wp\/v2\/pages\/209\/revisions"}],"predecessor-version":[{"id":683,"href":"https:\/\/megawin.be\/nl\/wp-json\/wp\/v2\/pages\/209\/revisions\/683"}],"wp:attachment":[{"href":"https:\/\/megawin.be\/nl\/wp-json\/wp\/v2\/media?parent=209"}],"curies":[{"name":"wp","href":"https:\/\/api.w.org\/{rel}","templated":true}]}}