

{"id":211,"date":"2018-03-06T13:30:03","date_gmt":"2018-03-06T13:30:03","guid":{"rendered":"https:\/\/megawin.be\/?page_id=211"},"modified":"2020-04-17T11:14:06","modified_gmt":"2020-04-17T11:14:06","slug":"module-liaison-avec-lecommerce","status":"publish","type":"page","link":"https:\/\/megawin.be\/nl\/module-liaison-avec-lecommerce\/","title":{"rendered":"Module &#8211; liaison avec l&rsquo;eCommerce"},"content":{"rendered":"<p>[vc_row][vc_column width=\u00a0\u00bb2\/3&Prime;][vc_column_text]<\/p>\n<h1>Verbinding met de Webshop<\/h1>\n<p>[\/vc_column_text][\/vc_column][vc_column width=\u00a0\u00bb1\/3&Prime;][\/vc_column][\/vc_row][vc_row][vc_column width=\u00a0\u00bb1\/2&Prime;][vc_column_text]Si vous avez d\u00e9j\u00e0 un e-Commerce MEGA-SHOP ou une autre boutique en ligne<br \/>\nil possible de faire 2 type de liaison entre MEGA-WIN et votre Web shop :<\/p>\n<div style=\"margin-left: 50px; color: #000000;\">\n<p>1) Exportation des donn\u00e9es de base de MEGA-Win vers MEGA-Shop:<br \/>\nD\u00e8s que vous transf\u00e9rez vos donn\u00e9es de MEGA-Win vers MEGA-Shop:<br \/>\narticles, familles, clients, photos; votre e-Commerce sera actualis\u00e9.<\/p>\n<p>2) Importation des commandes en ligne : Les commandes valid\u00e9essur<br \/>\nle Web shop arriveront automatiquement dans MEGA-WIN<br \/>\nou dans votre logiciel de facturation actuelle\u2026<\/p>\n<\/div>\n<p>En effet, MEGA-SHOP fonctionne en liaison directe avec MEGA-WIN 3.2<\/p>\n<p>Si vous n\u2019avez pas encore d\u2019 e-Commerce, alors nous vous conseillons<br \/>\nvivement d\u2019acheter notre solution de ventes en ligne : <strong>MEGA-SHOP<\/strong><\/p>\n<p><strong>Visitez notre site : <a>https:\/\/mega-shop.be<\/a> pour plus d\u2019informations<\/strong>[\/vc_column_text][\/vc_column][vc_column width=\u00a0\u00bb1\/2&Prime;][vc_single_image image=\u00a0\u00bb1000&Prime; img_size=\u00a0\u00bblarge\u00a0\u00bb alignment=\u00a0\u00bbcenter\u00a0\u00bb][\/vc_column][\/vc_row]<\/p>","protected":false},"excerpt":{"rendered":"<p>[vc_row][vc_column width=\u00a0\u00bb2\/3&Prime;][vc_column_text] Liaison avec l&rsquo;eCommerce [\/vc_column_text][\/vc_column][vc_column width=\u00a0\u00bb1\/3&Prime;][\/vc_column][\/vc_row][vc_row][vc_column width=\u00a0\u00bb1\/2&Prime;][vc_column_text]Si vous avez d\u00e9j\u00e0 un e-Commerce MEGA-SHOP ou une autre boutique en ligne il possible de faire 2 type<span class=\"excerpt-hellip\"> [\u2026]<\/span><\/p>","protected":false},"author":1,"featured_media":0,"parent":0,"menu_order":0,"comment_status":"closed","ping_status":"closed","template":"","meta":{"footnotes":""},"class_list":["post-211","page","type-page","status-publish","hentry"],"_links":{"self":[{"href":"https:\/\/megawin.be\/nl\/wp-json\/wp\/v2\/pages\/211","targetHints":{"allow":["GET"]}}],"collection":[{"href":"https:\/\/megawin.be\/nl\/wp-json\/wp\/v2\/pages"}],"about":[{"href":"https:\/\/megawin.be\/nl\/wp-json\/wp\/v2\/types\/page"}],"author":[{"embeddable":true,"href":"https:\/\/megawin.be\/nl\/wp-json\/wp\/v2\/users\/1"}],"replies":[{"embeddable":true,"href":"https:\/\/megawin.be\/nl\/wp-json\/wp\/v2\/comments?post=211"}],"version-history":[{"count":4,"href":"https:\/\/megawin.be\/nl\/wp-json\/wp\/v2\/pages\/211\/revisions"}],"predecessor-version":[{"id":1001,"href":"https:\/\/megawin.be\/nl\/wp-json\/wp\/v2\/pages\/211\/revisions\/1001"}],"wp:attachment":[{"href":"https:\/\/megawin.be\/nl\/wp-json\/wp\/v2\/media?parent=211"}],"curies":[{"name":"wp","href":"https:\/\/api.w.org\/{rel}","templated":true}]}}