

{"id":213,"date":"2018-03-06T13:30:24","date_gmt":"2018-03-06T13:30:24","guid":{"rendered":"https:\/\/megawin.be\/?page_id=213"},"modified":"2020-04-24T09:17:55","modified_gmt":"2020-04-24T09:17:55","slug":"module-gestion-mutli-utilisateurs","status":"publish","type":"page","link":"https:\/\/megawin.be\/nl\/module-gestion-mutli-utilisateurs\/","title":{"rendered":"Module &#8211; gestion mutli-utilisateurs"},"content":{"rendered":"<p>[vc_row][vc_column][vc_column_text]<\/p>\n<h1>Gebruikersbeheer module<\/h1>\n<p>[\/vc_column_text][\/vc_column][\/vc_row][vc_row][vc_column width=\u00a0\u00bb1\/2&Prime;][vc_column_text]Les fiches utilisateurs sont importantes pour entrer dans MEGA-WIN. Chaque utilisateur qui ouvre MEGA-WIN doit introduire son nom de code (login) et son mot de passe correctement. Chaque document \u00e9tablit par un utilisateur comporte le nom de l\u2019utilisateur. Donc le patron peut savoir qui a cr\u00e9\u00e9 le document et\/ou qui l\u2019a modifi\u00e9.<\/p>\n<p>Si vous achetez la version r\u00e9seau de MEGA-WIN (multi-utilisateur), Alors vous pourrez cr\u00e9er plusieurs utilisateurs pour notre logiciel.<\/p>\n<p>Chaque utilisateur doit avoir un nom diff\u00e9rent, vous pouvez mettre un mot de passe de 10 caract\u00e8res alphanum\u00e9rique. Chaque utilisateur peut avoir sa propre langue d\u2019affichage des \u00e9crans. Exemple\u00a0: \u00a0L\u2019utilisateur 1 ouvrira Mega-win en Fran\u00e7ais et L\u2019utilisateur en n\u00e9erlandais.<\/p>\n<p>Champ \u00ab <strong>Fonction<\/strong> \u00bb, c\u2019est pour dire si c\u2019est par exemple le patron, le manager, le comptable, la secr\u00e9taire, le vendeur, le magasinier, etc.<\/p>\n<p>Champ \u00ab <strong>Dernier dossier<\/strong> \u00bb\u00a0: \u00a0c\u2019est le dossier dans lequel cet utilisateur doit travailler normalement. Si vous cochez la case en bas \u00ab il peut travailler dans toutes les soci\u00e9t\u00e9s \u00bb et si vous avez plusieurs soci\u00e9t\u00e9s alors il pourra changer de dossier quand il voudra. Sinon il ne pourra pas changer de soci\u00e9t\u00e9, ni ouvrir les exercices des ann\u00e9es pr\u00e9c\u00e9dentes<\/p>\n<p>\u00ab <strong>Type d\u2019utilisateur<\/strong> \u00bb est un s\u00e9lecteur sur 2 positions \u00ab administrateur \u00bb ou \u00ab standard \u00bb. Si vous \u00eates le gestionnaire, le comptable ou le patron de la soci\u00e9t\u00e9, s\u00e9lectionnez le type d\u2019utilisateur \u00ab administrateur \u00bb, sinon il est pr\u00e9f\u00e9rable de choisir \u00ab utilisateur standard \u00bb pour une secr\u00e9taire ou un magasin ou vendeur\u2026<\/p>\n<p><strong>Le bouton Droit d\u2019acc\u00e8s<\/strong> :<br \/>\nIl est possible que l\u2019administrateur de MEGA-WIN octroie des permissions pour chaque utilisateur, ces droits peuvent permettre ou bloquer la plupart des options qui se trouvent dans MEGA-WIN, il existe 40 options qui l\u2019on peut bloquer suivant un joli tableau, accessible avec le bouton \u00ab<strong>\u00a0droits d\u2019acc\u00e8s<\/strong> \u00bb<\/p>\n<p>&nbsp;[\/vc_column_text][\/vc_column][vc_column width=\u00a0\u00bb1\/2&Prime;][vc_single_image image=\u00a0\u00bb1005&Prime; img_size=\u00a0\u00bblarge\u00a0\u00bb css=\u00a0\u00bb.vc_custom_1587719869626{margin-top: -20px !important;}\u00a0\u00bb][\/vc_column][\/vc_row][vc_row][vc_column width=\u00a0\u00bb1\/2&Prime;][vc_single_image image=\u00a0\u00bb1002&Prime; img_size=\u00a0\u00bblarge\u00a0\u00bb][\/vc_column][vc_column width=\u00a0\u00bb1\/2&Prime;][vc_column_text]<strong>Le bouton AUDIT des Enregistrements\u00a0:<\/strong><\/p>\n<p>Comme vous pouvez voir sur l\u2019image \u00e0 cot\u00e9, cette fen\u00eatre permet de s\u00e9lectionner une date et un utilisateur dans le tableau \u00e0 gauche et voir tous les enregistrements \u00e9tablis par utilisateur sous forme de bouton. Si c\u2019est un nouvel enregistrement, alors la couleur est verte, si c\u2019est une modification alors la couleur est bleue.<\/p>\n<p>&nbsp;<\/p>\n<p>Avec ce module \u00ab\u00a0<strong>Gebruikersbeheer module<\/strong>\u00a0\u00bb, vous aurez le contr\u00f4le total dans MEGA-WIN&#8230;[\/vc_column_text][\/vc_column][\/vc_row]<\/p>","protected":false},"excerpt":{"rendered":"<p>[vc_row][vc_column][vc_column_text] Gestion des utilisateurs [\/vc_column_text][\/vc_column][\/vc_row][vc_row][vc_column width=\u00a0\u00bb1\/2&Prime;][vc_column_text]Les fiches utilisateurs sont importantes pour entrer dans MEGA-WIN. Chaque utilisateur qui ouvre MEGA-WIN doit introduire son nom de code (login)<span class=\"excerpt-hellip\"> [\u2026]<\/span><\/p>","protected":false},"author":1,"featured_media":0,"parent":0,"menu_order":0,"comment_status":"closed","ping_status":"closed","template":"","meta":{"footnotes":""},"class_list":["post-213","page","type-page","status-publish","hentry"],"_links":{"self":[{"href":"https:\/\/megawin.be\/nl\/wp-json\/wp\/v2\/pages\/213","targetHints":{"allow":["GET"]}}],"collection":[{"href":"https:\/\/megawin.be\/nl\/wp-json\/wp\/v2\/pages"}],"about":[{"href":"https:\/\/megawin.be\/nl\/wp-json\/wp\/v2\/types\/page"}],"author":[{"embeddable":true,"href":"https:\/\/megawin.be\/nl\/wp-json\/wp\/v2\/users\/1"}],"replies":[{"embeddable":true,"href":"https:\/\/megawin.be\/nl\/wp-json\/wp\/v2\/comments?post=213"}],"version-history":[{"count":5,"href":"https:\/\/megawin.be\/nl\/wp-json\/wp\/v2\/pages\/213\/revisions"}],"predecessor-version":[{"id":1007,"href":"https:\/\/megawin.be\/nl\/wp-json\/wp\/v2\/pages\/213\/revisions\/1007"}],"wp:attachment":[{"href":"https:\/\/megawin.be\/nl\/wp-json\/wp\/v2\/media?parent=213"}],"curies":[{"name":"wp","href":"https:\/\/api.w.org\/{rel}","templated":true}]}}