

{"id":217,"date":"2018-03-06T13:31:01","date_gmt":"2018-03-06T13:31:01","guid":{"rendered":"https:\/\/megawin.be\/?page_id=217"},"modified":"2020-05-07T03:45:01","modified_gmt":"2020-05-07T03:45:01","slug":"module-mega-win-mobile","status":"publish","type":"page","link":"https:\/\/megawin.be\/nl\/module-mega-win-mobile\/","title":{"rendered":"Module &#8211; Mega-win mobile"},"content":{"rendered":"<p>[vc_row][vc_column][vc_column_text]<\/p>\n<h1>MEGA-Win Mobile<\/h1>\n<p>[\/vc_column_text][\/vc_column][\/vc_row][vc_row][vc_column width=\u00a0\u00bb1\/2&Prime;][vc_column_text]Nous avons d\u00e9velopp\u00e9 une version nomade de MEGA-WIN qui permet de prendre des commandes en dehors de votre magasin ou d\u00e9p\u00f4t.<\/p>\n<p>MEGA-WIN mobile est tr\u00e8s utile pour vos vendeurs-d\u00e9l\u00e9gu\u00e9s qui prennent les commandes chez vos clients. Il fonctionne avec une base de donn\u00e9es locale (mode d\u00e9connect\u00e9) sans avoir une connexion internet perm\u00e9ante.<\/p>\n<p>Chaque version mobile fonctionne sur une tablette 10&Prime; ou un notebook (\u00e7a ne marche pas sur un iPad). Vous pouvez utiliser l\u2019\u00e9cran tactile de la tablette ou le clavier du notebook, comme vous pr\u00e9f\u00e9rez\u2026<\/p>\n<p>Les repr\u00e9sentants doivent d\u2019abord importer les donn\u00e9es de base (clients, articles, famille, dette des clients) quand ils commencent le travail. De cette mani\u00e8re, les donn\u00e9es sur la tablette se mettent \u00e0 jour.<\/p>\n<p>Lorsque le vendeur part chez un client pour faire une vente, il cr\u00e9e une nouvelle commande en choisissant un client dans la liste. Alors le MEGA-WIN \u00e0 la centrale est pr\u00e9venu par un message que tel vendeur est entr\u00e9 chez tel client avec la date et heure d\u2019entr\u00e9e.[\/vc_column_text][\/vc_column][vc_column width=\u00a0\u00bb1\/2&Prime;][vc_single_image image=\u00a0\u00bb1020&Prime; img_size=\u00a0\u00bblarge\u00a0\u00bb alignment=\u00a0\u00bbright\u00a0\u00bb onclick=\u00a0\u00bbzoom\u00a0\u00bb][\/vc_column][\/vc_row][vc_row][vc_column][vc_column_text]Ensuite, il doit choisir un groupe de produit ou une marque et il verra tous les produits qui appartient \u00e0 ce groupe, il choisit les produits que le client veut commander. Il peut aussi montrer les photos de chaque produit au client pour savoir si il veut en commander ou non.<\/p>\n<p>Lorsqu\u2019il a s\u00e9lectionn\u00e9 tous les produits, alors il enregistre la commande. S\u2019il a une connexion internet alors la commande est directement envoy\u00e9e \u00e0 MEGA-WIN Central. par contre si il n\u2019y a pas d\u2019internet il peut envoyer les commandes de la journ\u00e9e plus tard lorsqu\u2019il aura une connexion internet.<\/p>\n<p>Si votre vendeur ne prend pas de commande, alors il doit cliquer sur le bouton \u00ab Annuler \u00bb. Dans ce cas MEGA-WIN Mobile lui demande pourquoi il n\u2019a pas pu prendre la commande, il doit choisir une des raisons de l\u2019annulation de la commande dans un menu.<\/p>\n<p>Il est possible de montrer un catalogue de produit au client avec tous les articles qui ont une photo !  on peut prendre une commande \u00e0 partir du catalogue !!<\/p>\n<p>Il peut aussi voir le compte courant de chaque client (combien il vous doit d\u2019argent).<\/p>\n<p>En fin de journ\u00e9e, le vendeur peut voir la liste des commandes qu\u2019il a prise pendant sa prospection et envoyer toutes les commande en un clic vers le bureau central.<\/p>\n<p>MEGA-WIN Central peut importer toutes les commande des vendeurs automatiquement dans le fichier de commande des clients, ensuite vous pouvez pr\u00e9parer les commandes et les transformer en bon de livraison (note d\u2019envoi) ou en facture de vente.<br \/>\n[\/vc_column_text][\/vc_column][\/vc_row][vc_row][vc_column][vc_single_image image=\u00a0\u00bb1021&Prime; img_size=\u00a0\u00bbfull\u00a0\u00bb alignment=\u00a0\u00bbcenter\u00a0\u00bb onclick=\u00a0\u00bbzoom\u00a0\u00bb][\/vc_column][\/vc_row]<\/p>","protected":false},"excerpt":{"rendered":"<p>[vc_row][vc_column][vc_column_text] MEGA-Win Mobile [\/vc_column_text][\/vc_column][\/vc_row][vc_row][vc_column width=\u00a0\u00bb1\/2&Prime;][vc_column_text]Nous avons d\u00e9velopp\u00e9 une version nomade de MEGA-WIN qui permet de prendre des commandes en dehors de votre magasin ou d\u00e9p\u00f4t. MEGA-WIN<span class=\"excerpt-hellip\"> [\u2026]<\/span><\/p>","protected":false},"author":1,"featured_media":0,"parent":0,"menu_order":0,"comment_status":"closed","ping_status":"closed","template":"","meta":{"footnotes":""},"class_list":["post-217","page","type-page","status-publish","hentry"],"_links":{"self":[{"href":"https:\/\/megawin.be\/nl\/wp-json\/wp\/v2\/pages\/217","targetHints":{"allow":["GET"]}}],"collection":[{"href":"https:\/\/megawin.be\/nl\/wp-json\/wp\/v2\/pages"}],"about":[{"href":"https:\/\/megawin.be\/nl\/wp-json\/wp\/v2\/types\/page"}],"author":[{"embeddable":true,"href":"https:\/\/megawin.be\/nl\/wp-json\/wp\/v2\/users\/1"}],"replies":[{"embeddable":true,"href":"https:\/\/megawin.be\/nl\/wp-json\/wp\/v2\/comments?post=217"}],"version-history":[{"count":5,"href":"https:\/\/megawin.be\/nl\/wp-json\/wp\/v2\/pages\/217\/revisions"}],"predecessor-version":[{"id":1022,"href":"https:\/\/megawin.be\/nl\/wp-json\/wp\/v2\/pages\/217\/revisions\/1022"}],"wp:attachment":[{"href":"https:\/\/megawin.be\/nl\/wp-json\/wp\/v2\/media?parent=217"}],"curies":[{"name":"wp","href":"https:\/\/api.w.org\/{rel}","templated":true}]}}