

{"id":221,"date":"2018-03-06T13:31:49","date_gmt":"2018-03-06T13:31:49","guid":{"rendered":"https:\/\/megawin.be\/?page_id=221"},"modified":"2020-05-14T12:16:50","modified_gmt":"2020-05-14T12:16:50","slug":"module-comptabilite-simplifiee","status":"publish","type":"page","link":"https:\/\/megawin.be\/nl\/module-comptabilite-simplifiee\/","title":{"rendered":"Module &#8211; Comptabilit\u00e9 simplifi\u00e9e"},"content":{"rendered":"<p>[vc_row][vc_column][vc_column_text]<\/p>\n<h1><strong>Interne boekhouding<\/strong><\/h1>\n<p>[\/vc_column_text][\/vc_column][\/vc_row][vc_row][vc_column width=\u00a0\u00bb1\/2&Prime;][vc_column_text]Ce module permet de saisir les frais g\u00e9n\u00e9raux et de voir ensuite le b\u00e9n\u00e9fice net de votre soci\u00e9t\u00e9, en quelques clics.<\/p>\n<p>Vous ne devrez pas \u00e0 chaque fois appeler votre comptable pour lui demander d\u2019envoyer un compte de r\u00e9sultat. Si vous encodez d\u00e9j\u00e0 toutes les factures d\u2019achat, Mega-win vous montre votre b\u00e9n\u00e9fice brut, mais pas le b\u00e9n\u00e9fice net<\/p>\n<p><strong>Gr\u00e2ce \u00e0 ce module, vous pourrez voir le b\u00e9n\u00e9fice NET de votre entreprise.<\/strong><\/p>\n<p>Pour ce faire, il suffit d\u2019encoder tous les frais g\u00e9n\u00e9raux tel que le loyer, l\u2019\u00e9lectricit\u00e9, gaz, t\u00e9l\u00e9phone, carburant, les salaires, les assurances, etc. dans ce module de comptabilit\u00e9.<\/p>\n<p>Si vous saisissez tous les frais g\u00e9n\u00e9raux , alors vous pourrez voir combien vous avez d\u00e9pens\u00e9 dans chaque poste (compte comptable), vous pourrez voir le total des loyers, des frais de voitures, combien vous avez pay\u00e9 votre comptable et le salaire de chaque travailleur. Ca permet donc d\u2019avoir une vue beaucoup plus clair dans vos finances et vous saurez rapidement si vous vous \u00eates en perte ou en profits.<\/p>\n<p>L\u2019encodage des frais g\u00e9n\u00e9raux se fait d\u2019une mani\u00e8re tr\u00e8s facile, vous devez d\u2019abord cr\u00e9er des mod\u00e8les de frais, tel que Proximus, Electrabel, le propri\u00e9taire de votre bureau ou d\u00e9p\u00f4t, ONSS, etc\u2026 Dans chaque mod\u00e8le vous mettez le compte comptable et le montant fixe (si c\u2019est fixe comme le loyer. Ensuite vous pouvez r\u00e9utiliser chaque model\u00e9 pour saisir tr\u00e8s rapidement les frais g\u00e9n\u00e9raux. D\u00e8s que vous avez appel\u00e9 un mod\u00e8le, mettez le num\u00e9ro de la facture, la date, le Total Hors TVA ou TTC (si le montant change tous les mois) et le paiement \u00e9ventuel.<\/p>\n<p>Vous pouvez voir aussi combien vous devez \u00e0 chaque soci\u00e9t\u00e9 comme dans les comptes des fournisseurs. Vous pouvez consulter l\u2019historique de chaque frais tel que le carburant, loyer, t\u00e9l\u00e9phone, primes d\u2019assurances.[\/vc_column_text][\/vc_column][vc_column width=\u00a0\u00bb1\/2&Prime;][vc_single_image image=\u00a0\u00bb1008&Prime; img_size=\u00a0\u00bblarge\u00a0\u00bb alignment=\u00a0\u00bbcenter\u00a0\u00bb onclick=\u00a0\u00bbzoom\u00a0\u00bb][\/vc_column][\/vc_row][vc_row][vc_column width=\u00a0\u00bb1\/2&Prime; css=\u00a0\u00bb.vc_custom_1587720491450{margin-top: -30px !important;}\u00a0\u00bb][vc_single_image image=\u00a0\u00bb1025&Prime; img_size=\u00a0\u00bblarge\u00a0\u00bb][\/vc_column][vc_column width=\u00a0\u00bb1\/2&Prime;][vc_column_text css=\u00a0\u00bb.vc_custom_1589458600301{margin-top: -20px !important;}\u00a0\u00bb]Le plus grand avantage de ce module est \u00ab le compte des r\u00e9sultats \u00bb qui comprend le chiffre d\u2019affaires des ventes \u2013 les factures d\u2019achat \u2013 les frais g\u00e9n\u00e9raux, \u00e7a vous donne le b\u00e9n\u00e9fice NET avant imp\u00f4t. Vous y verrez aussi les d\u00e9penses d\u00e9taill\u00e9es poste par poste<\/p>\n<p>Il est \u00e9galement possible de saisir les recettes diverses que vous ne facturez pas, tel que le loyer ou les indemnit\u00e9s d\u2019assurances ou la vente d\u2019une voiture ou d\u2019un immeuble. Il existe une case \u00e0 cocher \u00ab frais non-d\u00e9ductible \u00bb pour les amendes de circulation et les amendes fiscales.<\/p>\n<p><strong>Attention, ces rapports de comptabilit\u00e9 simplifi\u00e9e sont \u00e0 usage interne uniquement\u00a0!<\/strong><\/p>\n<p style=\"margin: 0cm; margin-bottom: .0001pt; vertical-align: baseline;\"><span style=\"font-family: inherit; color: black;\">Vous ne pouvez pas les utiliser aupr\u00e8s du minist\u00e8re des finances, ni de votre comptable. Car Mega-win n\u2019est pas un logiciel de comptabilit\u00e9 g\u00e9n\u00e9rale. Nous vous conseillons d\u2019acheter ce module uniquement si vous voulez tenir votre propre comptabilit\u00e9 interne et voir le b\u00e9n\u00e9fice de votre entreprise quand vous le voulez\u2026<\/span><\/p>\n<p>&nbsp;<\/p>\n<p>&nbsp;[\/vc_column_text][\/vc_column][\/vc_row][vc_row][vc_column][vc_single_image image=\u00a0\u00bb1010&Prime; img_size=\u00a0\u00bbfull\u00a0\u00bb alignment=\u00a0\u00bbcenter\u00a0\u00bb onclick=\u00a0\u00bbzoom\u00a0\u00bb][\/vc_column][\/vc_row]<\/p>","protected":false},"excerpt":{"rendered":"<p>[vc_row][vc_column][vc_column_text] Comptabilit\u00e9 interne simplifi\u00e9e [\/vc_column_text][\/vc_column][\/vc_row][vc_row][vc_column width=\u00a0\u00bb1\/2&Prime;][vc_column_text]Ce module permet de saisir les frais g\u00e9n\u00e9raux et de voir ensuite le b\u00e9n\u00e9fice net de votre soci\u00e9t\u00e9, en quelques clics.<span class=\"excerpt-hellip\"> [\u2026]<\/span><\/p>","protected":false},"author":1,"featured_media":0,"parent":0,"menu_order":0,"comment_status":"closed","ping_status":"closed","template":"","meta":{"footnotes":""},"class_list":["post-221","page","type-page","status-publish","hentry"],"_links":{"self":[{"href":"https:\/\/megawin.be\/nl\/wp-json\/wp\/v2\/pages\/221","targetHints":{"allow":["GET"]}}],"collection":[{"href":"https:\/\/megawin.be\/nl\/wp-json\/wp\/v2\/pages"}],"about":[{"href":"https:\/\/megawin.be\/nl\/wp-json\/wp\/v2\/types\/page"}],"author":[{"embeddable":true,"href":"https:\/\/megawin.be\/nl\/wp-json\/wp\/v2\/users\/1"}],"replies":[{"embeddable":true,"href":"https:\/\/megawin.be\/nl\/wp-json\/wp\/v2\/comments?post=221"}],"version-history":[{"count":8,"href":"https:\/\/megawin.be\/nl\/wp-json\/wp\/v2\/pages\/221\/revisions"}],"predecessor-version":[{"id":1026,"href":"https:\/\/megawin.be\/nl\/wp-json\/wp\/v2\/pages\/221\/revisions\/1026"}],"wp:attachment":[{"href":"https:\/\/megawin.be\/nl\/wp-json\/wp\/v2\/media?parent=221"}],"curies":[{"name":"wp","href":"https:\/\/api.w.org\/{rel}","templated":true}]}}