

{"id":223,"date":"2018-03-06T13:32:07","date_gmt":"2018-03-06T13:32:07","guid":{"rendered":"https:\/\/megawin.be\/?page_id=223"},"modified":"2020-10-14T04:24:05","modified_gmt":"2020-10-14T04:24:05","slug":"module-export-vers-la-comptabilite","status":"publish","type":"page","link":"https:\/\/megawin.be\/nl\/module-export-vers-la-comptabilite\/","title":{"rendered":"Module &#8211; Export vers la comptabilit\u00e9"},"content":{"rendered":"<p>[vc_row][vc_column][vc_column_text]<\/p>\n<h1>Export naar de boekhouding<\/h1>\n<p>[\/vc_column_text][\/vc_column][\/vc_row][vc_row][vc_column width=\u00a0\u00bb1\/2&Prime;][vc_column_text]Ce module est tr\u00e8s utile pour les soci\u00e9t\u00e9s qui \u00e9tablissent plus de 300 factures par mois.<\/p>\n<p>Si vous avez besoin d\u2019avoir une liaison avec votre logiciel de comptabilit\u00e9 ou si vous devez envoyer vos factures de ventes \u00e0 votre comptable tous les mois,<\/p>\n<p>Alors nous conseillons d\u2019acheter ou de louer ce module tr\u00e8s pratique.<\/p>\n<p>Gr\u00e2ce \u00e0 ce module, votre comptable ne devra plus saisir chaque facture manuellement<br \/>\ndans son logiciel de comptabilit\u00e9<\/p>\n<p>Nous avons programm\u00e9 des liaisons vers 10 logiciels parmi les plus utilis\u00e9s en Belgique.<\/p>\n<p>Dans Mega-win, vous pourrez choisir une p\u00e9riode comptable (un mois ou un trimestre)<br \/>\net puis cliquer sur le bouton \u00ab Exporter \u00bb.<\/p>\n<p>Cette fonction exportera tous les clients et les factures (y compris les notes de cr\u00e9dit)<br \/>\nvers des fichiers en local qui seront ensuite envoy\u00e9s \u00e0 votre comptable par email.<\/p>\n<p>Possibilit\u00e9 d\u2019exporter le livre de caisse et la liste des paiements par Bancontact<br \/>\nDemandez \u00e0 votre comptable quel logiciel de comptabilit\u00e9 utilise-t-il ?[\/vc_column_text][\/vc_column][vc_column width=\u00a0\u00bb1\/2&Prime;][vc_single_image image=\u00a0\u00bb1112&Prime; img_size=\u00a0\u00bblarge\u00a0\u00bb alignment=\u00a0\u00bbcenter\u00a0\u00bb][\/vc_column][\/vc_row][vc_row][vc_column width=\u00a0\u00bb1\/3&Prime;][vc_single_image image=\u00a0\u00bb1113&Prime; img_size=\u00a0\u00bbmedium\u00a0\u00bb alignment=\u00a0\u00bbcenter\u00a0\u00bb][\/vc_column][vc_column width=\u00a0\u00bb2\/3&Prime;][vc_column_text]Des sa r\u00e9ception, il pourra importer ces fichiers de clients et de factures directement dans son logiciel de comptabilit\u00e9<br \/>\net \u00e9tablir votre d\u00e9claration de TVA rapidement.<\/p>\n<p>Le plus gros avantage, c\u2019est le fait que vous ne devrez plus payer \u00e0 votre fiduciaire les frais d\u2019encodage des factures de ventes, ce qui vous fera gagner de l\u2019argent.<\/p>\n<p>N\u2019h\u00e9sitez pas \u00e0 nous envoyer un email si vous \u00eates int\u00e9ress\u00e9 par ce module.[\/vc_column_text][\/vc_column][\/vc_row]<\/p>","protected":false},"excerpt":{"rendered":"<p>[vc_row][vc_column][vc_column_text] Export vers la comptabilit\u00e9 [\/vc_column_text][\/vc_column][\/vc_row][vc_row][vc_column width=\u00a0\u00bb1\/2&Prime;][vc_column_text]Ce module est tr\u00e8s utile pour les soci\u00e9t\u00e9s qui \u00e9tablissent plus de 300 factures par mois. Si vous avez besoin<span class=\"excerpt-hellip\"> [\u2026]<\/span><\/p>","protected":false},"author":1,"featured_media":0,"parent":0,"menu_order":0,"comment_status":"closed","ping_status":"closed","template":"","meta":{"footnotes":""},"class_list":["post-223","page","type-page","status-publish","hentry"],"_links":{"self":[{"href":"https:\/\/megawin.be\/nl\/wp-json\/wp\/v2\/pages\/223","targetHints":{"allow":["GET"]}}],"collection":[{"href":"https:\/\/megawin.be\/nl\/wp-json\/wp\/v2\/pages"}],"about":[{"href":"https:\/\/megawin.be\/nl\/wp-json\/wp\/v2\/types\/page"}],"author":[{"embeddable":true,"href":"https:\/\/megawin.be\/nl\/wp-json\/wp\/v2\/users\/1"}],"replies":[{"embeddable":true,"href":"https:\/\/megawin.be\/nl\/wp-json\/wp\/v2\/comments?post=223"}],"version-history":[{"count":4,"href":"https:\/\/megawin.be\/nl\/wp-json\/wp\/v2\/pages\/223\/revisions"}],"predecessor-version":[{"id":1115,"href":"https:\/\/megawin.be\/nl\/wp-json\/wp\/v2\/pages\/223\/revisions\/1115"}],"wp:attachment":[{"href":"https:\/\/megawin.be\/nl\/wp-json\/wp\/v2\/media?parent=223"}],"curies":[{"name":"wp","href":"https:\/\/api.w.org\/{rel}","templated":true}]}}