

{"id":225,"date":"2018-03-06T13:32:21","date_gmt":"2018-03-06T13:32:21","guid":{"rendered":"https:\/\/megawin.be\/?page_id=225"},"modified":"2020-04-10T09:05:51","modified_gmt":"2020-04-10T09:05:51","slug":"module-prospection","status":"publish","type":"page","link":"https:\/\/megawin.be\/nl\/module-prospection\/","title":{"rendered":"Prospectiemodule"},"content":{"rendered":"<p>[vc_row][vc_column][vc_column_text]<\/p>\n<h1>Prospectiemodule<\/h1>\n<p>[\/vc_column_text][\/vc_column][\/vc_row][vc_row][vc_column width=\u00a0\u00bb1\/2&Prime;][vc_column_text]<strong>Notre nouveau module de prospection vous permettra d\u2019augmenter vos ventes.<\/strong><\/p>\n<p>Si vous \u00eates \u00e0 la recherche de nouveaux clients pendant ces temps difficiles,<br \/>\nnotre module de prospection pourra \u00eatre tr\u00e8s utile pour ne pas rater des nouvelles affaires avec vos prospects (futurs clients).<\/p>\n<p><strong>MEGA Prospections est un outil de marketing<\/strong> qui permet de\u00a0:<\/p>\n<ul>\n<li>Suivre vos prospects r\u00e9guli\u00e8rement<\/li>\n<li>Augmenter le nombre de clients<\/li>\n<li>Augmenter votre chiffre d\u2019affaires.<\/li>\n<li>Organiser votre \u00e9quipe de vendeurs<\/li>\n<li>Planifiez les activit\u00e9s de prospection<\/li>\n<li>Ajoutez dans la fiche de prospect :\n<ul>\n<li>chaque appel t\u00e9l\u00e9phonique,<\/li>\n<li>email envoy\u00e9 et\/ou re\u00e7u,<\/li>\n<li>lettre, devis, offre de prix<\/li>\n<li>chaque R.V. ou r\u00e9union<\/li>\n<\/ul>\n<\/li>\n<\/ul>\n<p>[\/vc_column_text][\/vc_column][vc_column width=\u00a0\u00bb1\/2&Prime;][vc_column_text]<img loading=\"lazy\" decoding=\"async\" class=\"wp-image-989 aligncenter\" src=\"https:\/\/megawin.be\/wp-content\/uploads\/2020\/04\/go-up-300x210.png\" alt=\"\" width=\"424\" height=\"297\" srcset=\"https:\/\/megawin.be\/wp-content\/uploads\/2020\/04\/go-up-300x210.png 300w, https:\/\/megawin.be\/wp-content\/uploads\/2020\/04\/go-up-208x146.png 208w, https:\/\/megawin.be\/wp-content\/uploads\/2020\/04\/go-up-50x35.png 50w, https:\/\/megawin.be\/wp-content\/uploads\/2020\/04\/go-up-107x75.png 107w, https:\/\/megawin.be\/wp-content\/uploads\/2020\/04\/go-up.png 521w\" sizes=\"auto, (max-width: 424px) 100vw, 424px\" \/>[\/vc_column_text][\/vc_column][\/vc_row][vc_row][vc_column width=\u00a0\u00bb1\/2&Prime;][vc_single_image image=\u00a0\u00bb996&Prime; img_size=\u00a0\u00bblarge\u00a0\u00bb][\/vc_column][vc_column width=\u00a0\u00bb1\/2&Prime;][vc_column_text]<strong>Obtenez facilement toutes les informations<\/strong> dont vous avez besoin:<\/p>\n<ul>\n<li>Statistique sur les ventes<\/li>\n<li>Chiffre d\u2019affaires par vendeur<\/li>\n<li>Les R.V. par jour et par vendeur<\/li>\n<li>Les offres \u00e9tablies\u00a0 par vendeur<\/li>\n<li>Les prospects en attente d&rsquo;une r\u00e9ponse<\/li>\n<\/ul>\n<p><strong>Faites un e-Mailing<\/strong> \u00e0 tous vos prospects et clients sans filtre ou avec un filtre<\/p>\n<ul>\n<li>par Pays<\/li>\n<li>par Secteur<\/li>\n<li>par Langue<\/li>\n<\/ul>\n<p>Vous pouvez envoyer max. 100 emails par jour.<\/p>\n<p>Vous pouvez composer vous-m\u00eames des mails publicitaires comme vous faites avec un fichier Word.ussi les contacts par soci\u00e9t\u00e9[\/vc_column_text][\/vc_column][\/vc_row][vc_row][vc_column width=\u00a0\u00bb1\/2&Prime;][vc_column_text]<strong>Publipostage\u00a0:<\/strong>\u00a0 il est possible de composer une lettre type \u00e0 tous vos prospects et clients puis imprimer toutes les lettres avec le nom de la soci\u00e9t\u00e9 et adresse de chacun et de les envoyer par la poste\u2026<\/p>\n<p><strong>Relance des clients inactifs<\/strong>\u00a0:\u00a0 Visualisez la liste des clients qui n\u2019ont plus rien acheter depuis X temps\u00a0:\u00a0 un mois \/ 3 mois \/ 6 mois \/ 9 mois \/ 12 mois \/\u00a0 18 mois \/ 24 mois.<\/p>\n<p>Cette super option affiche les clients (avec leurs Nos de t\u00e9l\u00e9phone et email) qui n\u2019ont pas command\u00e9 depuis le filtre de date de derni\u00e8re commande.<\/p>\n<p><strong>Liste des Tiers<\/strong>\u00a0: pour voir tous les prospects, clients et fournisseurs dans une seule liste g\u00e9n\u00e9rale. On affiche aussi les contacts par soci\u00e9t\u00e9.[\/vc_column_text][\/vc_column][vc_column width=\u00a0\u00bb1\/2&Prime;][vc_column_text css=\u00a0\u00bb.vc_custom_1586343213797{margin-top: 40px !important;}\u00a0\u00bb]<img loading=\"lazy\" decoding=\"async\" class=\"wp-image-991 aligncenter\" src=\"https:\/\/megawin.be\/wp-content\/uploads\/2020\/04\/3333-300x162.png\" alt=\"\" width=\"374\" height=\"202\" srcset=\"https:\/\/megawin.be\/wp-content\/uploads\/2020\/04\/3333-300x162.png 300w, https:\/\/megawin.be\/wp-content\/uploads\/2020\/04\/3333-260x141.png 260w, https:\/\/megawin.be\/wp-content\/uploads\/2020\/04\/3333-50x27.png 50w, https:\/\/megawin.be\/wp-content\/uploads\/2020\/04\/3333-139x75.png 139w, https:\/\/megawin.be\/wp-content\/uploads\/2020\/04\/3333.png 473w\" sizes=\"auto, (max-width: 374px) 100vw, 374px\" \/>[\/vc_column_text][\/vc_column][\/vc_row]<\/p>","protected":false},"excerpt":{"rendered":"<p>[vc_row][vc_column][vc_column_text] Module de prospection [\/vc_column_text][\/vc_column][\/vc_row][vc_row][vc_column width=\u00a0\u00bb1\/2&Prime;][vc_column_text]Notre nouveau module de prospection vous permettra d\u2019augmenter vos ventes. Si vous \u00eates \u00e0 la recherche de nouveaux clients pendant ces<span class=\"excerpt-hellip\"> [\u2026]<\/span><\/p>","protected":false},"author":1,"featured_media":0,"parent":0,"menu_order":0,"comment_status":"closed","ping_status":"closed","template":"","meta":{"footnotes":""},"class_list":["post-225","page","type-page","status-publish","hentry"],"_links":{"self":[{"href":"https:\/\/megawin.be\/nl\/wp-json\/wp\/v2\/pages\/225","targetHints":{"allow":["GET"]}}],"collection":[{"href":"https:\/\/megawin.be\/nl\/wp-json\/wp\/v2\/pages"}],"about":[{"href":"https:\/\/megawin.be\/nl\/wp-json\/wp\/v2\/types\/page"}],"author":[{"embeddable":true,"href":"https:\/\/megawin.be\/nl\/wp-json\/wp\/v2\/users\/1"}],"replies":[{"embeddable":true,"href":"https:\/\/megawin.be\/nl\/wp-json\/wp\/v2\/comments?post=225"}],"version-history":[{"count":10,"href":"https:\/\/megawin.be\/nl\/wp-json\/wp\/v2\/pages\/225\/revisions"}],"predecessor-version":[{"id":998,"href":"https:\/\/megawin.be\/nl\/wp-json\/wp\/v2\/pages\/225\/revisions\/998"}],"wp:attachment":[{"href":"https:\/\/megawin.be\/nl\/wp-json\/wp\/v2\/media?parent=225"}],"curies":[{"name":"wp","href":"https:\/\/api.w.org\/{rel}","templated":true}]}}