

{"id":227,"date":"2018-03-06T13:32:42","date_gmt":"2018-03-06T13:32:42","guid":{"rendered":"https:\/\/megawin.be\/?page_id=227"},"modified":"2020-12-30T07:32:01","modified_gmt":"2020-12-30T07:32:01","slug":"module-module-intrastat","status":"publish","type":"page","link":"https:\/\/megawin.be\/nl\/module-module-intrastat\/","title":{"rendered":"Module &#8211; Module IntraStat"},"content":{"rendered":"<p>[vc_row][vc_column][vc_column_text]<\/p>\n<h1>Instrastat-module<\/h1>\n<p>[\/vc_column_text][\/vc_column][\/vc_row][vc_row][vc_column][vc_column_text]<strong>IntraStat<\/strong>\u00a0est un syst\u00e8me destin\u00e9 \u00e0 la collecte des\u00a0statistiques\u00a0relatives au commerce intracommunautaire.<br \/>\nLe march\u00e9 commun a permis l&rsquo;arr\u00eat des contr\u00f4les aux fronti\u00e8res et des formalit\u00e9s douani\u00e8res\u00a0 telles que les d\u00e9clarations d\u2019importation des biens<\/p>\n<p>D\u00e8s lors, le march\u00e9 commun a emp\u00each\u00e9 la constitution de statistiques relatives\u00a0 aux imports\/exports au sein de la communaut\u00e9 europ\u00e9enne.<br \/>\nC\u2019est pour cette raison que la commission europ\u00e9enne a impos\u00e9 ce syst\u00e8me d\u2019IntraStat.<\/p>\n<p>Chaque entreprise qui importe ou exporte des marchandises doit remplir des d\u00e9clarations IntraStat \u00e0 condition que le chiffre d&rsquo;affaires annuel des exports ou imports d\u00e9passe 250.000 Euro.<br \/>\nCes d\u00e9clarations IntraStat reprennent toutes les donn\u00e9es concernant les importations de produits en provenance des autres pays de l&rsquo;Union Europ\u00e9enne et \u00e9galement les exportations de produits vers les autres pays de l&rsquo;U.E.[\/vc_column_text][\/vc_column][\/vc_row][vc_row][vc_column width=\u00a0\u00bb1\/2&Prime;][vc_single_image image=\u00a0\u00bb1141&Prime; img_size=\u00a0\u00bbmedium\u00a0\u00bb alignment=\u00a0\u00bbcenter\u00a0\u00bb][\/vc_column][vc_column width=\u00a0\u00bb1\/2&Prime;][vc_single_image image=\u00a0\u00bb1142&Prime; img_size=\u00a0\u00bbmedium\u00a0\u00bb alignment=\u00a0\u00bbcenter\u00a0\u00bb][\/vc_column][\/vc_row][vc_row][vc_column][vc_column_text]Du fait que notre logiciel MEGA-WIN contient d\u00e9j\u00e0 toutes les factures d&rsquo;import et d&rsquo;export, il est facile pour Mega-win de vous fournir TOUTES les donn\u00e9es n\u00e9cessaires pour remplir les d\u00e9clarations 19 pour les EXPEDITIONS et les d\u00e9clarations 29 pour les ARRIVES des marchandises.<\/p>\n<p>Concr\u00e8tement, vous devez simplement saisir le code de pays de vos clients et fournisseurs \u00e0 l&rsquo;\u00e9tranger, et leur num\u00e9ro de TVA. il faut \u00e9galement introduire le code IntraStat de chaque produit et son poids net dans les articles, puis Mega-win fera le reste&#8230;<\/p>\n<p>Ces d\u00e9clarations doivent \u00eatre envoy\u00e9es directement \u00e0 la Banque nationale, sur formulaire papier ou par voie \u00e9lectronique; en se connectant sur le site web\u00a0<a href=\"http:\/\/www.onegate.be\/\" target=\"_blank\" >www.OneGate.be<\/a><\/p>\n<p>(uniquement pour la Belgique)<\/p>\n<p>Vous pouvez avoir plus d&rsquo;informations en cliquent sur ce lien de la Banque Nationale de Belgique:<br \/>\n<a href=\"https:\/\/www.nbb.be\/doc\/dq\/f_pdf_ex\/intrastat-guide-rapide_fr.pdf\" target=\"_blank\">https:\/\/www.nbb.be\/doc\/dq\/f_pdf_ex\/intrastat-guide-rapide_fr.pdf<\/a>[\/vc_column_text][\/vc_column][\/vc_row]<\/p>","protected":false},"excerpt":{"rendered":"<p>[vc_row][vc_column][vc_column_text] Module IntraStat [\/vc_column_text][\/vc_column][\/vc_row][vc_row][vc_column][vc_column_text]IntraStat\u00a0est un syst\u00e8me destin\u00e9 \u00e0 la collecte des\u00a0statistiques\u00a0relatives au commerce intracommunautaire. Le march\u00e9 commun a permis l&rsquo;arr\u00eat des contr\u00f4les aux fronti\u00e8res et des<span class=\"excerpt-hellip\"> [\u2026]<\/span><\/p>","protected":false},"author":1,"featured_media":0,"parent":0,"menu_order":0,"comment_status":"closed","ping_status":"closed","template":"","meta":{"footnotes":""},"class_list":["post-227","page","type-page","status-publish","hentry"],"_links":{"self":[{"href":"https:\/\/megawin.be\/nl\/wp-json\/wp\/v2\/pages\/227","targetHints":{"allow":["GET"]}}],"collection":[{"href":"https:\/\/megawin.be\/nl\/wp-json\/wp\/v2\/pages"}],"about":[{"href":"https:\/\/megawin.be\/nl\/wp-json\/wp\/v2\/types\/page"}],"author":[{"embeddable":true,"href":"https:\/\/megawin.be\/nl\/wp-json\/wp\/v2\/users\/1"}],"replies":[{"embeddable":true,"href":"https:\/\/megawin.be\/nl\/wp-json\/wp\/v2\/comments?post=227"}],"version-history":[{"count":5,"href":"https:\/\/megawin.be\/nl\/wp-json\/wp\/v2\/pages\/227\/revisions"}],"predecessor-version":[{"id":1143,"href":"https:\/\/megawin.be\/nl\/wp-json\/wp\/v2\/pages\/227\/revisions\/1143"}],"wp:attachment":[{"href":"https:\/\/megawin.be\/nl\/wp-json\/wp\/v2\/media?parent=227"}],"curies":[{"name":"wp","href":"https:\/\/api.w.org\/{rel}","templated":true}]}}