

{"id":239,"date":"2018-03-09T05:44:27","date_gmt":"2018-03-09T05:44:27","guid":{"rendered":"https:\/\/megawin.be\/?page_id=239"},"modified":"2025-11-21T13:07:17","modified_gmt":"2025-11-21T13:07:17","slug":"fonctionnalites","status":"publish","type":"page","link":"https:\/\/megawin.be\/nl\/fonctionnalites\/","title":{"rendered":"Functies"},"content":{"rendered":"<p>[vc_row full_width=\u00a0\u00bbstretch_row_content_no_spaces\u00a0\u00bb content_placement=\u00a0\u00bbtop\u00a0\u00bb css=\u00a0\u00bb.vc_custom_1763730434021{margin-top: -80px !important;background-color: #24a3ff !important;}\u00a0\u00bb][vc_column css=\u00a0\u00bb.vc_custom_1763730212834{margin-top: -20px !important;background-color: #24a3ff !important;}\u00a0\u00bb][vc_column_text]<!-- BANNI\u00c8RE MEGA-WIN FONCTIONNALIT\u00c9S -->\r\n<link href=\"https:\/\/fonts.googleapis.com\/css?family=Roboto:400,500|Open+Sans:400\" rel=\"stylesheet\">\r\n\r\n<style>\r\n.mw-hero {\r\n  background:#24A3FF;           \/* bleu de fond *\/\r\n  color:#fff;\r\n\r\n  font-family:'Open Sans', Arial, sans-serif;\r\n}\r\n\r\n.mw-hero-inner {\r\n  max-width:1200px;\r\n  margin:0 auto;\r\n  display:flex;\r\n  align-items:center;\r\n  justify-content:space-between;\r\n  gap:40px;\r\n}\r\n\r\n\/* Colonne gauche : titre + liste *\/\r\n.mw-hero-left {\r\n  flex:1.3;\r\n}\r\n\r\n.mw-hero-left h1 {\r\n  font-family:'Roboto', Arial, sans-serif;\r\n  font-size:40px;\r\n  line-height:1.2;\r\n  font-weight:400;\r\n  margin:0 0 20px;\r\n}\r\n\r\n.mw-hero-left ul {\r\n  list-style:none;\r\n  margin:0;\r\n  padding:0;\r\n  font-size:18px;\r\n}\r\n\r\n.mw-hero-left li {\r\n  margin:4px 0;\r\n  display:flex;\r\n  align-items:center;\r\n}\r\n\r\n.mw-hero-left li::before {\r\n  content:\"\u2713\";\r\n  font-weight:bold;\r\n  margin-right:8px;\r\n  font-size:18px;\r\n}\r\n\r\n\/* Colonne centre : code-barres + 2 boutons verts *\/\r\n.mw-hero-center {\r\n  flex:1;\r\n  text-align:center;\r\n}\r\n\r\n.mw-hero-center img.mw-barcode {\r\n  max-width:260px;\r\n  height:auto;\r\n  display:block;\r\n  margin:0 auto 15px;\r\n}\r\n\r\n.mw-hero-cta {\r\n  display:block;\r\n  margin:5px auto;\r\n  padding:8px 14px;\r\n  background:#00cc66;\r\n  color:#fff;\r\n  text-decoration:none;\r\n  font-size:14px;\r\n  line-height:1.3;\r\n  border-radius:3px;\r\n  max-width:260px;\r\n  font-family:'Roboto', Arial, sans-serif;\r\n}\r\n\r\n.mw-hero-cta:hover {\r\n  opacity:0.9;\r\n}\r\n\r\n\/* Colonne droite : logo MEGAWIN E-invoice *\/\r\n.mw-hero-right {\r\n  flex:1;\r\n  text-align:center;\r\n}\r\n\r\n.mw-hero-right img {\r\n  max-width:260px;\r\n  height:auto;\r\n}\r\n\r\n\/* Responsive *\/\r\n@media (max-width: 960px) {\r\n  .mw-hero-inner {\r\n    flex-direction:column;\r\n    text-align:center;\r\n  }\r\n  .mw-hero-left {\r\n    order:1;\r\n  }\r\n  .mw-hero-center {\r\n    order:2;\r\n  }\r\n  .mw-hero-right {\r\n    order:3;\r\n  }\r\n  .mw-hero-left h1 {\r\n    font-size:30px;\r\n  }\r\n}\r\n<\/style>\r\n\r\n<section class=\"mw-hero\" >\r\n  <div class=\"mw-hero-inner\">\r\n\r\n    <!-- COLONNE GAUCHE -->\r\n    <div class=\"mw-hero-left\">\r\n      <h2 style=\"color:#ffffff; font-weight:bold\" >Bedrijfsbeheer software<\/h2>\r\n      <ul  style=\"color:#ffffff\">\r\n        <li>Facturatie<\/li>\r\n        <li>Voorraadbeheer<\/li>\r\n        <li>Beheer van de leveringen<\/li>\r\n        <li>Beheer van de bestellingen<\/li>\r\n        <li>Financi\u00eble boekhouding<\/li>\r\n        <li>Statistiques sur les ventes<\/li>\r\n        <li>Module de ticket de caisse<\/li>\r\n        <li>Syst\u00e8me de code-barre pour les ventes<\/li>\r\n      <\/ul>\r\n    <\/div>\r\n\r\n    <!-- COLONNE CENTRE -->\r\n    <div class=\"mw-hero-center\">\r\n      <!-- Remplace l\u2019URL par ton image \u201cTRACABILIT\u00c9\u201d si elle est diff\u00e9rente -->\r\n      <img decoding=\"async\" class=\"mw-barcode\"\r\n           src=\"https:\/\/megawin.be\/wp-content\/uploads\/2025\/11\/97a8caad-ff26-42b8-91a8-7567026aa1f3-2.png\"\r\n           alt=\"TRACABILIT\u00c9 - code-barres\">\r\n\r\n      <a href=\"https:\/\/megawin.be\/nl\/module-gestion-des-numeros-de-lots\/\" class=\"mw-hero-cta\">\r\n        Pour l\u2019ALIMENTATION avec<br>\r\n        de Lot nummers beheer\r\n      <\/a>\r\n\r\n      <a href=\"https:\/\/megawin.be\/nl\/trackandtrace\/\" class=\"mw-hero-cta\">\r\n        Pour les CIGARETTES avec<br>\r\n        de Serie nummers beheer\r\n      <\/a>\r\n    <\/div>\r\n\r\n    <!-- COLONNE DROITE -->\r\n    <div class=\"mw-hero-right\">\r\n      <!-- Remplace l\u2019URL par ton logo \u201cMEGAWIN E-invoice READY\u201d si besoin -->\r\n      <img decoding=\"async\" src=\"https:\/\/megawin.be\/wp-content\/uploads\/2025\/11\/peppol-blanc-1.png\"\r\n           alt=\"MEGAWIN E-invoice READY\">\r\n    <\/div>\r\n\r\n  <\/div>\r\n<\/section>\r\n[\/vc_column_text][\/vc_column][\/vc_row][vc_row][vc_column][vc_column_text]<\/p>\n<p style=\"text-align: left;\">\n<h3 style=\"font-weight:bold\">Probeer onze Business-versie 30 dagen gratis<\/h3>\n<form action=\"https:\/\/megawin.be\/nl\/demo\/\" method=\"POST\" data-trp-original-action=\"\/demo\">\n<input type=\"mail\" value=\"\" required name=\"your-email\" style=\"font-size:15px; padding:8px;; width:350px; border-style:solid; border-width:1px; border-color:#0095eb\" \nplaceholder=\"Voer uw e-mailadres in\">\n<button style=\" padding:8px; font-size:15px; text-align:center; padding-left:15px; padding-right:15px\"><i class=\"icon-right\"><\/i> Start de proefversie<\/button>\n<input type=\"hidden\" name=\"trp-form-language\" value=\"nl\"\/><\/form>\n<\/p>\n<p>[\/vc_column_text][\/vc_column][\/vc_row][vc_row][vc_column width=\u00a0\u00bb2\/3&Prime; css=\u00a0\u00bb.vc_custom_1523625285904{margin-top: 30px !important;}\u00a0\u00bb][vc_column_text]<\/p>\n<div style=\"line-height: 25px; color: #000000;\">\n<p>MEGA-WIN est un logiciel de gestion qui couvre l\u2019ensemble des besoins d\u2019une entreprise en termes de gestion commerciale,<br \/>\ne-commerce, finances\u00a0 et CRM (gestion de la relation client\u00e8le).MEGA-WIN est donc un E.R.P. Toutes ces fonctionnalit\u00e9s d\u00e9crites ci-apr\u00e8s sont int\u00e9gr\u00e9es en un seul et m\u00eame logiciel.<br \/>\nLa base de donn\u00e9es est de type relationnelle (R.D.B.M.) qui est g\u00e9r\u00e9 par un moteur HF-SQL tr\u00e8s rapide.<\/p>\n<p>Als u onze software aankoopt, zal de database zich op uw locatie bevinden en ook werken zonder internet.<br \/>\nSi vous pr\u00e9f\u00e9rez le louer, alors la base de donn\u00e9es sera h\u00e9berg\u00e9e sur un serveur \u00e0 distance<br \/>\nmais \u00e7\u00e0 ne fonctionnera PAS sans l&rsquo;internet.<br \/>\nOnze software kan op een autonome manier door onze klanten worden gebruikt. De werking ervan is intu\u00eftief.<br \/>\nEen nieuwe gebruiker kan met deze software beginnen werken zonder vooraf de hele handleiding te moeten lezen.<\/p>\n<p><span style=\"color: red;\">Klik op de titel van elke sectie hieronder<\/span> pour voir le d\u00e9tail des fonctionnalit\u00e9s.<\/p>\n<\/div>\n<div><\/div>\n<p>[\/vc_column_text][\/vc_column][vc_column width=\u00a0\u00bb1\/3&Prime; css=\u00a0\u00bb.vc_custom_1523625304794{margin-top: 30px !important;}\u00a0\u00bb][vc_single_image image=\u00a0\u00bb1426&Prime; alignment=\u00a0\u00bbcenter\u00a0\u00bb onclick=\u00a0\u00bbcustom_link\u00a0\u00bb css=\u00a0\u00bb.vc_custom_1762780201048{margin-top: -60px !important;}\u00a0\u00bb link=\u00a0\u00bb\/megawinapp\/\u00a0\u00bb][vc_column_text]<\/p>\n<div style=\"display: flex; align-items: center; border: 2px solid #9d3d9e; border-radius: 18px; padding: 15px; max-width: 650px; background: #ffffff; color: #000000; font-size: 15px; line-height: 1.4;\">\n<div style=\"flex: 1 1 0%; text-align: center;\" class=\" translation-block\"><img decoding=\"async\" src=\"https:\/\/megawin.be\/wp-content\/uploads\/2025\/11\/megawinapplogo.png\" class=\"\"><br>\nHiermee kunt u uw producten met uw gsm bestellen,<br>\nvanuit eender welke locatie. Onze software is ontwikkeld voor B2B.<br>\nMEGA-WIN APP is zeer eenvoudig te gebruiken\u2026<\/div>\n<\/div>\n<p>[\/vc_column_text][\/vc_column][\/vc_row][vc_row][vc_column width=\u00a0\u00bb2\/3&Prime; css=\u00a0\u00bb.vc_custom_1523873721984{margin-top: 0px !important;background-color: #ffffff !important;}\u00a0\u00bb][vc_tta_accordion][vc_tta_section title=\u00a0\u00bbClients\u00a0\u00bb tab_id=\u00a0\u00bb1521456090100-2446a0d1-0f18&Prime; el_class=\u00a0\u00bbtest_accordeon\u00a0\u00bb][vc_column_text el_id=\u00a0\u00bbaccordeon_zone_texte\u00a0\u00bb]<\/p>\n<div style=\"color: #000000;\">\u2022 Klantenfiche met meerdere contacten en 100 leveringsadressen per bedrijf<br \/>\n\u2022 Gedetailleerde debiteurenrekening (met facturen en betalingen)<br \/>\n\u2022 Selectie van de prijsgroep (tarief), het leveringsgebied en de printtaal per klant<br \/>\n\u2022 Prijsovereenkomst: hier kunnen gepersonaliseerde prijzen per klant worden ingevoerd<br \/>\n\u2022 Klantenhistoriek met de aankopen en bestellingen<br \/>\n\u2022 Afdrukken van herinneringsbrieven (eerste, tweede, derde)<\/div>\n<p>[\/vc_column_text][\/vc_tta_section][vc_tta_section title=\u00a0\u00bbArticles\u00a0\u00bb tab_id=\u00a0\u00bb1521456116434-cc06a7e0-7e09&Prime;][vc_column_text]<\/p>\n<div style=\"color: #000000;\">\u2022 Beheer van de artikelen met twintig verkoopprijzen per artikel, met vermelding in vier talen (maximaal 70 tekens)<br \/>\n\u2022 Mogelijkheid om met het barcodesysteem te werken<br \/>\n\u2022 Voorraadbeheer voor meerdere magazijnen (tot 99 magazijnen)<br \/>\n\u2022 Overbrenging van voorraad tussen verschillende magazijnen<br \/>\n\u2022 Afdrukken van barcode-etiketten (voor producten zonder barcode)<br \/>\n\u2022 Maat per artikel (voor textiel\/schoeisel)<br \/>\n\u2022 Aankoop- en verkoophistoriek per artikel<br \/>\n\u2022 Beheer van artikelgroepen en -subgroepen<\/div>\n<p>[\/vc_column_text][\/vc_tta_section][vc_tta_section title=\u00a0\u00bbVentes\u00a0\u00bb tab_id=\u00a0\u00bb1521456090100-daed8a7f-18c0&Prime;][vc_column_text]<\/p>\n<div style=\"color: #000000;\">\n<p>Met MEGA-WIN kunnen volgende documenten worden opgesteld:<\/p>\n<ul>\n<li style=\"padding: 0px; margin: 0px;\">Verkoopfacturen<\/li>\n<li style=\"padding: 0px; margin: 0px;\">Verzendnota\u2019s<\/li>\n<li style=\"padding: 0px; margin: 0px;\">Creditnota's<\/li>\n<li style=\"padding: 0px; margin: 0px;\">Klantenbestellingen<\/li>\n<li style=\"padding: 0px; margin: 0px;\">Kostenopgave en prijsofferte<\/li>\n<li style=\"padding: 0px; margin: 0px;\">Proforma factuur<\/li>\n<\/ul>\n<p>\u2022 Mogelijkheid om een verzendnota om te zetten in een factuur<br \/>\n\u2022 Groepering van verzendnota\u2019s in \u00e9\u00e9n enkele factuur<br \/>\n\u2022 Omzetting van aanbiedingen, prijsopgaven en prijsoffertes in bestellingen<br \/>\n\u2022 Rechtstreekse omzetting van een bestelling in een factuur<br \/>\n\u2022 Rechtstreeks linken van betalingen aan facturen<br \/>\n\u2022 Printen van documenten in NL, FR, DE en EN<br \/>\n\u2022 Envoi des factures par e-mail ou par WhatsApp (pi\u00e8ce PDF jointe)<br \/>\n\u2022 Verificatie van de voorraad tijdens de verkoop<br \/>\n\u2022 Berekening van de winst per factuur, per klant en per artikel<br \/>\n\u2022 Codering van de partijnummers voor de traceerbaarheid*<br \/>\n\u2022 Codering van de serienummers*<\/p>\n<\/div>\n<p>[\/vc_column_text][\/vc_tta_section][vc_tta_section title=\u00a0\u00bbAchats\u00a0\u00bb tab_id=\u00a0\u00bb1521456112044-1777f98d-99e4&Prime;][vc_column_text]<\/p>\n<div style=\"color: #000000;\">Aankoopmodule met inkomende factuur, leveringsbon, retourbon, credit nota op aankoop<br \/>\n\u2022 De hoeveelheden op voorraad worden onmiddellijk bijgewerkt<br \/>\n\u2022 Bestellingen aan leveranciers met verzending per fax of e-mail<br \/>\n\u2022 Automatische bestellingen aan leveranciers van artikelen die niet meer in voorraad zijn<br \/>\n\u2022 Omzetting van bestellingen in leveringsbon of rechtstreeks in aankoopfactuur<br \/>\n\u2022 Leveranciersbestand en -historiek<br \/>\n\u2022 Voorraadcorrecties voor de inventaris<br \/>\n\u2022 Mogelijkheid om serienummers in te voeren<br \/>\n\u2022 Invoeren of aanmaken van nieuwe partijnummers *<br \/>\n\u2022 Kostprijsberekening op basis van de werkelijke kosten<\/div>\n<p>[\/vc_column_text][\/vc_tta_section][vc_tta_section title=\u00a0\u00bbRapports\u00a0\u00bb tab_id=\u00a0\u00bb1521456117668-a2922604-b4ec\u00a0\u00bb][vc_column_text]<\/p>\n<div style=\"color: #000000;\">\u2022 Prijslijst<br \/>\n\u2022 Klantenlijst<br \/>\n\u2022 Lijst met artikelen<br \/>\n\u2022 Lijst van debiteuren<br \/>\n\u2022 Lijst van crediteuren<br \/>\n\u2022 Bestellingen die nog niet zijn verwerkt<br \/>\n\u2022 Inventarislijst per magazijn<br \/>\n\u2022 Overzicht van de te bestellen artikelen<br \/>\n\u2022 Te verrichten leveringen per zone<br \/>\n\u2022 Catalogus van uw producten met foto's<br \/>\n\u2022 Termijnplanning klanten \/ termijnplanning leveranciers<br \/>\n\u2022 Boekhoudkundig verslag voor uw accountant<br \/>\n\u2022 Verslag van de verrichte productie + uit te voeren productie * op basis van bestellingen en beschikbare voorraden<\/div>\n<p>[\/vc_column_text][\/vc_tta_section][vc_tta_section title=\u00a0\u00bbStatistiques\u00a0\u00bb tab_id=\u00a0\u00bb1521456115754-2d0671ef-ec11&Prime;][vc_column_text]<\/p>\n<div style=\"color: #000000;\">\u2022 Dagelijkse omzet<br \/>\n\u2022 Maandelijkse omzet (met grafiek)<br \/>\n\u2022 Verkoopstatistieken per artikel<br \/>\n\u2022 Verkoopstatistieken per verkoper\/vertegenwoordiger<br \/>\n\u2022 Verkoopstatistieken per klant en klantenfamilie<br \/>\n\u2022 Hitparade van de bestverkochte producten<br \/>\n\u2022 Logboek met een globaal overzicht van uw bedrijf<\/div>\n<p>[\/vc_column_text][\/vc_tta_section][vc_tta_section title=\u00a0\u00bbFinanciers\u00a0\u00bb tab_id=\u00a0\u00bb1521456114320-76e3cdab-904f\u00a0\u00bb][vc_column_text]<\/p>\n<div style=\"color: #000000;\">\u2022 Financi\u00eble administratie van inkomsten-uitgaven<br \/>\n\u2022 Bijhouden van kasboek en bankboek<br \/>\n\u2022 Invoeren van betalingen van klanten en leveranciers<br \/>\n\u2022 Invoeren van betalingen per financi\u00eble rekening<br \/>\n\u2022 Afdrukken van kasboek per periode<br \/>\n\u2022 Lijst van debiteuren en crediteuren<\/div>\n<p>[\/vc_column_text][\/vc_tta_section][vc_tta_section title=\u00a0\u00bbModules de caisse\u00a0\u00bb tab_id=\u00a0\u00bb1521456249882-d5a1aec4-6a1a\u00a0\u00bb][vc_column_text]<\/p>\n<div style=\"color: #000000;\">We hebben ons MEGA-Kassa-programma ge\u00efntegreerd in MEGA-WIN voor retailers en cash & carry.<br \/>\nU kunt uw kassa\u2019s met een PC en een touchscreen beheren als een verkooppunt. MEGA-Kassa werkt met een barcodesysteem dat de invoer van artikelen aan de kassa versnelt. Hiermee kunt u uw klanten een betere service bieden. Verhoog de winstgevendheid van uw bedrijf met behulp van dit modern en hoogtechnologisch kassasysteem. Met MEGA-Kassa kunt u op elk moment van de dag uw omzet en het exacte geldbedrag dat zich in de kassa moet bevinden raadplegen. U kunt de kassabonnen groeperen in \u00e9\u00e9n factuur per dag of per klant. Het is ook mogelijk om weegschalen en betaalterminals aan het programma te koppelen.<\/div>\n<p>[\/vc_column_text][\/vc_tta_section][\/vc_tta_accordion][vc_column_text]<span style=\"color: red;\">Les points avec * sont des options payantes<\/span>[\/vc_column_text][vc_btn title=\u00a0\u00bbDescription technique\u00a0\u00bb style=\u00a0\u00bbclassic\u00a0\u00bb color=\u00a0\u00bbprimary\u00a0\u00bb link=\u00a0\u00bburl:https%3A%2F%2Fmegawin.be%2Fdescription-technique%2F|||\u00a0\u00bb css=\u00a0\u00bb.vc_custom_1671096254943{margin-top: -20px !important;padding-top: 3px !important;padding-right: 3px !important;padding-bottom: 3px !important;padding-left: 3px !important;}\u00a0\u00bb][\/vc_column][vc_column width=\u00a0\u00bb1\/3&Prime; css=\u00a0\u00bb.vc_custom_1762784577239{margin-top: 20px !important;}\u00a0\u00bb][vc_column_text css=\u00a0\u00bb.vc_custom_1762784586939{margin-top: -20px !important;}\u00a0\u00bb]&nbsp;<\/p>\n<h3 style=\"text-align: center; color: #000000;\">Database<\/h3>\n<p style=\"text-align: center;\"><img decoding=\"async\" style=\"width: 280px; margin-bottom: -30px;\" src=\"https:\/\/megawin.be\/wp-content\/uploads\/2018\/04\/video-coming-soon.png\" \/><\/p>\n<p>&nbsp;<\/p>\n<h3 style=\"text-align: center; color: #000000;\">Verkoop<\/h3>\n<p style=\"text-align: center;\"><img decoding=\"async\" style=\"width: 280px; margin-bottom: -30px;\" src=\"https:\/\/megawin.be\/wp-content\/uploads\/2018\/04\/video-coming-soon.png\" \/><\/p>\n<p>&nbsp;<\/p>\n<h3 style=\"text-align: center; color: #000000;\">Aankopen<\/h3>\n<p style=\"text-align: center;\"><img decoding=\"async\" style=\"width: 280px; margin-bottom: -30px;\" src=\"https:\/\/megawin.be\/wp-content\/uploads\/2018\/04\/video-coming-soon.png\" \/><\/p>\n<p>&nbsp;[\/vc_column_text][\/vc_column][\/vc_row][vc_row][vc_column css=\u00a0\u00bb.vc_custom_1523882704384{margin-top: -100px !important;}\u00a0\u00bb][vc_column_text][rev_slider_vc alias=\u00a0\u00bbscreenshot3&Prime;][\/vc_column_text][\/vc_column][\/vc_row]<\/p>","protected":false},"excerpt":{"rendered":"<p>[vc_row full_width=\u00a0\u00bbstretch_row_content_no_spaces\u00a0\u00bb content_placement=\u00a0\u00bbtop\u00a0\u00bb css=\u00a0\u00bb.vc_custom_1763730434021{margin-top: -80px !important;background-color: #24a3ff !important;}\u00a0\u00bb][vc_column css=\u00a0\u00bb.vc_custom_1763730212834{margin-top: -20px !important;background-color: #24a3ff !important;}\u00a0\u00bb][vc_column_text][\/vc_column_text][\/vc_column][\/vc_row][vc_row][vc_column][vc_column_text] [\/vc_column_text][\/vc_column][\/vc_row][vc_row][vc_column width=\u00a0\u00bb2\/3&Prime; css=\u00a0\u00bb.vc_custom_1523625285904{margin-top: 30px !important;}\u00a0\u00bb][vc_column_text] MEGA-WIN est un logiciel de gestion qui couvre<span class=\"excerpt-hellip\"> [\u2026]<\/span><\/p>","protected":false},"author":1,"featured_media":0,"parent":0,"menu_order":0,"comment_status":"closed","ping_status":"closed","template":"","meta":{"footnotes":""},"class_list":["post-239","page","type-page","status-publish","hentry"],"_links":{"self":[{"href":"https:\/\/megawin.be\/nl\/wp-json\/wp\/v2\/pages\/239","targetHints":{"allow":["GET"]}}],"collection":[{"href":"https:\/\/megawin.be\/nl\/wp-json\/wp\/v2\/pages"}],"about":[{"href":"https:\/\/megawin.be\/nl\/wp-json\/wp\/v2\/types\/page"}],"author":[{"embeddable":true,"href":"https:\/\/megawin.be\/nl\/wp-json\/wp\/v2\/users\/1"}],"replies":[{"embeddable":true,"href":"https:\/\/megawin.be\/nl\/wp-json\/wp\/v2\/comments?post=239"}],"version-history":[{"count":148,"href":"https:\/\/megawin.be\/nl\/wp-json\/wp\/v2\/pages\/239\/revisions"}],"predecessor-version":[{"id":1829,"href":"https:\/\/megawin.be\/nl\/wp-json\/wp\/v2\/pages\/239\/revisions\/1829"}],"wp:attachment":[{"href":"https:\/\/megawin.be\/nl\/wp-json\/wp\/v2\/media?parent=239"}],"curies":[{"name":"wp","href":"https:\/\/api.w.org\/{rel}","templated":true}]}}