

{"id":762,"date":"2019-05-16T13:03:53","date_gmt":"2019-05-16T13:03:53","guid":{"rendered":"https:\/\/megawin.be\/?page_id=762"},"modified":"2020-08-25T11:21:11","modified_gmt":"2020-08-25T11:21:11","slug":"trackandtrace","status":"publish","type":"page","link":"https:\/\/megawin.be\/nl\/trackandtrace\/","title":{"rendered":"Track and Trace &#8211; Tracabilit\u00e9 tabac"},"content":{"rendered":"<p>[vc_row][vc_column css=\u00a0\u00bb.vc_custom_1558013687132{margin-bottom: 10px !important;}\u00a0\u00bb][vc_column_text]<\/p>\n<h3 style=\"color: #1f497d; text-align: center;\"><strong>Traceersysteem voor tabaksproducten: Track & Trace<br \/>\n<\/strong><\/h3>\n<p style=\"text-align: center; line-height: 16px;\"><strong>Als u een groothandelaar in tabaksproducten bent, zal deze module zeer nuttig zijn voor<br \/>\nhet indienen van de aangiften van uw verkoop aan de Track & Trace-servers. MEGA-WIN is het eenvoudigste TTT-systeem in Belgi\u00eb.<\/strong><\/p>\n<p>[\/vc_column_text][\/vc_column][\/vc_row][vc_row][vc_column width=\u00a0\u00bb1\/2&Prime;][vc_column_text]<\/p>\n<div style=\"line-height: 18px; color: #000000!important;\">\n<p class=\" translation-block\">Zoals hieronder wordt uitgelegd, bent u wettelijk verplicht aangifte te doen van de producten die u aankoopt en verkoopt aan zakelijke klanten. Als u MEGA-WIN aanschaft, dient u eerst al uw producten via hun gewone barcode in te voeren, evenals al uw klanten aan de hand van hun EOID-nummer.\nZodra u klaar bent met het invoeren van deze gegevens, kunt u beginnen met factureren met MEGA-WIN op een zeer eenvoudige manier:<\/p>\n<ol>\n<li style=\"margin: 0px;\">Selecteer een klant die al een EOID heeft en er wordt gecontroleerd of deze nog geldig is.<\/li>\n<li style=\"margin: 0px;\">Scan alleen de vierkante barcode (QR of Datamatrix) die op elke slof sigaretten of pot tabak staat. Deze barcode bevat tevens het TTT-serienummer voor de aangifte.<br \/>\nsur chaque farde de cigarettes ou pot de tabac. Ce codebarre contient<br \/>\n\u00e9galement le num\u00e9ro de s\u00e9rie TTT \u00e0 d\u00e9clarer<\/li>\n<li style=\"margin: 0px;\">Voer de betalingsmethode(n) in (contant, Bancontact, bankoverschrijving).<\/li>\n<li style=\"margin: 0px;\">Zodra u de factuur afdrukt, wordt de automatische aangifte van de serienummers naar de Track & Trace-servers geactiveerd<br \/>\ndes num\u00e9ros de s\u00e9rie aux serveurs de Track &amp; Trace.<\/li>\n<\/ol>\n<p><br \/>\nU hoeft dus niet meer de EAN13 barcode en vervolgens de Datamatrix vierkante barcode te scannen zoals dat wel het geval is in andere computersystemen (zoals Honeywell PDA's).<\/p>\n<p><strong>Met MEGA-WIN bespaart u als tabaksgroothandel veel tijd<\/strong><\/p>\n<\/div>\n<p>[\/vc_column_text][\/vc_column][vc_column width=\u00a0\u00bb1\/2&Prime; css=\u00a0\u00bb.vc_custom_1597892807349{margin-top: 0px !important;margin-right: 0px !important;margin-bottom: 0px !important;margin-left: 0px !important;padding-top: 0px !important;padding-right: 0px !important;padding-bottom: 0px !important;padding-left: 0px !important;}\u00a0\u00bb][vc_single_image image=\u00a0\u00bb1080&Prime; img_size=\u00a0\u00bbfull\u00a0\u00bb][\/vc_column][\/vc_row][vc_row][vc_column width=\u00a0\u00bb1\/4&Prime; css=\u00a0\u00bb.vc_custom_1598258611965{margin-bottom: 30px !important;}\u00a0\u00bb][vc_column_text css_animation=\u00a0\u00bbbounceInLeft\u00a0\u00bb]&nbsp;<\/p>\n<p style=\"text-align: center;\"><img loading=\"lazy\" decoding=\"async\" class=\"alignnone size-full wp-image-1092\" src=\"https:\/\/megawin.be\/wp-content\/uploads\/2020\/08\/chaine_1.png\" alt=\"\" width=\"218\" height=\"135\" srcset=\"https:\/\/megawin.be\/wp-content\/uploads\/2020\/08\/chaine_1.png 218w, https:\/\/megawin.be\/wp-content\/uploads\/2020\/08\/chaine_1-50x31.png 50w, https:\/\/megawin.be\/wp-content\/uploads\/2020\/08\/chaine_1-121x75.png 121w\" sizes=\"auto, (max-width: 218px) 100vw, 218px\" \/><\/p>\n<h3 style=\"text-align: center;\"><strong>Fabrikant<\/strong><\/h3>\n<p>[\/vc_column_text][\/vc_column][vc_column width=\u00a0\u00bb1\/4&Prime;][vc_column_text css_animation=\u00a0\u00bbbounceInLeft\u00a0\u00bb]&nbsp;<\/p>\n<p style=\"text-align: center;\"><img loading=\"lazy\" decoding=\"async\" class=\"alignnone size-full wp-image-1091\" src=\"https:\/\/megawin.be\/wp-content\/uploads\/2020\/08\/chaine_2.png\" alt=\"\" width=\"244\" height=\"135\" srcset=\"https:\/\/megawin.be\/wp-content\/uploads\/2020\/08\/chaine_2.png 244w, https:\/\/megawin.be\/wp-content\/uploads\/2020\/08\/chaine_2-50x28.png 50w, https:\/\/megawin.be\/wp-content\/uploads\/2020\/08\/chaine_2-136x75.png 136w\" sizes=\"auto, (max-width: 244px) 100vw, 244px\" \/><\/p>\n<h3 style=\"text-align: center;\"><strong>Invoerder<\/strong><\/h3>\n<p>[\/vc_column_text][\/vc_column][vc_column width=\u00a0\u00bb1\/4&Prime;][vc_column_text css_animation=\u00a0\u00bbbounceInLeft\u00a0\u00bb]&nbsp;<\/p>\n<p style=\"text-align: center;\"><img loading=\"lazy\" decoding=\"async\" class=\"alignnone size-full wp-image-1090\" src=\"https:\/\/megawin.be\/wp-content\/uploads\/2020\/08\/chaine_3.png\" alt=\"\" width=\"267\" height=\"135\" srcset=\"https:\/\/megawin.be\/wp-content\/uploads\/2020\/08\/chaine_3.png 267w, https:\/\/megawin.be\/wp-content\/uploads\/2020\/08\/chaine_3-260x131.png 260w, https:\/\/megawin.be\/wp-content\/uploads\/2020\/08\/chaine_3-50x25.png 50w, https:\/\/megawin.be\/wp-content\/uploads\/2020\/08\/chaine_3-148x75.png 148w\" sizes=\"auto, (max-width: 267px) 100vw, 267px\" \/><\/p>\n<h3 style=\"text-align: center;\"><strong>Verdelers<\/strong><\/h3>\n<p>[\/vc_column_text][\/vc_column][vc_column width=\u00a0\u00bb1\/4&Prime;][vc_column_text css_animation=\u00a0\u00bbbounceInLeft\u00a0\u00bb]&nbsp;<\/p>\n<p style=\"text-align: center;\"><img loading=\"lazy\" decoding=\"async\" class=\"alignnone size-full wp-image-1089\" src=\"https:\/\/megawin.be\/wp-content\/uploads\/2020\/08\/chaine_4.png\" alt=\"\" width=\"182\" height=\"135\" srcset=\"https:\/\/megawin.be\/wp-content\/uploads\/2020\/08\/chaine_4.png 182w, https:\/\/megawin.be\/wp-content\/uploads\/2020\/08\/chaine_4-50x37.png 50w, https:\/\/megawin.be\/wp-content\/uploads\/2020\/08\/chaine_4-101x75.png 101w\" sizes=\"auto, (max-width: 182px) 100vw, 182px\" \/><\/p>\n<h3 style=\"text-align: center;\"><strong>Kleinhandelaars<\/strong><\/h3>\n<p>[\/vc_column_text][\/vc_column][\/vc_row][vc_row][vc_column width=\u00a0\u00bb1\/3&Prime;][vc_column_text]Track and Trace est un syst\u00e8me de contr\u00f4le de la distribution des produits du tabac qui a \u00e9t\u00e9 \u00e9tabli pour la protection des consommateurs europ\u00e9ens. Le 2\u00e8me but est de lutter contre le commerce illicite des cigarettes en Europe pour emp\u00eacher les contre fa\u00e7ons.<\/p>\n<p>Ce syst\u00e8me de tra\u00e7abilit\u00e9 doit \u00eatre mis en service \u00e0 partir du 20\/05\/2019 pour les cigarettes vendues sur le march\u00e9 de l&rsquo;UE. Conform\u00e9ment aux articles 15 et 16 de la Directive No EU-2014\u00a0:Tobacco Products Directive (TPD).[\/vc_column_text][\/vc_column][vc_column width=\u00a0\u00bb1\/3&Prime; css=\u00a0\u00bb.vc_custom_1597893467994{margin-bottom: -60px !important;}\u00a0\u00bb][vc_column_text]<\/p>\n<p style=\"text-align: center;\"><a style=\"font-size: 16px;\" href=\"https:\/\/www.health.belgium.be\/nl\/traceerbaarheid-en-veiligheid-van-producten-op-basis-van-tabak\" target=\"_blank\" rel=\"noopener\"><u>Uitleg door de FOD Volksgezondheid<\/u><\/a><\/p>\n<div><\/div>\n<div style=\"text-align: center;\"><img loading=\"lazy\" decoding=\"async\" class=\"size-full wp-image-817 aligncenter\" style=\"border-radius: 50px;\" src=\"https:\/\/megawin.be\/wp-content\/uploads\/2019\/05\/EU_TPD.png\" alt=\"\" width=\"299\" height=\"168\" srcset=\"https:\/\/megawin.be\/wp-content\/uploads\/2019\/05\/EU_TPD.png 299w, https:\/\/megawin.be\/wp-content\/uploads\/2019\/05\/EU_TPD-260x146.png 260w, https:\/\/megawin.be\/wp-content\/uploads\/2019\/05\/EU_TPD-50x28.png 50w, https:\/\/megawin.be\/wp-content\/uploads\/2019\/05\/EU_TPD-133x75.png 133w\" sizes=\"auto, (max-width: 299px) 100vw, 299px\" \/><\/div>\n<p>&nbsp;<\/p>\n<p>&nbsp;<\/p>\n<p>&nbsp;[\/vc_column_text][\/vc_column][vc_column width=\u00a0\u00bb1\/3&Prime;][vc_column_text]La Commission europ\u00e9enne a publi\u00e9 en septembre 2017 3 actes d\u00e9taillant la mise en \u0153uvre d&rsquo;un syst\u00e8me de tra\u00e7abilit\u00e9 \u00e0 l&rsquo;\u00e9chelle europ\u00e9enne, y compris l&rsquo;utilisation d&rsquo;un identifiant unique par produit de tabac.<\/p>\n<p>Ce num\u00e9ro de s\u00e9rie existe \u00e9galement sur chaque farde de cigarettes sous forme de codebarres QR ou Datamatrix. Donc les fabricants de tabac doivent imprimer ces codebarres sur les emballages pour savoir \u00e0 qui ils ont vendus ces produits sur toute la chaine de distribution.[\/vc_column_text][\/vc_column][\/vc_row][vc_row][vc_column width=\u00a0\u00bb1\/4&Prime;][vc_column_text css_animation=\u00a0\u00bbbounceInLeft\u00a0\u00bb]<img loading=\"lazy\" decoding=\"async\" class=\"alignnone wp-image-1082 size-medium\" src=\"https:\/\/megawin.be\/wp-content\/uploads\/2020\/08\/image001-300x151.png\" alt=\"\" width=\"300\" height=\"151\" srcset=\"https:\/\/megawin.be\/wp-content\/uploads\/2020\/08\/image001-300x151.png 300w, https:\/\/megawin.be\/wp-content\/uploads\/2020\/08\/image001-260x131.png 260w, https:\/\/megawin.be\/wp-content\/uploads\/2020\/08\/image001-50x25.png 50w, https:\/\/megawin.be\/wp-content\/uploads\/2020\/08\/image001-150x75.png 150w, https:\/\/megawin.be\/wp-content\/uploads\/2020\/08\/image001.png 308w\" sizes=\"auto, (max-width: 300px) 100vw, 300px\" \/>[\/vc_column_text][\/vc_column][vc_column width=\u00a0\u00bb1\/4&Prime;][vc_column_text css_animation=\u00a0\u00bbbounceInLeft\u00a0\u00bb]<img loading=\"lazy\" decoding=\"async\" class=\"aligncenter wp-image-788\" src=\"https:\/\/megawin.be\/wp-content\/uploads\/2019\/05\/structure-operationnelle-du-systeme-de-tracabilite-2-300x186.png\" alt=\"\" width=\"250\" height=\"155\" srcset=\"https:\/\/megawin.be\/wp-content\/uploads\/2019\/05\/structure-operationnelle-du-systeme-de-tracabilite-2-300x186.png 300w, https:\/\/megawin.be\/wp-content\/uploads\/2019\/05\/structure-operationnelle-du-systeme-de-tracabilite-2-768x476.png 768w, https:\/\/megawin.be\/wp-content\/uploads\/2019\/05\/structure-operationnelle-du-systeme-de-tracabilite-2-236x146.png 236w, https:\/\/megawin.be\/wp-content\/uploads\/2019\/05\/structure-operationnelle-du-systeme-de-tracabilite-2-50x31.png 50w, https:\/\/megawin.be\/wp-content\/uploads\/2019\/05\/structure-operationnelle-du-systeme-de-tracabilite-2-121x75.png 121w, https:\/\/megawin.be\/wp-content\/uploads\/2019\/05\/structure-operationnelle-du-systeme-de-tracabilite-2.png 892w\" sizes=\"auto, (max-width: 250px) 100vw, 250px\" \/>[\/vc_column_text][\/vc_column][vc_column width=\u00a0\u00bb1\/4&Prime;][vc_column_text css_animation=\u00a0\u00bbbounceInLeft\u00a0\u00bb]<\/p>\n<p style=\"text-align: center;\"><img loading=\"lazy\" decoding=\"async\" class=\"alignnone wp-image-807 aligncenter\" src=\"https:\/\/megawin.be\/wp-content\/uploads\/2019\/05\/1-300x195.png\" alt=\"\" width=\"223\" height=\"145\" srcset=\"https:\/\/megawin.be\/wp-content\/uploads\/2019\/05\/1-300x195.png 300w, https:\/\/megawin.be\/wp-content\/uploads\/2019\/05\/1-224x146.png 224w, https:\/\/megawin.be\/wp-content\/uploads\/2019\/05\/1-50x33.png 50w, https:\/\/megawin.be\/wp-content\/uploads\/2019\/05\/1-115x75.png 115w, https:\/\/megawin.be\/wp-content\/uploads\/2019\/05\/1.png 467w\" sizes=\"auto, (max-width: 223px) 100vw, 223px\" \/>[\/vc_column_text][\/vc_column][vc_column width=\u00a0\u00bb1\/4&Prime;][vc_column_text css_animation=\u00a0\u00bbbounceInLeft\u00a0\u00bb]<\/p>\n<p style=\"text-align: center;\"><img loading=\"lazy\" decoding=\"async\" class=\"alignnone wp-image-808 aligncenter\" src=\"https:\/\/megawin.be\/wp-content\/uploads\/2019\/05\/2-300x155.png\" alt=\"\" width=\"310\" height=\"160\" srcset=\"https:\/\/megawin.be\/wp-content\/uploads\/2019\/05\/2-300x155.png 300w, https:\/\/megawin.be\/wp-content\/uploads\/2019\/05\/2-260x134.png 260w, https:\/\/megawin.be\/wp-content\/uploads\/2019\/05\/2-50x26.png 50w, https:\/\/megawin.be\/wp-content\/uploads\/2019\/05\/2-145x75.png 145w, https:\/\/megawin.be\/wp-content\/uploads\/2019\/05\/2.png 673w\" sizes=\"auto, (max-width: 310px) 100vw, 310px\" \/>[\/vc_column_text][\/vc_column][\/vc_row][vc_row][vc_column css=\u00a0\u00bb.vc_custom_1558012824855{margin-top: 30px !important;}\u00a0\u00bb][vc_column_text css=\u00a0\u00bb.vc_custom_1558964170302{margin-top: -30px !important;margin-bottom: 30px !important;}\u00a0\u00bb]<\/p>\n<div style=\"width: 100%; border: 1px solid #efefef; box-shadow: 1px 1px 12px #555;\">\n<div style=\"padding: 8px;\">\n<h5 style=\"text-align: center;\"><span style=\"color: red;\"><strong>Wij adviseren u om GEEN PDA (Pocket PC) te gebruiken omdat die zeer traag zijn!<\/strong><br \/>\nZo niet zult u veel tijd verliezen omdat u 2 aparte apparaten dient te gebruiken: een scanner om de EAN-barcodes vast te leggen en een PDA om de serienummers te scannen.<\/span><\/h5>\n<\/div>\n<\/div>\n<p>[\/vc_column_text][\/vc_column][\/vc_row]<\/p>","protected":false},"excerpt":{"rendered":"<p>[vc_row][vc_column css=\u00a0\u00bb.vc_custom_1558013687132{margin-bottom: 10px !important;}\u00a0\u00bb][vc_column_text] Syst\u00e8me de tra\u00e7abilit\u00e9 des produits du tabac : Track &amp; Trace Si vous \u00eates un grossiste de produits de tabacs, ce module<span class=\"excerpt-hellip\"> [\u2026]<\/span><\/p>","protected":false},"author":1,"featured_media":0,"parent":0,"menu_order":0,"comment_status":"closed","ping_status":"closed","template":"","meta":{"footnotes":""},"class_list":["post-762","page","type-page","status-publish","hentry"],"_links":{"self":[{"href":"https:\/\/megawin.be\/nl\/wp-json\/wp\/v2\/pages\/762","targetHints":{"allow":["GET"]}}],"collection":[{"href":"https:\/\/megawin.be\/nl\/wp-json\/wp\/v2\/pages"}],"about":[{"href":"https:\/\/megawin.be\/nl\/wp-json\/wp\/v2\/types\/page"}],"author":[{"embeddable":true,"href":"https:\/\/megawin.be\/nl\/wp-json\/wp\/v2\/users\/1"}],"replies":[{"embeddable":true,"href":"https:\/\/megawin.be\/nl\/wp-json\/wp\/v2\/comments?post=762"}],"version-history":[{"count":76,"href":"https:\/\/megawin.be\/nl\/wp-json\/wp\/v2\/pages\/762\/revisions"}],"predecessor-version":[{"id":1094,"href":"https:\/\/megawin.be\/nl\/wp-json\/wp\/v2\/pages\/762\/revisions\/1094"}],"wp:attachment":[{"href":"https:\/\/megawin.be\/nl\/wp-json\/wp\/v2\/media?parent=762"}],"curies":[{"name":"wp","href":"https:\/\/api.w.org\/{rel}","templated":true}]}}