

{"id":92,"date":"2017-02-01T13:13:46","date_gmt":"2017-02-01T13:13:46","guid":{"rendered":"http:\/\/themes.muffingroup.com\/betheme\/?page_id=2"},"modified":"2025-12-03T10:16:33","modified_gmt":"2025-12-03T10:16:33","slug":"home","status":"publish","type":"page","link":"https:\/\/megawin.be\/nl\/","title":{"rendered":"Home"},"content":{"rendered":"<p>[vc_row full_width=\u00a0\u00bbstretch_row_content\u00a0\u00bb][vc_column css=\u00a0\u00bb.vc_custom_1764756737160{margin-top: 0px !important;margin-right: 0px !important;margin-bottom: 0px !important;margin-left: 0px !important;}\u00a0\u00bb][vc_column_text css=\u00a0\u00bb.vc_custom_1764756703271{margin-top: 0px !important;margin-right: 0px !important;margin-bottom: 0px !important;margin-left: 0px !important;background-image: url(https:\/\/megawin.be\/wp-content\/uploads\/2025\/10\/Bannier-Peppol-Megawin-1.png?id=1669) !important;}\u00a0\u00bb]<!DOCTYPE html>\n<html lang=\"fr\">\n<head>\n<meta charset=\"UTF-8\">\n<meta name=\"viewport\" content=\"width=device-width, initial-scale=1.0\">\n<title>MEGA-WIN Banner<\/title>\n<style>\n  body, html {\n    margin: 0;\n    padding: 0;\n    height: 100%;\n    font-family: Arial, sans-serif;\n  }\n\n.banner {\n  position: relative;\n  width: 100%;\n  height: 400px;  \/* hauteur fixe *\/\n  \/\/background: url(\"https:\/\/megawin.be\/wp-content\/uploads\/2018\/03\/banner3.jpg\") no-repeat center top\/cover;\n\n  display: flex;\n  align-items: center;   \/* centre vertical *\/\n  justify-content: center; \/* centre horizontal *\/\n  color: white;\n}\n\n.banner-content {\n  width: 100%;\n  max-width: 1200px;   \/* largeur max *\/\n  text-align: left;    \/* texte align\u00e9 \u00e0 gauche *\/\n  padding-left: 20px;  \/* petite marge gauche pour respiration *\/\n}\n\n  .banner-content h1,\n  .banner-content p,\n  .banner-content .buttons a {\n    opacity: 0;\n    transform: translateY(20px);\n    animation: fadeInUp 0.6s forwards; \/* animation plus rapide *\/\n  }\n\n  .banner-content h1 {\n    font-size: 48px;\n    font-weight: bold;\n    color: #fff;\n    animation-delay: 0.5s; \/* apparition rapide *\/\n  }\n\n  .banner-content p {\n    font-size: 22px;\n    margin: 20px 0;\n    animation-delay: 1.2s;\n  }\n\n  .buttons {\n    margin-top: 30px;\n    display: flex;\n    gap: 20px;\n  }\n\n  \/* Boutons anim\u00e9s en dernier *\/\n  .buttons a:nth-child(1) {\n    animation-delay: 1.8s;\n  }\n\n  .buttons a:nth-child(2) {\n    animation-delay: 2.2s;\n  } \n\n  .buttons a {\n    background: #9333ea; \/* violet *\/\n    color: white;\n    padding: 12px 25px;\n    text-decoration: none;\n    border-radius: 6px;\n    font-weight: bold;\n    transition: background 0.3s;\n  }\n\n  .buttons a:hover {\n    background: #7e22ce;\n  }\n\n  @keyframes fadeInUp {\n    to {\n      opacity: 1;\n      transform: translateY(0);\n    }\n  }\n<\/style>\n\n<\/head>\n<body>\n<div class=\"banner\" style=\"\">\n  <div class=\"banner-content\">\n  <div  style=\"padding-left:100px\">\n    <h1 style=\"margin-bottom:12px; color:#b8cde8;word-spacing :  10px;\">MEGA-WIN is de beste software <\/h1>\n    <div style=\"color:#b8cde8!important; font-size:30px; margin-left:50px; margin-bottom:22px; font-weight:bold   \">voor elektronische facturatie en stockbeheer.<\/div>\n\t <div style=\"color:#b8cde8!important; font-size:26px;; margin-left:100px; font-weight:bold  \">Verzend en ontvang uw facturen veilig via Peppol.<\/div>\n <\/div>\n\n\n<div style=\"display:flex; align-items:center; justify-content:space-between; gap:30px; margin-top:20px;\">\n  \n  <!-- Image \u00e0 gauche -->\n  <div style=\"flex:1; text-align:left;\">\n    <img decoding=\"async\" src=\"https:\/\/megawin.be\/wp-content\/uploads\/2025\/10\/image-removebg-preview-1.png\" \n         alt=\"Peppol Logo\" \n         style=\"max-width:350px; height:auto; margin-left:40px; margin-top:20px; margin-left:230px\">\n  <\/div>\n\n  <!-- Boutons \u00e0 droite -->\n  <div style=\"flex:1; text-align:right;\">\n    <div class=\"buttons\" style=\"justify-content:flex-end;\">\n\t <a href=\"https:\/\/megawin.be\/nl\/demo\/\">Een gratis demo aanvragen<\/a>\n      <a href=\"https:\/\/megawin.be\/nl\/licence-mega-win\/\" target=\"_blank\">Zie prijzen van de licenties<\/a>\n     \n    <\/div>\n\n    <div class=\"button-full\" style=\"margin-top:15px; width:485px; margin-left:auto;\">\n      <a href=\"https:\/\/peppol-register.eu\/\" target=\"_blank\" \n         style=\"display:block; width:100%; text-align:center; background-color:#03c98f; color:#fff; font-weight:bold; padding:12px 0;          border-radius:6px; text-decoration:none; font-size:16px;\">\n        Registreer u op het Peppol-netwerk\n      <\/a>\n    <\/div>\n  <\/div>\n\n<\/div>\n\n\t\n\t\n  <\/div>\n<\/div>\n<\/body>\n<\/html>\n\n[\/vc_column_text][\/vc_column][\/vc_row][vc_row full_width=\u00a0\u00bbstretch_row_content\u00a0\u00bb css=\u00a0\u00bb.vc_custom_1764587164047{margin-bottom: -60px !important;}\u00a0\u00bb][vc_column css=\u00a0\u00bb.vc_custom_1764585447836{margin-top: 0px !important;margin-right: 0px !important;margin-bottom: 0px !important;margin-left: 0px !important;}\u00a0\u00bb offset=\u00a0\u00bbvc_hidden-lg\u00a0\u00bb][vc_column_text css=\u00a0\u00bb.vc_custom_1764756920261{margin-top: 0px !important;margin-right: 0px !important;margin-bottom: 0px !important;margin-left: 0px !important;padding-right: 15px !important;}\u00a0\u00bb][\/vc_column_text][\/vc_column][\/vc_row][vc_row css=\u00a0\u00bb.vc_custom_1763394169154{margin-top: 10px !important;}\u00a0\u00bb][vc_column width=\u00a0\u00bb3\/4&Prime; css=\u00a0\u00bb.vc_custom_1764756974399{margin-top: 130px !important;}\u00a0\u00bb][vc_column_text css=\u00a0\u00bb.vc_custom_1763394003408{margin-top: 5px !important;padding-left: 0px !important;}\u00a0\u00bb]<\/p>\n<h4><strong>MEGA-Win<\/strong> DE <strong>LA<\/strong> Solution informatique en mati\u00e8re de gestion commerciale.<\/h4>\n<p>Het is een volledig en effici\u00ebnt systeem. Het maakt facturatie en stockbeheer mogelijk en kan worden aangepast aan elk type handelszaak: groothandels, distributeurs, fabrikanten, supermarkten, detailhandelaars, cash & carry, doe-het-zelfzaken, enz.<br \/>\n<strong>La facturatie in Belgi\u00eb voor bedrijven wordt verplicht vanaf januari 2026.<br \/>\nAls u niet geregistreerd bent op het PEPPOL-netwerk, zult u in 2026 geen facturen meer kunnen uitsturen.<\/strong><\/p>\n<p>&nbsp;[\/vc_column_text][\/vc_column][vc_column width=\u00a0\u00bb1\/4&Prime; css=\u00a0\u00bb.vc_custom_1764587266826{margin-bottom: 60px !important;}\u00a0\u00bb][vc_single_image image=\u00a0\u00bb1676&Prime; img_size=\u00a0\u00bbfull\u00a0\u00bb alignment=\u00a0\u00bbcenter\u00a0\u00bb onclick=\u00a0\u00bbcustom_link\u00a0\u00bb link=\u00a0\u00bb\/peppol\/\u00a0\u00bb css=\u00a0\u00bb.vc_custom_1764756990834{margin-top: 100px !important;margin-left: 0px !important;padding-right: 0px !important;padding-left: 0px !important;}\u00a0\u00bb][\/vc_column][\/vc_row][vc_row css=\u00a0\u00bb.vc_custom_1763394196044{margin-top: 10px !important;margin-bottom: 40px !important;}\u00a0\u00bb][vc_column css_animation=\u00a0\u00bbnone\u00a0\u00bb width=\u00a0\u00bb1\/4&Prime; css=\u00a0\u00bb.vc_custom_1756713925888{margin-top: 25px !important;}\u00a0\u00bb el_class=\u00a0\u00bbcadre_1&Prime;]<div class=\"pricing-box  pricing-box-box\"><div class=\"plan-header\"><h2>Facturatie<\/h2><\/div><div class=\"plan-inside\"><\/p>\n<div style=\" text-align: left;color:#FFFFFF!important; \">\nMet MEGA-WIN kan u snel en rechtstreeks factureren zonder gebruik te maken van de muis.<br \/>\nPrijsoffertes, bestellingen en leveringsnota\u2019s zijn makkelijk aan te maken in MEGA-WIN en kunnen vervolgens worden omgezet in facturen.<\/p>\n<div style=\"color:#ffffff!important\">\nMegawin is ideaal voor groothandelaren, fabrikanten en cash & carry. Kassaverkoop is mogelijk met de kassamodule en de barcodescanner voor kassabonnen.<\/div><\/div>\n<p><\/div><\/div>\n[\/vc_column][vc_column css_animation=\u00a0\u00bbnone\u00a0\u00bb width=\u00a0\u00bb1\/4&Prime; css=\u00a0\u00bb.vc_custom_1756712980861{margin-top: 25px !important;}\u00a0\u00bb el_class=\u00a0\u00bbCadre_2&Prime;]<div class=\"pricing-box  pricing-box-box\"><div class=\"plan-header\"><h2>Voorraadbeheer<\/h2><\/div><div class=\"plan-inside\"><\/p>\n<div style=\" text-align: left;;color:#FFFFFF\" >\nDoor de aangeleverde producten in te voeren via de leveringsbonnen en aankoopfacturen, wordt de voorraad van uw producten bijgehouden. Bestellingen aan leveranciers kunnen handmatig of automatisch worden geplaatst en er kunnen ook prijsaanvragen worden opgesteld.<\/p>\n<div style='color:#ffffff!important'>\nGebruik een PDA (zakcomputer) om inkooporders in uw winkel\/magazijn aan te maken en om, indien nodig, de inventaris te maken.<\/div><\/div>\n<p><\/div><\/div>\n[\/vc_column][vc_column css_animation=\u00a0\u00bbnone\u00a0\u00bb width=\u00a0\u00bb1\/4&Prime; css=\u00a0\u00bb.vc_custom_1756713383812{margin-top: 25px !important;}\u00a0\u00bb el_class=\u00a0\u00bbcadre_3&Prime;]<div class=\"pricing-box  pricing-box-box\"><div class=\"plan-header\"><h2>Boekhouding<\/h2><\/div><div class=\"plan-inside\"><\/p>\n<div style=\"text-align:left;color:#FFFFFF\">\nMet MEGA-WIN is een vereenvoudigde boekhouding van het type inkomsten\/uitgaven mogelijk. Het volstaat de betalingen van klanten\/leveranciers in te voeren.<\/p>\n<div style='color:#ffffff!important'>Elke betaling gaat rechtstreeks naar het kasboek of het bankboek. Raadpleeg de rekening van uw klanten om hun onbetaalde facturen en schulden te zien. Voer uw algemene kosten in om uw nettowinst te kennen zonder op uw boekhouder te moeten wachten.<\/div><\/div>\n<p><\/div><\/div>\n[\/vc_column][vc_column css_animation=\u00a0\u00bbnone\u00a0\u00bb width=\u00a0\u00bb1\/4&Prime; css=\u00a0\u00bb.vc_custom_1756713410674{margin-top: 25px !important;}\u00a0\u00bb el_class=\u00a0\u00bbcadre_4&Prime;]<div class=\"pricing-box  pricing-box-box\"><div class=\"plan-header\"><h2>Statistieken<\/h2><\/div><div class=\"plan-inside\"><\/p>\n<div style=\"text-align:left;color:#FFFFFF\">\nRaadpleeg uw dashboard om uw omzet per maand en per jaar te kennen. Bekijk de verkopen per product, per productgroep en per klant. Ontdek de hitparade van de beste klanten en de bestverkochte producten.<\/p>\n<div style=\"text-align:left;color:#FFFFFF\">\nimprimer votre rapport de b\u00e9n\u00e9fice financier et le compte de r\u00e9sultat. il existe beaucoup d&rsquo;autres rapports,    tels que les produits \u00e0 commander, d\u00e9biteurs, cr\u00e9diteurs, \u00e9ch\u00e9anciers,  rapport d&rsquo;inventaires valoris\u00e9s.<\/div>\n<\/div>\n<p><\/div><\/div>\n[\/vc_column][\/vc_row][vc_row][vc_column css_animation=\u00a0\u00bbnone\u00a0\u00bb width=\u00a0\u00bb2\/3&Prime; css=\u00a0\u00bb.vc_custom_1756716043757{margin-top: 40px !important;}\u00a0\u00bb][vc_column_text]<\/p>\n<div style=\"color: #000000; line-height: 1.3; font-size: 15px;\">\n<p style=\"text-align: left; margin: 0 0 4px 0; ; margin-bottom: 15px;\">Notre logiciel est souple et facile \u00e0 utiliser. Il vous permettra de mieux g\u00e9rer votre entreprise<br \/>\nu te allen tijde de voorraad van uw artikelen, de bestellingen en uw debiteuren kunt controleren.<\/p>\n<p style=\"text-align: left; margin: 0 0 4px 0; ; margin-bottom: 15px;\">MEGA-WIN beheert de hele keten gaande van logistiek, bestellingen en leveringen tot facturering ...<br \/>\nvoor zowel aankopen als verkopen. Zie ons schema rechts:<\/p>\n<p style=\"text-align: left; margin: 0 0 4px 0; ; margin-bottom: 15px;\">Il comprend beaucoup de fonctionnalit\u00e9s qui faciliteront les t\u00e2ches de gestion journali\u00e8re.<br \/>\nVous pourrez m\u00eame r\u00e9aliser la tra\u00e7abilit\u00e9 de vos produits avec le module \u00ab Gestion des lots \u00bb.<\/p>\n<p style=\"text-align: left; margin: 0 0 4px 0; ; margin-bottom: 15px;\">Met MEGA-WIN kunnen statistieken met betrekking tot de omzet per klant, per artikel en per periode worden bekeken.<\/p>\n<p style=\"text-align: left; margin: 0 0 4px 0; ; margin-bottom: 15px;\">Dankzij het dashboard en de vele rapporten, kunt u de financi\u00eble situatie van uw bedrijf opvolgen.<br \/>\n<\/p>\n<p style=\"text-align: left; margin: 0 0 4px 0; ; margin-bottom: 15px;\">MEGA-WIN is een eenvoudige en effectieve tool die u helpt uw bedrijf te beheren.<br \/>\nVous gagnerez donc du temps que vous pourrez consacrer au d\u00e9veloppement de vos affaires.<\/p>\n<\/div>\n<p>[\/vc_column_text][vc_column_text]<\/p>\n<div style=\"display: flex; align-items: center; border: 2px solid #9d3d9e; border-radius: 18px; padding: 15px; max-width: 650px; background: #ffffff; color: #000000; font-size: 15px; line-height: 1.4;\">\n<div style=\"flex: 1 1 0%; text-align: center;\"><!-- Texte gauche --><img decoding=\"async\" class=\"aligncenter\" src=\"https:\/\/megawin.be\/wp-content\/uploads\/2025\/11\/megawinapplogo.png\" \/>Elle permet de commander vos produits avec votre GSM,<br \/>\nde n&rsquo;importe o\u00f9. Notre logiciel est fait pour le B2B.<br \/>\nMEGA-WIN APP est tr\u00e8s facile \u00e0 utiliser&#8230;<\/div>\n<p><!-- Zone image droite --><\/p>\n<div style=\"width: 130px; height: 90px; margin-left: 15px; border-radius: 12px; border: 0px dashed #bfbfbf; display: flex; align-items: center; justify-content: center; font-size: 11px; color: #888888;\"><img decoding=\"async\" style=\"border-radius: 15px;\" src=\"https:\/\/megawin.be\/wp-content\/uploads\/2023\/10\/app-icon2-512.png\" width=\"70\" \/><\/div>\n<\/div>\n<p>[\/vc_column_text][vc_column_text]<\/p>\n<div style=\"color: #000000; line-height: 1.3; font-size: 15px;\">\n<p style=\"text-align: left; margin: 0 0 4px 0; margin-bottom: 15px;\">MEGA-Win Mobile (la version nomade pour les tablettes et notebooks) peut servir \u00e0 prendre des commandes<br \/>\nchez vos clients puis \u00e0 les transf\u00e9rer au Mega-win du bureau central.<\/p>\n<p style=\"text-align: left; margin: 0 0 4px 0; ; margin-bottom: 15px;\">Er bestaan talrijke modules zodat het programma volledig modulair kan worden opgebouwd.<\/p>\n<p style=\"text-align: left; margin: 0 0 4px 0; ; margin-bottom: 15px;\">Gr\u00e2ce \u00e0 la version r\u00e9seau, vous pouvez travailler ensemble jusqu\u2019\u00e0 20 utilisateurs<br \/>\nwaarbij er verschillende rechten kunnen worden toegewezen aan elke gebruiker.<\/p>\n<p style=\"text-align: left; margin: 0; ; margin-bottom: 15px;\">U kunt het barcodesysteem gebruiken bij de verkoop en de ontvangst van goederen.<\/p>\n<\/div>\n<p>[\/vc_column_text][\/vc_column][vc_column width=\u00a0\u00bb1\/3&Prime; css=\u00a0\u00bb.vc_custom_1756716054202{margin-top: 40px !important;}\u00a0\u00bb][vc_column_text css=\u00a0\u00bb.vc_custom_1762779519732{margin-top: -10px !important;}\u00a0\u00bb]<\/p>\n<p style=\"text-align: center; color: red; font-size: 16px;\"><u>Supply chain management<\/u> :<br \/>\nMEGA-WIN beheert de volledige distributieketen<br \/>\nvan uw groothandel<\/p>\n<p>[\/vc_column_text][vc_single_image image=\u00a0\u00bb565&Prime; img_size=\u00a0\u00bblarge\u00a0\u00bb alignment=\u00a0\u00bbcenter\u00a0\u00bb css=\u00a0\u00bb.vc_custom_1762779488570{margin-top: -20px !important;}\u00a0\u00bb][vc_column_text css=\u00a0\u00bb.vc_custom_1763394279488{margin-top: -50px !important;}\u00a0\u00bb]<\/p>\n<div style=\"border: 2px solid #2b4b80; border-radius: 18px; padding: 8px; background: #ffffff; color: #2b4b80; font-size: 14px; text-align: center; line-height: 1.15;\">\n  <strong>On peut vous permettre un retour<br \/>\nsur investissement rapide<\/strong><br \/>\n<strong>gr\u00e2ce \u00e0 nos syst\u00e8mes informatiques<br \/>\nefficaces et abordables.<\/strong><\/div>\n<p>[\/vc_column_text][vc_column_text css=\u00a0\u00bb.vc_custom_1763394342708{margin-top: -40px !important;}\u00a0\u00bb]<\/p>\n<p style=\"text-align: center;\"><div style=\"color:#000000; margin-left:20px; font-size:14px; line-height:16px\"><center>\n\n\tDeze software wordt in Europa gedistribueerd door:<br>\n\t<a href=\"https:\/\/mega-tech.be\/nl\/\" target=\"_blank\"  style=\"text-decoration:underline\" >MEGA-TECH informatique SRL<\/a><br>\n\twie is de enige offici\u00eble dealer\n\t\n<\/center>\n<\/div>\n<p>[\/vc_column_text][\/vc_column][\/vc_row]<\/p>","protected":false},"excerpt":{"rendered":"<p>[vc_row full_width=\u00a0\u00bbstretch_row_content\u00a0\u00bb][vc_column css=\u00a0\u00bb.vc_custom_1764756737160{margin-top: 0px !important;margin-right: 0px !important;margin-bottom: 0px !important;margin-left: 0px !important;}\u00a0\u00bb][vc_column_text css=\u00a0\u00bb.vc_custom_1764756703271{margin-top: 0px !important;margin-right: 0px !important;margin-bottom: 0px !important;margin-left: 0px !important;background-image: url(https:\/\/megawin.be\/wp-content\/uploads\/2025\/10\/Bannier-Peppol-Megawin-1.png?id=1669) !important;}\u00a0\u00bb][\/vc_column_text][\/vc_column][\/vc_row][vc_row full_width=\u00a0\u00bbstretch_row_content\u00a0\u00bb css=\u00a0\u00bb.vc_custom_1764587164047{margin-bottom: -60px !important;}\u00a0\u00bb][vc_column<span class=\"excerpt-hellip\"> [\u2026]<\/span><\/p>","protected":false},"author":1,"featured_media":0,"parent":0,"menu_order":0,"comment_status":"closed","ping_status":"open","template":"","meta":{"footnotes":""},"class_list":["post-92","page","type-page","status-publish","hentry"],"_links":{"self":[{"href":"https:\/\/megawin.be\/nl\/wp-json\/wp\/v2\/pages\/92","targetHints":{"allow":["GET"]}}],"collection":[{"href":"https:\/\/megawin.be\/nl\/wp-json\/wp\/v2\/pages"}],"about":[{"href":"https:\/\/megawin.be\/nl\/wp-json\/wp\/v2\/types\/page"}],"author":[{"embeddable":true,"href":"https:\/\/megawin.be\/nl\/wp-json\/wp\/v2\/users\/1"}],"replies":[{"embeddable":true,"href":"https:\/\/megawin.be\/nl\/wp-json\/wp\/v2\/comments?post=92"}],"version-history":[{"count":187,"href":"https:\/\/megawin.be\/nl\/wp-json\/wp\/v2\/pages\/92\/revisions"}],"predecessor-version":[{"id":1857,"href":"https:\/\/megawin.be\/nl\/wp-json\/wp\/v2\/pages\/92\/revisions\/1857"}],"wp:attachment":[{"href":"https:\/\/megawin.be\/nl\/wp-json\/wp\/v2\/media?parent=92"}],"curies":[{"name":"wp","href":"https:\/\/api.w.org\/{rel}","templated":true}]}}